{"id":86687,"date":"2025-06-30T09:52:40","date_gmt":"2025-06-30T07:52:40","guid":{"rendered":"https:\/\/subblim.com\/?post_type=product&#038;p=86687"},"modified":"2025-06-30T09:54:05","modified_gmt":"2025-06-30T07:54:05","slug":"capa-protetora-para-tablet-para-ipad-109-11-10a-e-11a-geracao-preta-copia","status":"publish","type":"product","link":"https:\/\/subblim.com\/pt-pt\/capa-protetora-para-tablet-para-ipad-109-11-10a-e-11a-geracao-preta-copia\/","title":{"rendered":"Capa protetora para tablet para iPad 10,9&#8243;\/11&#8243; 10\u00aa e 11\u00aa gera\u00e7\u00e3o, preta (copia)"},"content":{"rendered":"<p>Proteja seu novo iPad 10.9&#8243;\/11&#8243; 10\u00aa Gera\u00e7\u00e3o\/11\u00aa Gera\u00e7\u00e3o com a leve Shock Case.<br \/> A capa traseira desta exclusiva capa para iPad 10.9&#8243;\/11&#8243; 10\u00aa Gera\u00e7\u00e3o\/11\u00aa Gera\u00e7\u00e3o \u00e9 feita de policarbonato dur\u00e1vel, ent\u00e3o voc\u00ea n\u00e3o precisa se preocupar com danos, pois as bordas refor\u00e7adas protegem contra quedas.<br \/> Ela oferece f\u00e1cil instala\u00e7\u00e3o com um simples clipe.<br \/> Ela tem diferentes \u00e2ngulos de vis\u00e3o para que voc\u00ea possa assistir a v\u00eddeos ou digitar.<br \/> Todas as fun\u00e7\u00f5es do Tablet s\u00e3o acess\u00edveis com a capa colocada, e h\u00e1 uma abertura para c\u00e2mera que permite tirar fotos e gravar v\u00eddeos.<br \/> Esta capa de uma pe\u00e7a se ajusta ao seu novo iPad 10.9&#8243;\/11&#8243; 10\u00aa Gera\u00e7\u00e3o\/11\u00aa Gera\u00e7\u00e3o como uma luva.<br \/> Ela oferece uma forma ideal de prote\u00e7\u00e3o onde quer que voc\u00ea v\u00e1.<\/p>\n<ul>\n<li>Capa exclusiva para o iPad 10.9&#8243;\/11&#8243; 10\u00aa Gera\u00e7\u00e3o Gen\/11\u00aa Gera\u00e7\u00e3o.<\/li>\n<li>Material externo dur\u00e1vel com acabamento em tecido.<\/li>\n<li>Bordas refor\u00e7adas para proteger contra quedas acidentais.<\/li>\n<li>Capa traseira r\u00edgida e dur\u00e1vel de alta qualidade.<\/li>\n<li>Design ultraleve e ultrafino.<br \/>Interior em veludo para evitar arranh\u00f5es.<\/li>\n<li>Abertura para c\u00e2mera na parte traseira.<\/li>\n<li>F\u00e1cil acesso aos bot\u00f5es de controle e \u00e0 porta de carregamento USB.<\/li>\n<li>Suporte de visualiza\u00e7\u00e3o com duas posi\u00e7\u00f5es.<\/li>\n<li>Espa\u00e7o integrado para transportar o Apple Pencil.<\/li>\n<li>O sistema de fechamento \u00e9 magn\u00e9tico, facilitando o transporte com seguran\u00e7a.<\/li>\n<\/ul>\n","protected":false},"excerpt":{"rendered":"<p>Uma capa leve para o iPad de 10,9&#8243;\/11&#8243; da 10\u00aa gera\u00e7\u00e3o\/11\u00aa gera\u00e7\u00e3o para proteger seu novo iPad o tempo todo. Apaixone-se pelo design moderno e elegante no formato Full SmartCover.<\/p>\n","protected":false},"featured_media":81095,"template":"","meta":[],"product_brand":[],"product_cat":[386,380,352,412,510],"product_tag":[3232],"class_list":{"0":"post-86687","1":"product","2":"type-product","3":"status-publish","4":"has-post-thumbnail","6":"product_cat-accesorios-tablet","7":"product_cat-fundas-tablet-exclusivas","8":"product_cat-funda-ipad","9":"product_cat-fundas-tablet","10":"product_cat-fundas-shock-case","11":"product_tag-black-friday","13":"first","14":"outofstock","15":"taxable","16":"shipping-taxable","17":"purchasable","18":"product-type-simple"},"_links":{"self":[{"href":"https:\/\/subblim.com\/pt-pt\/wp-json\/wp\/v2\/product\/86687","targetHints":{"allow":["GET"]}}],"collection":[{"href":"https:\/\/subblim.com\/pt-pt\/wp-json\/wp\/v2\/product"}],"about":[{"href":"https:\/\/subblim.com\/pt-pt\/wp-json\/wp\/v2\/types\/product"}],"version-history":[{"count":0,"href":"https:\/\/subblim.com\/pt-pt\/wp-json\/wp\/v2\/product\/86687\/revisions"}],"wp:featuredmedia":[{"embeddable":true,"href":"https:\/\/subblim.com\/pt-pt\/wp-json\/wp\/v2\/media\/81095"}],"wp:attachment":[{"href":"https:\/\/subblim.com\/pt-pt\/wp-json\/wp\/v2\/media?parent=86687"}],"wp:term":[{"taxonomy":"product_brand","embeddable":true,"href":"https:\/\/subblim.com\/pt-pt\/wp-json\/wp\/v2\/product_brand?post=86687"},{"taxonomy":"product_cat","embeddable":true,"href":"https:\/\/subblim.com\/pt-pt\/wp-json\/wp\/v2\/product_cat?post=86687"},{"taxonomy":"product_tag","embeddable":true,"href":"https:\/\/subblim.com\/pt-pt\/wp-json\/wp\/v2\/product_tag?post=86687"}],"curies":[{"name":"wp","href":"https:\/\/api.w.org\/{rel}","templated":true}]}}