{"id":82882,"date":"2025-05-22T12:26:46","date_gmt":"2025-05-22T10:26:46","guid":{"rendered":"https:\/\/subblim.com\/?post_type=product&#038;p=82882"},"modified":"2025-08-07T11:31:52","modified_gmt":"2025-08-07T09:31:52","slug":"keytab-pro-bt-lenovo-tab-2025","status":"publish","type":"product","link":"https:\/\/subblim.com\/pt-pt\/keytab-pro-bt-lenovo-tab-2025\/","title":{"rendered":"Keytab Pro BT Lenovo Tab 2025"},"content":{"rendered":"","protected":false},"excerpt":{"rendered":"<p> Alta prote\u00e7\u00e3o e espa\u00e7o m\u00ednimo gra\u00e7as ao design ultrafino deste case com teclado Bluetooth exclusivo para o Lenovo Tab M11 Tablet.<\/p>\n","protected":false},"featured_media":88105,"template":"","meta":[],"product_brand":[],"product_cat":[1941,2064,2063,1943,1942,2065,2067],"product_tag":[2068],"class_list":{"0":"post-82882","1":"product","2":"type-product","3":"status-publish","4":"has-post-thumbnail","6":"product_cat-acessorios-tablet","7":"product_cat-capas-com-teclado-bluetooth-para-tablet-pt-pt","8":"product_cat-capas-com-teclado-para-tablet-pt-pt","9":"product_cat-capas-exclusivas-para-tablet-pt-pt","10":"product_cat-capas-para-tablet-pt-pt","11":"product_cat-capas-para-tablet-lenovo-com-teclado","12":"product_cat-capas-para-tablets-lenovo","13":"product_tag-con-teclado-extraible-pt-pt","15":"first","16":"instock","17":"featured","18":"taxable","19":"shipping-taxable","20":"purchasable","21":"product-type-simple"},"_links":{"self":[{"href":"https:\/\/subblim.com\/pt-pt\/wp-json\/wp\/v2\/product\/82882","targetHints":{"allow":["GET"]}}],"collection":[{"href":"https:\/\/subblim.com\/pt-pt\/wp-json\/wp\/v2\/product"}],"about":[{"href":"https:\/\/subblim.com\/pt-pt\/wp-json\/wp\/v2\/types\/product"}],"version-history":[{"count":1,"href":"https:\/\/subblim.com\/pt-pt\/wp-json\/wp\/v2\/product\/82882\/revisions"}],"predecessor-version":[{"id":88128,"href":"https:\/\/subblim.com\/pt-pt\/wp-json\/wp\/v2\/product\/82882\/revisions\/88128"}],"wp:featuredmedia":[{"embeddable":true,"href":"https:\/\/subblim.com\/pt-pt\/wp-json\/wp\/v2\/media\/88105"}],"wp:attachment":[{"href":"https:\/\/subblim.com\/pt-pt\/wp-json\/wp\/v2\/media?parent=82882"}],"wp:term":[{"taxonomy":"product_brand","embeddable":true,"href":"https:\/\/subblim.com\/pt-pt\/wp-json\/wp\/v2\/product_brand?post=82882"},{"taxonomy":"product_cat","embeddable":true,"href":"https:\/\/subblim.com\/pt-pt\/wp-json\/wp\/v2\/product_cat?post=82882"},{"taxonomy":"product_tag","embeddable":true,"href":"https:\/\/subblim.com\/pt-pt\/wp-json\/wp\/v2\/product_tag?post=82882"}],"curies":[{"name":"wp","href":"https:\/\/api.w.org\/{rel}","templated":true}]}}