{"id":82055,"date":"2022-10-25T14:37:37","date_gmt":"2022-10-25T12:37:37","guid":{"rendered":"https:\/\/subblim.com\/mochila-portatil-elite-airpadding-backpack-156-grey\/"},"modified":"2025-06-12T12:24:25","modified_gmt":"2025-06-12T10:24:25","slug":"mochila-para-laptop-elite-airpadding-mochila-156-cinza","status":"publish","type":"product","link":"https:\/\/subblim.com\/pt-pt\/mochila-para-laptop-elite-airpadding-mochila-156-cinza\/","title":{"rendered":"Mochila para laptop Elite Airpadding Backpack 15,6&#8243; cinza"},"content":{"rendered":"<p>A mochila Elite Airpadding \u00e9 uma mochila exclusiva, moderna e elegante.<\/p>\n<ul>\n<li>Mochila para laptops de at\u00e9 15,6\u201d.<\/li>\n<li>Amplo compartimento com espa\u00e7o acolchoado para laptop com sistema AIR PADDING, alta prote\u00e7\u00e3o e z\u00edper duplo.<br \/> Outro compartimento permitir\u00e1 transportar e organizar todos os seus acess\u00f3rios ou pertences pessoais.<\/li>\n<li>Dois bolsos frontais com z\u00edper para acess\u00f3rios e documentos.<\/li>\n<li>Acabamento externo feito com materiais resistentes que repelem a \u00e1gua.<\/li>\n<li>Al\u00e7as de ombro ergon\u00f4micas e acolchoadas, ajust\u00e1veis com al\u00e7a ajust\u00e1vel.<\/li>\n<li>Al\u00e7a superior met\u00e1lica para transporte confort\u00e1vel e um toque de design moderno.<\/li>\n<li>Partes traseiras refor\u00e7adas para maior conforto.<\/li>\n<li>Sistema de al\u00e7a de carrinho integrado.<\/li>\n<li>Porta USB para carregar dispositivos.<\/li>\n<li>Medidas 42x31x10cm.<\/li>\n<\/ul>\n","protected":false},"excerpt":{"rendered":"<p> mochila SUBBLIM Elite Airpadded oferece um visual urbano e elegante com um design minimalista: o formato quadrado, os detalhes em z\u00edper e a al\u00e7a de metal a tornam muito moderna e ideal para a vida na cidade.<\/p>\n","protected":false},"featured_media":77311,"template":"","meta":[],"product_brand":[],"product_cat":[1843,2254,2846,2253],"product_tag":[3235],"class_list":{"0":"post-82055","1":"product","2":"type-product","3":"status-publish","4":"has-post-thumbnail","6":"product_cat-bolsas-e-capas-pt-pt","7":"product_cat-mochilas-pt-pt","8":"product_cat-mochilas-air-padding-pt-pt","9":"product_cat-mochilas-para-portateis-de-15-6","10":"product_tag-black-friday-pt-pt","12":"first","13":"outofstock","14":"taxable","15":"shipping-taxable","16":"purchasable","17":"product-type-simple"},"_links":{"self":[{"href":"https:\/\/subblim.com\/pt-pt\/wp-json\/wp\/v2\/product\/82055","targetHints":{"allow":["GET"]}}],"collection":[{"href":"https:\/\/subblim.com\/pt-pt\/wp-json\/wp\/v2\/product"}],"about":[{"href":"https:\/\/subblim.com\/pt-pt\/wp-json\/wp\/v2\/types\/product"}],"version-history":[{"count":0,"href":"https:\/\/subblim.com\/pt-pt\/wp-json\/wp\/v2\/product\/82055\/revisions"}],"wp:featuredmedia":[{"embeddable":true,"href":"https:\/\/subblim.com\/pt-pt\/wp-json\/wp\/v2\/media\/77311"}],"wp:attachment":[{"href":"https:\/\/subblim.com\/pt-pt\/wp-json\/wp\/v2\/media?parent=82055"}],"wp:term":[{"taxonomy":"product_brand","embeddable":true,"href":"https:\/\/subblim.com\/pt-pt\/wp-json\/wp\/v2\/product_brand?post=82055"},{"taxonomy":"product_cat","embeddable":true,"href":"https:\/\/subblim.com\/pt-pt\/wp-json\/wp\/v2\/product_cat?post=82055"},{"taxonomy":"product_tag","embeddable":true,"href":"https:\/\/subblim.com\/pt-pt\/wp-json\/wp\/v2\/product_tag?post=82055"}],"curies":[{"name":"wp","href":"https:\/\/api.w.org\/{rel}","templated":true}]}}