{"id":82052,"date":"2022-10-25T14:37:37","date_gmt":"2022-10-25T12:37:37","guid":{"rendered":"https:\/\/subblim.com\/mochila-de-negocios-business-v2-ap-backpack-16-black\/"},"modified":"2026-02-01T02:15:04","modified_gmt":"2026-02-01T01:15:04","slug":"mochila-business-business-v2-ap-mochila-16-preta","status":"publish","type":"product","link":"https:\/\/subblim.com\/pt-pt\/mochila-business-business-v2-ap-mochila-16-preta\/","title":{"rendered":"Mochila Empresarial V2 Ap Mochila 16&#8243; Preta"},"content":{"rendered":"<p>Mochila da linha Air Padding especialmente desenhada para o mundo do trabalho e dos neg\u00f3cios e para escapadas e viagens como bagagem de m\u00e3o.<br \/> Gra\u00e7as \u00e0 sua alta qualidade e conforto, torna-se o seu melhor aliado de mobilidade para levar consigo para qualquer lugar.<br \/> Disp\u00f5e de diferentes compartimentos e bolsos para transportar todos os seus acess\u00f3rios, documentos ou objetos pessoais. Feito com materiais dur\u00e1veis e repelentes \u00e0 \u00e1gua, possui uma porta de carregamento USB externa para que voc\u00ea possa carregar seus dispositivos.<\/p>\n<ul>\n<li>Carregue e proteja seu computador de at\u00e9 15,6\u201d.<\/li>\n<li>Compartimento separado com espa\u00e7o acolchoado para seu laptop com sistema AIR PADDING de alta prote\u00e7\u00e3o e fechamento com z\u00edper duplo.<br \/> Outro compartimento permite transportar e organizar todos os seus acess\u00f3rios ou pertences pessoais, com um bolso para garrafas, documentos, canetas&#8230;<\/li>\n<li>Dois bolsos com z\u00edper na frente para acess\u00f3rios.<\/li>\n<li>Al\u00e7as de ombro ergon\u00f4micas e acolchoadas, ajust\u00e1veis com uma al\u00e7a ajust\u00e1vel.<\/li>\n<li>Al\u00e7a superior acolchoada para transporte confort\u00e1vel.<\/li>\n<li>Parte traseira refor\u00e7ada com malha de ventila\u00e7\u00e3o para maior conforto e para evitar suor.<\/li>\n<li>Sistema de al\u00e7a de carrinho integrado.<\/li>\n<li>Porta USB para carregar dispositivos.<\/li>\n<li>Medidas 41\u00d729,5x13cm.<\/li>\n<\/ul>\n","protected":false},"excerpt":{"rendered":"<p>Mochila especialmente projetada para o ambiente de trabalho e os neg\u00f3cios. Gra\u00e7as \u00e0 sua alta qualidade e conforto, ela se torna sua melhor aliada de mobilidade para levar para qualquer lugar. Faz parte da linha exclusiva Air Padding.<\/p>\n","protected":false},"featured_media":77262,"template":"","meta":[],"product_brand":[],"product_cat":[1843,1964,2254,2846,2260],"product_tag":[],"class_list":{"0":"post-82052","1":"product","2":"type-product","3":"status-publish","4":"has-post-thumbnail","6":"product_cat-bolsas-e-capas-pt-pt","7":"product_cat-menos-30-pt-pt","8":"product_cat-mochilas-pt-pt","9":"product_cat-mochilas-air-padding-pt-pt","10":"product_cat-mochilas-para-portateis-ate-16-pt-pt","12":"first","13":"outofstock","14":"sale","15":"taxable","16":"shipping-taxable","17":"purchasable","18":"product-type-simple"},"_links":{"self":[{"href":"https:\/\/subblim.com\/pt-pt\/wp-json\/wp\/v2\/product\/82052","targetHints":{"allow":["GET"]}}],"collection":[{"href":"https:\/\/subblim.com\/pt-pt\/wp-json\/wp\/v2\/product"}],"about":[{"href":"https:\/\/subblim.com\/pt-pt\/wp-json\/wp\/v2\/types\/product"}],"version-history":[{"count":0,"href":"https:\/\/subblim.com\/pt-pt\/wp-json\/wp\/v2\/product\/82052\/revisions"}],"wp:featuredmedia":[{"embeddable":true,"href":"https:\/\/subblim.com\/pt-pt\/wp-json\/wp\/v2\/media\/77262"}],"wp:attachment":[{"href":"https:\/\/subblim.com\/pt-pt\/wp-json\/wp\/v2\/media?parent=82052"}],"wp:term":[{"taxonomy":"product_brand","embeddable":true,"href":"https:\/\/subblim.com\/pt-pt\/wp-json\/wp\/v2\/product_brand?post=82052"},{"taxonomy":"product_cat","embeddable":true,"href":"https:\/\/subblim.com\/pt-pt\/wp-json\/wp\/v2\/product_cat?post=82052"},{"taxonomy":"product_tag","embeddable":true,"href":"https:\/\/subblim.com\/pt-pt\/wp-json\/wp\/v2\/product_tag?post=82052"}],"curies":[{"name":"wp","href":"https:\/\/api.w.org\/{rel}","templated":true}]}}