{"id":82049,"date":"2022-10-25T14:40:20","date_gmt":"2022-10-25T12:40:20","guid":{"rendered":"https:\/\/subblim.com\/maletin-ordenador-elite-laptop-bag-156-grey\/"},"modified":"2026-02-01T02:15:09","modified_gmt":"2026-02-01T01:15:09","slug":"pasta-computador-elite-bolsa-para-laptop-156-cinza","status":"publish","type":"product","link":"https:\/\/subblim.com\/pt-pt\/pasta-computador-elite-bolsa-para-laptop-156-cinza\/","title":{"rendered":"Maleta Elite Cinza 15,6&#8243;"},"content":{"rendered":"<p>A linha Elite da SUBBLIM oferece excelente prote\u00e7\u00e3o, feita de poli\u00e9ster Oxford. Al\u00e9m de dur\u00e1vel e pr\u00e1tica, \u00e9 altamente resistente \u00e0s intemp\u00e9ries e repelente a l\u00edquidos. <br \/>Os itens essenciais do dia a dia s\u00e3o facilmente organizados e acess\u00f3rios como carregadores, cabos, canetas e muito mais s\u00e3o acess\u00edveis no compartimento frontal. <br \/>Seu laptop permanecer\u00e1 protegido no compartimento acolchoado dedicado, que tamb\u00e9m acomoda outros pertences, como documentos ou pastas. <br \/>Extremamente confort\u00e1vel de transportar gra\u00e7as \u00e0s suas al\u00e7as resistentes, uma al\u00e7a de ombro protegida e uma al\u00e7a traseira que pode ser adaptada ao seu carrinho.<\/p>\n<ul>\n<li>Pasta elegante para laptops de at\u00e9 15,6\u201d.<\/li>\n<li>Feita de poli\u00e9ster Oxford dur\u00e1vel.<\/li>\n<li>Combina\u00e7\u00e3o de detalhes em couro sint\u00e9tico.<\/li>\n<li>Repelente de l\u00edquidos.<\/li>\n<li>Interior acolchoado e refor\u00e7ado.<\/li>\n<li>Z\u00edper duplo no bolso principal.<\/li>\n<li>Dois compartimentos separados no interior.<\/li>\n<li>Bolso externo de grande capacidade para documentos, canetas, acess\u00f3rios, etc.<\/li>\n<li>Al\u00e7a de ombro.<\/li>\n<li>Al\u00e7as e fivelas resistentes para transporte seguro.<\/li>\n<li>Al\u00e7a traseira que pode ser ajustada ao seu carrinho.<\/li>\n<\/ul>\n","protected":false},"excerpt":{"rendered":"<p> linha Elite da SUBBLIM oferece excelente prote\u00e7\u00e3o para seu laptop de at\u00e9 15,6 polegadas e proporciona excelente organiza\u00e7\u00e3o para seus documentos e acess\u00f3rios em seus compartimentos. Al\u00e9m de dur\u00e1vel e pr\u00e1tica, \u00e9 altamente resistente a intemp\u00e9ries e repelente a l\u00edquidos.<\/p>\n","protected":false},"featured_media":77436,"template":"","meta":[],"product_brand":[],"product_cat":[1843,1841,1844,1842],"product_tag":[3235],"class_list":{"0":"post-82049","1":"product","2":"type-product","3":"status-publish","4":"has-post-thumbnail","6":"product_cat-bolsas-e-capas-pt-pt","7":"product_cat-maletas-para-portateis-de-15-6-pt-pt","8":"product_cat-maletas-para-portatil-pt-pt","9":"product_cat-menos-20-pt-pt","10":"product_tag-black-friday-pt-pt","12":"first","13":"instock","14":"sale","15":"taxable","16":"shipping-taxable","17":"purchasable","18":"product-type-simple"},"_links":{"self":[{"href":"https:\/\/subblim.com\/pt-pt\/wp-json\/wp\/v2\/product\/82049","targetHints":{"allow":["GET"]}}],"collection":[{"href":"https:\/\/subblim.com\/pt-pt\/wp-json\/wp\/v2\/product"}],"about":[{"href":"https:\/\/subblim.com\/pt-pt\/wp-json\/wp\/v2\/types\/product"}],"version-history":[{"count":0,"href":"https:\/\/subblim.com\/pt-pt\/wp-json\/wp\/v2\/product\/82049\/revisions"}],"wp:featuredmedia":[{"embeddable":true,"href":"https:\/\/subblim.com\/pt-pt\/wp-json\/wp\/v2\/media\/77436"}],"wp:attachment":[{"href":"https:\/\/subblim.com\/pt-pt\/wp-json\/wp\/v2\/media?parent=82049"}],"wp:term":[{"taxonomy":"product_brand","embeddable":true,"href":"https:\/\/subblim.com\/pt-pt\/wp-json\/wp\/v2\/product_brand?post=82049"},{"taxonomy":"product_cat","embeddable":true,"href":"https:\/\/subblim.com\/pt-pt\/wp-json\/wp\/v2\/product_cat?post=82049"},{"taxonomy":"product_tag","embeddable":true,"href":"https:\/\/subblim.com\/pt-pt\/wp-json\/wp\/v2\/product_tag?post=82049"}],"curies":[{"name":"wp","href":"https:\/\/api.w.org\/{rel}","templated":true}]}}