{"id":82040,"date":"2022-10-25T16:25:32","date_gmt":"2022-10-25T14:25:32","guid":{"rendered":"https:\/\/subblim.com\/trolley-bp-4wheels-advance-xl-19-black\/"},"modified":"2025-06-12T12:24:25","modified_gmt":"2025-06-12T10:24:25","slug":"carrinho-bp-4rodas-advance-xl-19-preto","status":"publish","type":"product","link":"https:\/\/subblim.com\/pt-pt\/carrinho-bp-4rodas-advance-xl-19-preto\/","title":{"rendered":"Carrinho Bp 4 Rodas Advance XL 19&#8243; Preto"},"content":{"rendered":"<p>Mala tipo carrinho de 19&#8243; de alta capacidade para laptops de 13,3&#8243; a 17&#8243;. Possui 4 rodinhas cobertas para transporte nas costas. Compartimento totalmente acolchoado para manter seu laptop seguro e protegido. 5 bolsos internos para seus itens essenciais e al\u00e7as acolchoadas resistentes e ajust\u00e1veis. Al\u00e7a telesc\u00f3pica retr\u00e1til com z\u00edper e bolso dedicado para quando n\u00e3o estiver em uso.<\/p>\n<p><b>EAN:<\/b> 8436586740559<\/p>\n","protected":false},"excerpt":{"rendered":"<p>\u2022 Quatro rodas. \u2022 Tamanho: 49 * 32,5 * 21 (cm). \u2022 Al\u00e7a telesc\u00f3pica retr\u00e1til com bolso pr\u00f3prio com z\u00edper para quando n\u00e3o estiver em uso. \u2022 Material externo: Nylon resistente. \u2022 Compartimento acolchoado para laptop de 13,3&#8243; a 17&#8243; com fecho de velcro. \u2022 Bolsos internos para itens essenciais. \u2022 Al\u00e7as ajust\u00e1veis e refor\u00e7adas e parte traseira em malha respir\u00e1vel. \u2022 V\u00e1lido como bagagem de m\u00e3o em voos.<\/p>\n","protected":false},"featured_media":77222,"template":"","meta":[],"product_brand":[],"product_cat":[385,241],"product_tag":[],"class_list":{"0":"post-82040","1":"product","2":"type-product","3":"status-publish","4":"has-post-thumbnail","6":"product_cat-bolsas","7":"product_cat-trolley","9":"first","10":"outofstock","11":"taxable","12":"shipping-taxable","13":"purchasable","14":"product-type-simple"},"_links":{"self":[{"href":"https:\/\/subblim.com\/pt-pt\/wp-json\/wp\/v2\/product\/82040","targetHints":{"allow":["GET"]}}],"collection":[{"href":"https:\/\/subblim.com\/pt-pt\/wp-json\/wp\/v2\/product"}],"about":[{"href":"https:\/\/subblim.com\/pt-pt\/wp-json\/wp\/v2\/types\/product"}],"version-history":[{"count":0,"href":"https:\/\/subblim.com\/pt-pt\/wp-json\/wp\/v2\/product\/82040\/revisions"}],"wp:featuredmedia":[{"embeddable":true,"href":"https:\/\/subblim.com\/pt-pt\/wp-json\/wp\/v2\/media\/77222"}],"wp:attachment":[{"href":"https:\/\/subblim.com\/pt-pt\/wp-json\/wp\/v2\/media?parent=82040"}],"wp:term":[{"taxonomy":"product_brand","embeddable":true,"href":"https:\/\/subblim.com\/pt-pt\/wp-json\/wp\/v2\/product_brand?post=82040"},{"taxonomy":"product_cat","embeddable":true,"href":"https:\/\/subblim.com\/pt-pt\/wp-json\/wp\/v2\/product_cat?post=82040"},{"taxonomy":"product_tag","embeddable":true,"href":"https:\/\/subblim.com\/pt-pt\/wp-json\/wp\/v2\/product_tag?post=82040"}],"curies":[{"name":"wp","href":"https:\/\/api.w.org\/{rel}","templated":true}]}}