{"id":82037,"date":"2022-10-25T16:25:32","date_gmt":"2022-10-25T14:25:32","guid":{"rendered":"https:\/\/subblim.com\/trolley-mochila-2-ruedas-city-19-black\/"},"modified":"2025-06-12T12:24:01","modified_gmt":"2025-06-12T10:24:01","slug":"carrinho-mochila-2-rodas-cidade-19-preto","status":"publish","type":"product","link":"https:\/\/subblim.com\/pt-pt\/carrinho-mochila-2-rodas-cidade-19-preto\/","title":{"rendered":"Carrinho Bp 2Wheels City 19&#8243; Preto"},"content":{"rendered":"<p>Mala tipo carrinho de 19&#8243; de alta capacidade para laptops de 13,3&#8243; a 17&#8243;. Possui 2 rodas revestidas para transporte nas costas e dois pinos para proteger a base da mala. Compartimento totalmente acolchoado para manter seu laptop seguro e protegido. Bolsos internos para seus itens essenciais. Material leve e confort\u00e1vel com al\u00e7as de ombro acolchoadas, dur\u00e1veis e ajust\u00e1veis. Al\u00e7a telesc\u00f3pica retr\u00e1til para uso ambidestro.<\/p>\n<p><b>EAN:<\/b> 8436586740542<\/p>\n","protected":false},"excerpt":{"rendered":"<p> \u2022 Duas rodas. \u2022 Tamanho: 49 * 32,5 * 21 (CM). \u2022 Al\u00e7a telesc\u00f3pica retr\u00e1til adequada para usu\u00e1rios destros e canhotos. \u2022 Material externo: Nylon resistente. \u2022 Compartimento acolchoado para laptop de 13,3&#8243; a 17&#8243; com fecho de velcro. \u2022 5 bolsos internos para itens essenciais. \u2022 Al\u00e7as ajust\u00e1veis e refor\u00e7adas. \u2022 V\u00e1lido como bagagem de m\u00e3o em voos.<\/p>\n","protected":false},"featured_media":77204,"template":"","meta":[],"product_brand":[],"product_cat":[385,241],"product_tag":[],"class_list":{"0":"post-82037","1":"product","2":"type-product","3":"status-publish","4":"has-post-thumbnail","6":"product_cat-bolsas","7":"product_cat-trolley","9":"first","10":"outofstock","11":"taxable","12":"shipping-taxable","13":"purchasable","14":"product-type-simple"},"_links":{"self":[{"href":"https:\/\/subblim.com\/pt-pt\/wp-json\/wp\/v2\/product\/82037","targetHints":{"allow":["GET"]}}],"collection":[{"href":"https:\/\/subblim.com\/pt-pt\/wp-json\/wp\/v2\/product"}],"about":[{"href":"https:\/\/subblim.com\/pt-pt\/wp-json\/wp\/v2\/types\/product"}],"version-history":[{"count":0,"href":"https:\/\/subblim.com\/pt-pt\/wp-json\/wp\/v2\/product\/82037\/revisions"}],"wp:featuredmedia":[{"embeddable":true,"href":"https:\/\/subblim.com\/pt-pt\/wp-json\/wp\/v2\/media\/77204"}],"wp:attachment":[{"href":"https:\/\/subblim.com\/pt-pt\/wp-json\/wp\/v2\/media?parent=82037"}],"wp:term":[{"taxonomy":"product_brand","embeddable":true,"href":"https:\/\/subblim.com\/pt-pt\/wp-json\/wp\/v2\/product_brand?post=82037"},{"taxonomy":"product_cat","embeddable":true,"href":"https:\/\/subblim.com\/pt-pt\/wp-json\/wp\/v2\/product_cat?post=82037"},{"taxonomy":"product_tag","embeddable":true,"href":"https:\/\/subblim.com\/pt-pt\/wp-json\/wp\/v2\/product_tag?post=82037"}],"curies":[{"name":"wp","href":"https:\/\/api.w.org\/{rel}","templated":true}]}}