{"id":82028,"date":"2022-10-25T17:15:03","date_gmt":"2022-10-25T15:15:03","guid":{"rendered":"https:\/\/subblim.com\/funda-libro-electronico-clever-ebook-case-6%e2%80%b3-marmol-negro\/"},"modified":"2026-05-04T00:05:07","modified_gmt":"2026-05-03T22:05:07","slug":"capa-para-ebook-clever-marmore-preto","status":"publish","type":"product","link":"https:\/\/subblim.com\/pt-pt\/capa-para-ebook-clever-marmore-preto\/","title":{"rendered":"Capa para e-book Clever Black Marble"},"content":{"rendered":"<ul>\n<li>Capa para eReader compat\u00edvel com todos os modelos de at\u00e9 6\u201d.<\/li>\n<li>Design original com personalidade em m\u00e1rmore preto.<\/li>\n<li>Uma capa leve para proteger e transportar seu leitor de e-books com total seguran\u00e7a.<\/li>\n<li>Material externo de alta resist\u00eancia com acabamento em PU.<\/li>\n<li>Interior em microfibra aveludada que o protege de arranh\u00f5es.<\/li>\n<li>Sistema de dobramento permite ler confortavelmente, mesmo com uma m\u00e3o.<\/li>\n<li>Sistema exclusivo de fixa\u00e7\u00e3o com molde de silicone.<\/li>\n<li>N\u00e3o danifica a tela do seu aparelho.<\/li>\n<li>O sistema de fechamento \u00e9 por el\u00e1stico, facilitando o transporte com seguran\u00e7a.<\/li>\n<\/ul>\n","protected":false},"excerpt":{"rendered":"<p> Capa elegante, leve e protetora para e-books de at\u00e9 6&#8243;. Kindle, Woxter, Sony, Cervantes, Vivlio, Kobo, Tagus, PocketBook.<\/p>\n","protected":false},"featured_media":80697,"template":"","meta":[],"product_brand":[],"product_cat":[1843,2814,2145],"product_tag":[],"class_list":{"0":"post-82028","1":"product","2":"type-product","3":"status-publish","4":"has-post-thumbnail","6":"product_cat-bolsas-e-capas-pt-pt","7":"product_cat-capas-para-ebook-pt-pt","8":"product_cat-menos-10-pt-pt","10":"first","11":"instock","12":"taxable","13":"shipping-taxable","14":"purchasable","15":"product-type-simple"},"_links":{"self":[{"href":"https:\/\/subblim.com\/pt-pt\/wp-json\/wp\/v2\/product\/82028","targetHints":{"allow":["GET"]}}],"collection":[{"href":"https:\/\/subblim.com\/pt-pt\/wp-json\/wp\/v2\/product"}],"about":[{"href":"https:\/\/subblim.com\/pt-pt\/wp-json\/wp\/v2\/types\/product"}],"version-history":[{"count":0,"href":"https:\/\/subblim.com\/pt-pt\/wp-json\/wp\/v2\/product\/82028\/revisions"}],"wp:featuredmedia":[{"embeddable":true,"href":"https:\/\/subblim.com\/pt-pt\/wp-json\/wp\/v2\/media\/80697"}],"wp:attachment":[{"href":"https:\/\/subblim.com\/pt-pt\/wp-json\/wp\/v2\/media?parent=82028"}],"wp:term":[{"taxonomy":"product_brand","embeddable":true,"href":"https:\/\/subblim.com\/pt-pt\/wp-json\/wp\/v2\/product_brand?post=82028"},{"taxonomy":"product_cat","embeddable":true,"href":"https:\/\/subblim.com\/pt-pt\/wp-json\/wp\/v2\/product_cat?post=82028"},{"taxonomy":"product_tag","embeddable":true,"href":"https:\/\/subblim.com\/pt-pt\/wp-json\/wp\/v2\/product_tag?post=82028"}],"curies":[{"name":"wp","href":"https:\/\/api.w.org\/{rel}","templated":true}]}}