{"id":82013,"date":"2022-10-26T08:04:49","date_gmt":"2022-10-26T06:04:49","guid":{"rendered":"https:\/\/subblim.com\/funda-tablet-alta-proteccion-extreme-tablet-case-96-11-black\/"},"modified":"2025-06-12T12:23:44","modified_gmt":"2025-06-12T10:23:44","slug":"capa-para-tablet-alta-protecao-extrema-capa-para-tablet-96-11-preta","status":"publish","type":"product","link":"https:\/\/subblim.com\/pt-pt\/capa-para-tablet-alta-protecao-extrema-capa-para-tablet-96-11-preta\/","title":{"rendered":"Capa Universal para Tablet Extreme Case Alta Prote\u00e7\u00e3o 9,6 a 11&#8243; Preta"},"content":{"rendered":"<p>A Extreme Tablet Case da SUBBLIM \u00e9 a capa definitiva para proteger seu tablet de todos os impactos e quedas do dia a dia, gra\u00e7as \u00e0 prote\u00e7\u00e3o externa de 360\u00ba baseada em nervuras resistentes que convergem em formas geom\u00e9tricas, conferindo-lhe grande resist\u00eancia.<br \/> Ela \u00e9 completada com uma aba de fechamento magn\u00e9tico, facilitando o transporte com seguran\u00e7a.<br \/> O suporte antiderrapante permite que voc\u00ea coloque o tablet em v\u00e1rios \u00e2ngulos de vis\u00e3o ou escrita. As portas de conex\u00e3o e os bot\u00f5es permanecem acess\u00edveis mesmo quando seu Tablet est\u00e1 na capa, com grandes aberturas em todos os lados.<br \/> Design universal que se adapta a Tablets e iPads com telas de 9,6&#8243; a 11&#8243;.<br \/> Leve e com acabamento em estrutura geom\u00e9trica, oferece alta prote\u00e7\u00e3o contra quedas e impactos do dia a dia.<br \/> Sujeito a testes de n\u00edvel militar.<br \/> Oferece acesso total a todos os bot\u00f5es e conectores.<br \/> Posi\u00e7\u00e3o do suporte com 3 \u00e2ngulos de vis\u00e3o e digita\u00e7\u00e3o ajust\u00e1veis.<br \/> Adapt\u00e1vel a todos os modelos de Tablet gra\u00e7as a um exclusivo sistema de fixa\u00e7\u00e3o em silicone. N\u00e3o danifica seu tablet.<br \/> Interior macio e aveludado.<br \/> Sistema de fechamento magn\u00e9tico. Transporte seguro.<\/p>\n","protected":false},"excerpt":{"rendered":"<p> Extreme Tablet Case da Subblim \u00e9 a capa definitiva para proteger seu tablet contra impactos e quedas do dia a dia, gra\u00e7as \u00e0 sua prote\u00e7\u00e3o externa de 360\u00b0 baseada em nervuras resistentes que convergem em formas geom\u00e9tricas, dando-lhe grande resist\u00eancia.<\/p>\n","protected":false},"featured_media":78063,"template":"","meta":[],"product_brand":[],"product_cat":[386,412,508,1699],"product_tag":[1248],"class_list":{"0":"post-82013","1":"product","2":"type-product","3":"status-publish","4":"has-post-thumbnail","6":"product_cat-accesorios-tablet","7":"product_cat-fundas-tablet","8":"product_cat-fundas-universales-de-9-a-11-pulgadas","9":"product_cat-colores-lisos","10":"product_tag-menos-10","12":"first","13":"outofstock","14":"taxable","15":"shipping-taxable","16":"purchasable","17":"product-type-simple"},"_links":{"self":[{"href":"https:\/\/subblim.com\/pt-pt\/wp-json\/wp\/v2\/product\/82013","targetHints":{"allow":["GET"]}}],"collection":[{"href":"https:\/\/subblim.com\/pt-pt\/wp-json\/wp\/v2\/product"}],"about":[{"href":"https:\/\/subblim.com\/pt-pt\/wp-json\/wp\/v2\/types\/product"}],"version-history":[{"count":0,"href":"https:\/\/subblim.com\/pt-pt\/wp-json\/wp\/v2\/product\/82013\/revisions"}],"wp:featuredmedia":[{"embeddable":true,"href":"https:\/\/subblim.com\/pt-pt\/wp-json\/wp\/v2\/media\/78063"}],"wp:attachment":[{"href":"https:\/\/subblim.com\/pt-pt\/wp-json\/wp\/v2\/media?parent=82013"}],"wp:term":[{"taxonomy":"product_brand","embeddable":true,"href":"https:\/\/subblim.com\/pt-pt\/wp-json\/wp\/v2\/product_brand?post=82013"},{"taxonomy":"product_cat","embeddable":true,"href":"https:\/\/subblim.com\/pt-pt\/wp-json\/wp\/v2\/product_cat?post=82013"},{"taxonomy":"product_tag","embeddable":true,"href":"https:\/\/subblim.com\/pt-pt\/wp-json\/wp\/v2\/product_tag?post=82013"}],"curies":[{"name":"wp","href":"https:\/\/api.w.org\/{rel}","templated":true}]}}