{"id":81995,"date":"2022-10-26T10:04:22","date_gmt":"2022-10-26T08:04:22","guid":{"rendered":"https:\/\/subblim.com\/funda-con-teclado-retroiluminado-keytab-pro-bt-touchpad-ipad-pro-11-black\/"},"modified":"2025-12-24T00:05:22","modified_gmt":"2025-12-23T23:05:22","slug":"capa-com-teclado-retroiluminado-keytab-pro-bt-e-touchpad-para-ipad-pro-11-preta","status":"publish","type":"product","link":"https:\/\/subblim.com\/pt-pt\/capa-com-teclado-retroiluminado-keytab-pro-bt-e-touchpad-para-ipad-pro-11-preta\/","title":{"rendered":"Capa com teclado e touchpad retroiluminados para iPad Pro 11&#8243; 2021\/2020 preta Keytab Pro Bl Bt"},"content":{"rendered":"<p>Navegue no seu iPad com gestos familiares ou mova o ponteiro para editar documentos ou apresenta\u00e7\u00f5es facilmente. <br \/>A capa traseira \u00e9 feita de material termopl\u00e1stico que n\u00e3o s\u00f3 oferece \u00f3tima prote\u00e7\u00e3o contra impactos, mas tamb\u00e9m tem a capacidade de reduzir a temperatura do iPad, melhorando seu desempenho. <br \/>Voc\u00ea pode assistir a v\u00eddeos e filmes gra\u00e7as aos m\u00faltiplos \u00e2ngulos de posicionamento. <br \/>O molde exclusivo e f\u00e1cil de instalar inclui um espa\u00e7o para transportar o Apple Pencil. <br \/>Todas as fun\u00e7\u00f5es do Tablet podem ser acessadas mesmo <br \/>com a capa colocada, gra\u00e7as aos ajustes exclusivos e perfeitamente posicionados. <br \/>A bateria de l\u00edtio de longa dura\u00e7\u00e3o que o teclado Bluetooth incorpora permitir\u00e1 que voc\u00ea trabalhe por longos per\u00edodos de tempo e voc\u00ea pode recarreg\u00e1-lo atrav\u00e9s da porta MicroUSB.<\/p>\n<ul>\n<li>Teclado Bluetooth exclusivo com capa para iPad Pro 11\u201d 2020 e 2021.<\/li>\n<li>Compat\u00edvel com iOS e MacOS v13.0 ou superior.<\/li>\n<li>Teclas retroiluminadas em 7 cores selecion\u00e1veis.<\/li>\n<li>Incorpora um painel Touchpad que o transforma em uma esta\u00e7\u00e3o de trabalho completa.<\/li>\n<li>Bateria de \u00edons de l\u00edtio de 420 Mha com longa dura\u00e7\u00e3o (30 dias de trabalho).<\/li>\n<li>Economia autom\u00e1tica de energia.<\/li>\n<li>O teclado se fixa \u00e0 capa com tecnologia magn\u00e9tica.<\/li>\n<li>Material externo resistente com acabamento em tecido.<\/li>\n<li>Capa anti-impacto semi-r\u00edgida com m\u00e1xima prote\u00e7\u00e3o para o seu iPad.<\/li>\n<li>Interior de veludo para evitar Arranh\u00f5es.<\/li>\n<li>Recorte para c\u00e2mera e porta de carregamento.<\/li>\n<li>Acesso a todos os bot\u00f5es, alto-falantes, microfone e sensores.<\/li>\n<li>Espa\u00e7o dedicado para transportar o Apple Pencil.<\/li>\n<li>Sistema de fechamento com aba magn\u00e9tica. Transporte seguro.<\/li>\n<\/ul>\n","protected":false},"excerpt":{"rendered":"<p>Exclusivamente para o iPad Pro 2020 e 2021 de 11\u201d. Agora voc\u00ea pode trabalhar como um profissional e aproveitar ao m\u00e1ximo seu iPad gra\u00e7as a este teclado Bluetooth de \u00faltima gera\u00e7\u00e3o que inclui um TouchPad ultrapreciso (\u00e9 necess\u00e1rio iOS 13 ou superior) e teclas com retroilumina\u00e7\u00e3o de 7 cores para uso em condi\u00e7\u00f5es de pouca luz ambiente.<\/p>\n","protected":false},"featured_media":78905,"template":"","meta":[],"product_brand":[],"product_cat":[1941,2064,2063,1943,1944,2431,1942,1964],"product_tag":[3235,2068],"class_list":{"0":"post-81995","1":"product","2":"type-product","3":"status-publish","4":"has-post-thumbnail","6":"product_cat-acessorios-tablet","7":"product_cat-capas-com-teclado-bluetooth-para-tablet-pt-pt","8":"product_cat-capas-com-teclado-para-tablet-pt-pt","9":"product_cat-capas-exclusivas-para-tablet-pt-pt","10":"product_cat-capas-para-ipad","11":"product_cat-capas-para-ipad-com-teclado","12":"product_cat-capas-para-tablet-pt-pt","13":"product_cat-menos-30-pt-pt","14":"product_tag-black-friday-pt-pt","15":"product_tag-con-teclado-extraible-pt-pt","17":"first","18":"outofstock","19":"taxable","20":"shipping-taxable","21":"purchasable","22":"product-type-simple"},"_links":{"self":[{"href":"https:\/\/subblim.com\/pt-pt\/wp-json\/wp\/v2\/product\/81995","targetHints":{"allow":["GET"]}}],"collection":[{"href":"https:\/\/subblim.com\/pt-pt\/wp-json\/wp\/v2\/product"}],"about":[{"href":"https:\/\/subblim.com\/pt-pt\/wp-json\/wp\/v2\/types\/product"}],"version-history":[{"count":0,"href":"https:\/\/subblim.com\/pt-pt\/wp-json\/wp\/v2\/product\/81995\/revisions"}],"wp:featuredmedia":[{"embeddable":true,"href":"https:\/\/subblim.com\/pt-pt\/wp-json\/wp\/v2\/media\/78905"}],"wp:attachment":[{"href":"https:\/\/subblim.com\/pt-pt\/wp-json\/wp\/v2\/media?parent=81995"}],"wp:term":[{"taxonomy":"product_brand","embeddable":true,"href":"https:\/\/subblim.com\/pt-pt\/wp-json\/wp\/v2\/product_brand?post=81995"},{"taxonomy":"product_cat","embeddable":true,"href":"https:\/\/subblim.com\/pt-pt\/wp-json\/wp\/v2\/product_cat?post=81995"},{"taxonomy":"product_tag","embeddable":true,"href":"https:\/\/subblim.com\/pt-pt\/wp-json\/wp\/v2\/product_tag?post=81995"}],"curies":[{"name":"wp","href":"https:\/\/api.w.org\/{rel}","templated":true}]}}