{"id":81992,"date":"2022-10-26T10:04:22","date_gmt":"2022-10-26T08:04:22","guid":{"rendered":"https:\/\/subblim.com\/funda-teclado-keytab-pro-bt-touchpad-ipad-102-105-black\/"},"modified":"2025-06-12T12:23:44","modified_gmt":"2025-06-12T10:23:44","slug":"capa-teclado-keytab-pro-bt-touchpad-ipad-102-105-preto","status":"publish","type":"product","link":"https:\/\/subblim.com\/pt-pt\/capa-teclado-keytab-pro-bt-touchpad-ipad-102-105-preto\/","title":{"rendered":"Capa com teclado touchpad para iPad 10.2&#8243; Keytab Pro BT Touchpad"},"content":{"rendered":"<p>Navegue no seu iPad com gestos familiares ou mova o ponteiro para editar documentos ou apresenta\u00e7\u00f5es facilmente. <br \/> A capa traseira \u00e9 feita de material termopl\u00e1stico que n\u00e3o s\u00f3 oferece \u00f3tima prote\u00e7\u00e3o contra impactos, mas tamb\u00e9m tem a capacidade de diminuir a temperatura do iPad, melhorando seu desempenho. <br \/>Voc\u00ea pode assistir a v\u00eddeos e filmes gra\u00e7as aos m\u00faltiplos \u00e2ngulos de posicionamento. <br \/>O molde exclusivo e f\u00e1cil de instalar inclui um espa\u00e7o para transportar o Apple Pencil. <br \/>Todas as fun\u00e7\u00f5es do Tablet podem ser acessadas mesmo com a capa colocada, gra\u00e7as aos ajustes exclusivos e perfeitamente posicionados. <br \/> A bateria de l\u00edtio de longa dura\u00e7\u00e3o que o teclado Bluetooth incorpora permitir\u00e1 que voc\u00ea trabalhe por longos per\u00edodos de tempo e voc\u00ea pode recarreg\u00e1-la atrav\u00e9s da porta MicroUSB. <\/p>\n<ul>\n<li>Teclado Bluetooth exclusivo com capa para iPad 10.2&#8243;.<\/li>\n<li> Compat\u00edvel com iOS e MacOS v13.0 ou superior.<\/li>\n<li> Inclui um painel touchpad que o transforma em uma esta\u00e7\u00e3o de trabalho completa.<\/li>\n<li> Bateria de \u00edons de l\u00edtio de 420 Mha com longa dura\u00e7\u00e3o (30 dias de trabalho).<\/li>\n<li> Economia de energia autom\u00e1tica.<\/li>\n<li> Teclado se fixa \u00e0 capa com tecnologia magn\u00e9tica.<\/li>\n<li> Material externo resistente com acabamento em tecido.<\/li>\n<li> Capa anti-impacto semi-r\u00edgida com m\u00e1xima prote\u00e7\u00e3o para o seu iPad.<\/li>\n<li> Interior aveludado para evitar arranh\u00f5es.<\/li>\n<li> Abertura para c\u00e2mera e porta de carregamento.<\/li>\n<li> Acesso a todos os bot\u00f5es, alto-falantes, microfone e sensores.<\/li>\n<li> Espa\u00e7o exclusivo para transportar o Apple Pencil.<\/li>\n<li> Sistema de fechamento com aba magn\u00e9tica.<\/li>\n<li> Transporte seguro.<\/li>\n<\/ul>\n","protected":false},"excerpt":{"rendered":"<p>Exclusivamente para o iPad de 10,2&#8243; (7\u00aa, 8\u00aa e 9\u00aa gera\u00e7\u00f5es). Agora voc\u00ea pode trabalhar como um profissional e aproveitar ao m\u00e1ximo seu iPad gra\u00e7as a este teclado Bluetooth de \u00faltima gera\u00e7\u00e3o com um TouchPad ultrapreciso (requer iOS 13 ou posterior).<\/p>\n","protected":false},"featured_media":78887,"template":"","meta":[],"product_brand":[],"product_cat":[386,1185,1180,380,352,1695,412,1661,1632],"product_tag":[1616],"class_list":{"0":"post-81992","1":"product","2":"type-product","3":"status-publish","4":"has-post-thumbnail","6":"product_cat-accesorios-tablet","7":"product_cat-fundas-con-teclado-bluetooth","8":"product_cat-fundas-con-teclado","9":"product_cat-fundas-tablet-exclusivas","10":"product_cat-funda-ipad","11":"product_cat-fundas-para-ipad-con-teclado","12":"product_cat-fundas-tablet","13":"product_cat-teclados-bluetooth","14":"product_cat-teclados-para-ipad","15":"product_tag-con-teclado-extraible","17":"first","18":"outofstock","19":"taxable","20":"shipping-taxable","21":"purchasable","22":"product-type-simple"},"_links":{"self":[{"href":"https:\/\/subblim.com\/pt-pt\/wp-json\/wp\/v2\/product\/81992","targetHints":{"allow":["GET"]}}],"collection":[{"href":"https:\/\/subblim.com\/pt-pt\/wp-json\/wp\/v2\/product"}],"about":[{"href":"https:\/\/subblim.com\/pt-pt\/wp-json\/wp\/v2\/types\/product"}],"version-history":[{"count":0,"href":"https:\/\/subblim.com\/pt-pt\/wp-json\/wp\/v2\/product\/81992\/revisions"}],"wp:featuredmedia":[{"embeddable":true,"href":"https:\/\/subblim.com\/pt-pt\/wp-json\/wp\/v2\/media\/78887"}],"wp:attachment":[{"href":"https:\/\/subblim.com\/pt-pt\/wp-json\/wp\/v2\/media?parent=81992"}],"wp:term":[{"taxonomy":"product_brand","embeddable":true,"href":"https:\/\/subblim.com\/pt-pt\/wp-json\/wp\/v2\/product_brand?post=81992"},{"taxonomy":"product_cat","embeddable":true,"href":"https:\/\/subblim.com\/pt-pt\/wp-json\/wp\/v2\/product_cat?post=81992"},{"taxonomy":"product_tag","embeddable":true,"href":"https:\/\/subblim.com\/pt-pt\/wp-json\/wp\/v2\/product_tag?post=81992"}],"curies":[{"name":"wp","href":"https:\/\/api.w.org\/{rel}","templated":true}]}}