{"id":81986,"date":"2022-10-26T10:04:22","date_gmt":"2022-10-26T08:04:22","guid":{"rendered":"https:\/\/subblim.com\/funda-con-teclado-micro-usb-usb-c-keytab-england\/"},"modified":"2026-02-01T02:15:13","modified_gmt":"2026-02-01T01:15:13","slug":"estojo-com-teclado-micro-usb-usb-c-keytab-inglaterra","status":"publish","type":"product","link":"https:\/\/subblim.com\/pt-pt\/estojo-com-teclado-micro-usb-usb-c-keytab-inglaterra\/","title":{"rendered":"Capa para teclado USB Keytab Pro 9,6&#8243; \u2013 11&#8243; Inglaterra"},"content":{"rendered":"<p>Leve a computa\u00e7\u00e3o m\u00f3vel para o pr\u00f3ximo n\u00edvel com esta capa universal com teclado para tablets Android. <br \/>Ela protege seu tablet de 9 a 11 polegadas em um \u00e2ngulo ideal para digitar ou assistir a v\u00eddeos, e ele permanece no lugar gra\u00e7as ao suporte magn\u00e9tico integrado. <br \/>Sua capa dur\u00e1vel com impress\u00e3o original \u00e9 resistente a derramamentos e protege seu tablet durante o uso di\u00e1rio. <br \/>Desfrute de horas de digita\u00e7\u00e3o flex\u00edvel e confort\u00e1vel com teclas grandes e bem espa\u00e7adas que se estendem de ponta a ponta para dar bastante espa\u00e7o \u00e0s suas m\u00e3os. <br \/>Ela oferece a profundidade ideal para uma digita\u00e7\u00e3o r\u00e1pida e confort\u00e1vel. <br \/>Teclas de atalho e fun\u00e7\u00e3o dedicadas para Android permitem que voc\u00ea controle seu tablet sem sair do teclado.<\/p>\n<ul>\n<li>Teclado integrado com capa para tablets de at\u00e9 11\u2033.<\/li>\n<li>Compat\u00edvel com dispositivos Android 4.0 ou posterior.<\/li>\n<li>Conector micro USB com adaptador tipo C incluso.<\/li>\n<li>Material externo resistente com estampa original \u201cEngland\u201d.<\/li>\n<li>Interior aveludado para evitar arranh\u00f5es.<\/li>\n<li>Sistema exclusivo de fixa\u00e7\u00e3o com molde de silicone.<\/li>\n<li>N\u00e3o danifica a tela do seu dispositivo e se adapta ao teclado integrado.<\/li>\n<li>Sistema de fechamento com aba magn\u00e9tica.<\/li>\n<li>Transporte seguro.<\/li>\n<\/ul>\n","protected":false},"excerpt":{"rendered":"<p>Um design original da Inglaterra para adicionar um toque de personalidade ao seu tablet, completo com um teclado para aproveitar ao m\u00e1ximo e transformar seu dispositivo Android em um mini laptop.<\/p>\n","protected":false},"featured_media":78726,"template":"","meta":[],"product_brand":[],"product_cat":[386,1180,1181,412,1698,1733],"product_tag":[],"class_list":{"0":"post-81986","1":"product","2":"type-product","3":"status-publish","4":"has-post-thumbnail","6":"product_cat-accesorios-tablet","7":"product_cat-fundas-con-teclado","8":"product_cat-fundas-con-teclado-usb","9":"product_cat-fundas-tablet","10":"product_cat-fundas-universales-de-9-6-a-11-con-teclado","11":"product_cat-menos-20","13":"first","14":"outofstock","15":"sale","16":"taxable","17":"shipping-taxable","18":"purchasable","19":"product-type-simple"},"_links":{"self":[{"href":"https:\/\/subblim.com\/pt-pt\/wp-json\/wp\/v2\/product\/81986","targetHints":{"allow":["GET"]}}],"collection":[{"href":"https:\/\/subblim.com\/pt-pt\/wp-json\/wp\/v2\/product"}],"about":[{"href":"https:\/\/subblim.com\/pt-pt\/wp-json\/wp\/v2\/types\/product"}],"version-history":[{"count":0,"href":"https:\/\/subblim.com\/pt-pt\/wp-json\/wp\/v2\/product\/81986\/revisions"}],"wp:featuredmedia":[{"embeddable":true,"href":"https:\/\/subblim.com\/pt-pt\/wp-json\/wp\/v2\/media\/78726"}],"wp:attachment":[{"href":"https:\/\/subblim.com\/pt-pt\/wp-json\/wp\/v2\/media?parent=81986"}],"wp:term":[{"taxonomy":"product_brand","embeddable":true,"href":"https:\/\/subblim.com\/pt-pt\/wp-json\/wp\/v2\/product_brand?post=81986"},{"taxonomy":"product_cat","embeddable":true,"href":"https:\/\/subblim.com\/pt-pt\/wp-json\/wp\/v2\/product_cat?post=81986"},{"taxonomy":"product_tag","embeddable":true,"href":"https:\/\/subblim.com\/pt-pt\/wp-json\/wp\/v2\/product_tag?post=81986"}],"curies":[{"name":"wp","href":"https:\/\/api.w.org\/{rel}","templated":true}]}}