{"id":81974,"date":"2022-10-26T10:04:22","date_gmt":"2022-10-26T08:04:22","guid":{"rendered":"https:\/\/subblim.com\/funda-tablet-shock-case-ipad-102-black\/"},"modified":"2025-06-12T12:23:32","modified_gmt":"2025-06-12T10:23:32","slug":"capa-para-tablet-capa-de-choque-ipad-102-preta","status":"publish","type":"product","link":"https:\/\/subblim.com\/pt-pt\/capa-para-tablet-capa-de-choque-ipad-102-preta\/","title":{"rendered":"Capa protetora para tablet iPad 10,2&#8243; 9\/8\/7\u00aa gera\u00e7\u00e3o, preta"},"content":{"rendered":"<p>Capa exclusiva para iPad 10.2&#8243; 9\u00aa\/8\u00aa\/7\u00aa gera\u00e7\u00e3o que oferece prote\u00e7\u00e3o total ao seu dispositivo em todos os momentos. <br \/> Possui um design moderno e elegante no formato Full SmartCover. A capa traseira \u00e9 feita de material termopl\u00e1stico que dissipa o calor do iPad e oferece prote\u00e7\u00e3o especial para que voc\u00ea n\u00e3o precise se preocupar com danos. Possui bordas refor\u00e7adas contra quedas. <br \/> F\u00e1cil instala\u00e7\u00e3o com um simples clipe. <br \/> Possui diferentes \u00e2ngulos de vis\u00e3o para que voc\u00ea possa assistir a v\u00eddeos ou escrever. <br \/> Todas as fun\u00e7\u00f5es do tablet s\u00e3o acess\u00edveis com a capa e possui uma abertura para c\u00e2mera que permite tirar fotos e v\u00eddeos. <br \/> Esta capa de uma s\u00f3 pe\u00e7a se ajusta ao seu novo iPad 10.2&#8243; como uma luva e possui um fecho magn\u00e9tico de precis\u00e3o. Oferece uma prote\u00e7\u00e3o ideal onde quer que voc\u00ea v\u00e1. <\/p>\n<ul>\n<li>Capa exclusiva para o iPad 10.2 9\u00aa\/8\u00aa\/7\u00aa gera\u00e7\u00e3o.<\/li>\n<li>Material externo dur\u00e1vel com acabamento em tecido.<\/li>\n<li>Bordas refor\u00e7adas contra quedas acidentais.<\/li>\n<li>Capa anti-impacto semi-r\u00edgida para m\u00e1xima prote\u00e7\u00e3o.<\/li>\n<li>Material termopl\u00e1stico com capacidade de dissipa\u00e7\u00e3o de calor.<\/li>\n<li>Design ultraleve e muito fino.<\/li>\n<li>Interior aveludado para evitar arranh\u00f5es.<\/li>\n<li>Abertura para c\u00e2mera na parte traseira.<\/li>\n<li>F\u00e1cil acesso aos bot\u00f5es de controle e porta de carregamento USB.<\/li>\n<li>Fun\u00e7\u00e3o de suporte de duas posi\u00e7\u00f5es para visualiza\u00e7\u00e3o.<\/li>\n<li>Espa\u00e7o integrado para transportar o Apple Pencil.<\/li>\n<li>O sistema de fechamento \u00e9 magn\u00e9tico, facilitando o transporte seguro.<\/li>\n<\/ul>\n","protected":false},"excerpt":{"rendered":"<p>Capa exclusiva para iPad de 10,2&#8243; de 9\u00aa, 8\u00aa e 7\u00aa gera\u00e7\u00f5es que oferece prote\u00e7\u00e3o completa para o seu dispositivo em todos os momentos. Apresenta um design moderno e elegante no formato Full SmartCover.<\/p>\n","protected":false},"featured_media":77805,"template":"","meta":[],"product_brand":[],"product_cat":[1941,1943,1944,1942,1940],"product_tag":[],"class_list":{"0":"post-81974","1":"product","2":"type-product","3":"status-publish","4":"has-post-thumbnail","6":"product_cat-acessorios-tablet","7":"product_cat-capas-exclusivas-para-tablet-pt-pt","8":"product_cat-capas-para-ipad","9":"product_cat-capas-para-tablet-pt-pt","10":"product_cat-shock-case-pt-pt","12":"first","13":"outofstock","14":"taxable","15":"shipping-taxable","16":"purchasable","17":"product-type-simple"},"_links":{"self":[{"href":"https:\/\/subblim.com\/pt-pt\/wp-json\/wp\/v2\/product\/81974","targetHints":{"allow":["GET"]}}],"collection":[{"href":"https:\/\/subblim.com\/pt-pt\/wp-json\/wp\/v2\/product"}],"about":[{"href":"https:\/\/subblim.com\/pt-pt\/wp-json\/wp\/v2\/types\/product"}],"version-history":[{"count":0,"href":"https:\/\/subblim.com\/pt-pt\/wp-json\/wp\/v2\/product\/81974\/revisions"}],"wp:featuredmedia":[{"embeddable":true,"href":"https:\/\/subblim.com\/pt-pt\/wp-json\/wp\/v2\/media\/77805"}],"wp:attachment":[{"href":"https:\/\/subblim.com\/pt-pt\/wp-json\/wp\/v2\/media?parent=81974"}],"wp:term":[{"taxonomy":"product_brand","embeddable":true,"href":"https:\/\/subblim.com\/pt-pt\/wp-json\/wp\/v2\/product_brand?post=81974"},{"taxonomy":"product_cat","embeddable":true,"href":"https:\/\/subblim.com\/pt-pt\/wp-json\/wp\/v2\/product_cat?post=81974"},{"taxonomy":"product_tag","embeddable":true,"href":"https:\/\/subblim.com\/pt-pt\/wp-json\/wp\/v2\/product_tag?post=81974"}],"curies":[{"name":"wp","href":"https:\/\/api.w.org\/{rel}","templated":true}]}}