{"id":81968,"date":"2022-10-26T10:04:22","date_gmt":"2022-10-26T08:04:22","guid":{"rendered":"https:\/\/subblim.com\/funda-tablet-shock-case-lenovo-tab-m10-fhd-plus-103-black\/"},"modified":"2025-06-12T12:23:32","modified_gmt":"2025-06-12T10:23:32","slug":"capa-tablet-capa-de-choque-lenovo-tab-m10-fhd-plus-103-preta","status":"publish","type":"product","link":"https:\/\/subblim.com\/pt-pt\/capa-tablet-capa-de-choque-lenovo-tab-m10-fhd-plus-103-preta\/","title":{"rendered":"Capa protetora para tablet Lenovo Tab M10 FHD Plus 10,3\u201d TbX606 (2\u00aa gera\u00e7\u00e3o)"},"content":{"rendered":"<p>Com a Subblim Shock Case, seu Lenovo Tab M10 HD Tablet estar\u00e1 protegido o tempo todo. Ela possui um design moderno e elegante no formato Full SmartCover. <br \/>A capa traseira \u00e9 feita de policarbonato dur\u00e1vel, para que voc\u00ea n\u00e3o precise se preocupar com danos, gra\u00e7as \u00e0s bordas refor\u00e7adas contra quedas. <br \/>Ela oferece f\u00e1cil instala\u00e7\u00e3o com um simples clipe. <br \/>Possui diferentes \u00e2ngulos de vis\u00e3o para que voc\u00ea possa assistir a v\u00eddeos ou escrever. <br \/>Todas as fun\u00e7\u00f5es do Tablet s\u00e3o acess\u00edveis com a capa colocada e ela possui uma abertura para c\u00e2mera que permite tirar fotos e gravar v\u00eddeos. <br \/>Esta capa de pe\u00e7a \u00fanica se ajusta ao seu novo Lenovo M10 como uma luva. Oferece uma forma ideal de prote\u00e7\u00e3o onde quer que voc\u00ea v\u00e1.<\/p>\n<ul>\n<li>Capa exclusiva para o tablet Lenovo M10 FHD Plus 10,3\u201d TB-X606.<\/li>\n<li>Material externo dur\u00e1vel com acabamento em tecido.<\/li>\n<li>Bordas refor\u00e7adas para evitar quedas acidentais.<\/li>\n<li>Capa traseira r\u00edgida e dur\u00e1vel de alta qualidade.<\/li>\n<li>Design ultraleve e muito fino.<br \/>Interior em veludo para evitar arranh\u00f5es.<\/li>\n<li>Abertura para c\u00e2mera na parte traseira.<\/li>\n<li>F\u00e1cil acesso aos bot\u00f5es de controle e porta de carregamento USB.<\/li>\n<li>Fun\u00e7\u00e3o de suporte de duas posi\u00e7\u00f5es para visualiza\u00e7\u00e3o.<\/li>\n<li>O sistema de fechamento \u00e9 magn\u00e9tico, facilitando o transporte seguro.<\/li>\n<\/ul>\n","protected":false},"excerpt":{"rendered":"<p>Com a capa Subblim Shock, seu tablet Lenovo Tab M10 HD estar\u00e1 protegido o tempo todo. Ela apresenta um design moderno e elegante no formato Full SmartCover.<\/p>\n","protected":false},"featured_media":77777,"template":"","meta":[],"product_brand":[],"product_cat":[386,380,412,353,1732,510],"product_tag":[],"class_list":{"0":"post-81968","1":"product","2":"type-product","3":"status-publish","4":"has-post-thumbnail","6":"product_cat-accesorios-tablet","7":"product_cat-fundas-tablet-exclusivas","8":"product_cat-fundas-tablet","9":"product_cat-fundas-lenovo","10":"product_cat-menos-10","11":"product_cat-fundas-shock-case","13":"first","14":"outofstock","15":"taxable","16":"shipping-taxable","17":"purchasable","18":"product-type-simple"},"_links":{"self":[{"href":"https:\/\/subblim.com\/pt-pt\/wp-json\/wp\/v2\/product\/81968","targetHints":{"allow":["GET"]}}],"collection":[{"href":"https:\/\/subblim.com\/pt-pt\/wp-json\/wp\/v2\/product"}],"about":[{"href":"https:\/\/subblim.com\/pt-pt\/wp-json\/wp\/v2\/types\/product"}],"version-history":[{"count":0,"href":"https:\/\/subblim.com\/pt-pt\/wp-json\/wp\/v2\/product\/81968\/revisions"}],"wp:featuredmedia":[{"embeddable":true,"href":"https:\/\/subblim.com\/pt-pt\/wp-json\/wp\/v2\/media\/77777"}],"wp:attachment":[{"href":"https:\/\/subblim.com\/pt-pt\/wp-json\/wp\/v2\/media?parent=81968"}],"wp:term":[{"taxonomy":"product_brand","embeddable":true,"href":"https:\/\/subblim.com\/pt-pt\/wp-json\/wp\/v2\/product_brand?post=81968"},{"taxonomy":"product_cat","embeddable":true,"href":"https:\/\/subblim.com\/pt-pt\/wp-json\/wp\/v2\/product_cat?post=81968"},{"taxonomy":"product_tag","embeddable":true,"href":"https:\/\/subblim.com\/pt-pt\/wp-json\/wp\/v2\/product_tag?post=81968"}],"curies":[{"name":"wp","href":"https:\/\/api.w.org\/{rel}","templated":true}]}}