{"id":81962,"date":"2022-10-26T10:04:22","date_gmt":"2022-10-26T08:04:22","guid":{"rendered":"https:\/\/subblim.com\/funda-tablet-shock-case-samsung-tab-a7-t500-505-104-black\/"},"modified":"2026-02-01T02:15:15","modified_gmt":"2026-02-01T01:15:15","slug":"capa-tablet-capa-de-choque-samsung-tab-a7-t500-505-104-preta","status":"publish","type":"product","link":"https:\/\/subblim.com\/pt-pt\/capa-tablet-capa-de-choque-samsung-tab-a7-t500-505-104-preta\/","title":{"rendered":"Capa protetora para tablet Samsung Tab A7 T500\/505 10,4&#8243;"},"content":{"rendered":"<p>Capa para tablet Samsung GT A7 T500\/505 de 10,4\u201d com f\u00e1cil instala\u00e7\u00e3o por clipe. <br \/>Gra\u00e7as ao formato dobr\u00e1vel para posicion\u00e1-lo em um suporte, voc\u00ea pode usar o tablet em diferentes \u00e2ngulos de visualiza\u00e7\u00e3o ou escrita. <br \/>Todas as fun\u00e7\u00f5es do dispositivo podem ser acessadas mesmo com a capa colocada, com uma abertura para c\u00e2mera que permite tirar fotos e v\u00eddeos. <br \/>Esta capa de uma pe\u00e7a se ajusta ao seu novo Galaxy Tab A7 como uma luva. Ela oferece uma forma ideal de prote\u00e7\u00e3o onde quer que voc\u00ea v\u00e1.<\/p>\n<ul>\n<li>Capa exclusiva para o tablet Samsung GT A7 T500\/505 de 10,4\u201d.<\/li>\n<li>Material externo resistente com acabamento em tecido.<\/li>\n<li>Bordas refor\u00e7adas contra quedas acidentais.<\/li>\n<li>Capa traseira r\u00edgida de alta qualidade e resistente.<\/li>\n<li>Design ultraleve e muito fino.<br \/>Interior aveludado para evitar arranh\u00f5es.<\/li>\n<li>Abertura para c\u00e2mera na parte traseira.<\/li>\n<li>F\u00e1cil acesso aos bot\u00f5es de controle e \u00e0 porta de carregamento USB.<\/li>\n<li>Fun\u00e7\u00e3o de suporte de visualiza\u00e7\u00e3o de duas posi\u00e7\u00f5es.<\/li>\n<li>O sistema de fechamento \u00e9 magn\u00e9tico, facilitando o transporte<br \/>com seguran\u00e7a.<\/li>\n<\/ul>\n","protected":false},"excerpt":{"rendered":"<p>Proteja seu novo Galaxy Tab A7 2020 T500\/505 de 10,4&#8243; o tempo todo com esta Shock Case! Ela apresenta um design simples e elegante no formato Full SmartCover.<\/p>\n","protected":false},"featured_media":77740,"template":"","meta":[],"product_brand":[],"product_cat":[386,380,412,234,1732,510],"product_tag":[3232],"class_list":{"0":"post-81962","1":"product","2":"type-product","3":"status-publish","4":"has-post-thumbnail","6":"product_cat-accesorios-tablet","7":"product_cat-fundas-tablet-exclusivas","8":"product_cat-fundas-tablet","9":"product_cat-fundas-samsung","10":"product_cat-menos-10","11":"product_cat-fundas-shock-case","12":"product_tag-black-friday","14":"first","15":"outofstock","16":"taxable","17":"shipping-taxable","18":"purchasable","19":"product-type-simple"},"_links":{"self":[{"href":"https:\/\/subblim.com\/pt-pt\/wp-json\/wp\/v2\/product\/81962","targetHints":{"allow":["GET"]}}],"collection":[{"href":"https:\/\/subblim.com\/pt-pt\/wp-json\/wp\/v2\/product"}],"about":[{"href":"https:\/\/subblim.com\/pt-pt\/wp-json\/wp\/v2\/types\/product"}],"version-history":[{"count":0,"href":"https:\/\/subblim.com\/pt-pt\/wp-json\/wp\/v2\/product\/81962\/revisions"}],"wp:featuredmedia":[{"embeddable":true,"href":"https:\/\/subblim.com\/pt-pt\/wp-json\/wp\/v2\/media\/77740"}],"wp:attachment":[{"href":"https:\/\/subblim.com\/pt-pt\/wp-json\/wp\/v2\/media?parent=81962"}],"wp:term":[{"taxonomy":"product_brand","embeddable":true,"href":"https:\/\/subblim.com\/pt-pt\/wp-json\/wp\/v2\/product_brand?post=81962"},{"taxonomy":"product_cat","embeddable":true,"href":"https:\/\/subblim.com\/pt-pt\/wp-json\/wp\/v2\/product_cat?post=81962"},{"taxonomy":"product_tag","embeddable":true,"href":"https:\/\/subblim.com\/pt-pt\/wp-json\/wp\/v2\/product_tag?post=81962"}],"curies":[{"name":"wp","href":"https:\/\/api.w.org\/{rel}","templated":true}]}}