{"id":81950,"date":"2022-10-26T10:04:49","date_gmt":"2022-10-26T08:04:49","guid":{"rendered":"https:\/\/subblim.com\/funda-tablet-universal-trendy-case-mariposas-96-11\/"},"modified":"2025-06-12T12:23:09","modified_gmt":"2025-06-12T10:23:09","slug":"capa-universal-para-tablet-trendy-case-borboletas-96-11","status":"publish","type":"product","link":"https:\/\/subblim.com\/pt-pt\/capa-universal-para-tablet-trendy-case-borboletas-96-11\/","title":{"rendered":"Capa universal para tablet Trendy Case Butterfly de 9,6&#8243; a 11&#8243;"},"content":{"rendered":"<p>A Trendy Case \u00e9 uma capa universal para proteger seu Tablet.<br \/> Seu estilo \u00e9 moderno, elegante e divertido, desenvolvido por designers pensando nas prefer\u00eancias do usu\u00e1rio.<br \/> O acabamento em PU no exterior e a costura requintada conferem ao produto uma apar\u00eancia de alta qualidade.<br \/> O suporte antiderrapante permite que o Tablet seja colocado em v\u00e1rios \u00e2ngulos de vis\u00e3o.<br \/> As portas de conex\u00e3o e os bot\u00f5es permanecem acess\u00edveis mesmo quando o Tablet est\u00e1 na capa, com grandes aberturas em todos os lados.<\/p>\n<ul>\n<li>Projetado para Tablets de at\u00e9 11\u201d.<\/li>\n<li>Moderno e leve, com acabamento em materiais de alta qualidade.<\/li>\n<li>Todos os bot\u00f5es e conectores 100% acess\u00edveis.<\/li>\n<li>Posi\u00e7\u00e3o de suporte com 3 \u00e2ngulos de vis\u00e3o.<\/li>\n<li>Adapt\u00e1vel a todos os modelos de Tablet gra\u00e7as a um exclusivo sistema de fixa\u00e7\u00e3o em silicone que n\u00e3o danifica seu Tablet.<\/li>\n<li>Interior macio e aveludado.<\/li>\n<li>Sistema de fechamento com el\u00e1stico. Seguro transporte.<\/li>\n<\/ul>\n","protected":false},"excerpt":{"rendered":"<p>Design colorido e atraente para o seu tablet Trendy Case Universal. O suporte antiderrapante permite posicionar o tablet em v\u00e1rios \u00e2ngulos de vis\u00e3o.<\/p>\n","protected":false},"featured_media":78054,"template":"","meta":[],"product_brand":[],"product_cat":[1941,1942,2316,2732],"product_tag":[],"class_list":{"0":"post-81950","1":"product","2":"type-product","3":"status-publish","4":"has-post-thumbnail","6":"product_cat-acessorios-tablet","7":"product_cat-capas-para-tablet-pt-pt","8":"product_cat-capas-universais-de-9-6-a-11-pt-pt","9":"product_cat-fundas-universales-tablet-trendy-pt-pt","11":"first","12":"outofstock","13":"taxable","14":"shipping-taxable","15":"purchasable","16":"product-type-simple"},"_links":{"self":[{"href":"https:\/\/subblim.com\/pt-pt\/wp-json\/wp\/v2\/product\/81950","targetHints":{"allow":["GET"]}}],"collection":[{"href":"https:\/\/subblim.com\/pt-pt\/wp-json\/wp\/v2\/product"}],"about":[{"href":"https:\/\/subblim.com\/pt-pt\/wp-json\/wp\/v2\/types\/product"}],"version-history":[{"count":0,"href":"https:\/\/subblim.com\/pt-pt\/wp-json\/wp\/v2\/product\/81950\/revisions"}],"wp:featuredmedia":[{"embeddable":true,"href":"https:\/\/subblim.com\/pt-pt\/wp-json\/wp\/v2\/media\/78054"}],"wp:attachment":[{"href":"https:\/\/subblim.com\/pt-pt\/wp-json\/wp\/v2\/media?parent=81950"}],"wp:term":[{"taxonomy":"product_brand","embeddable":true,"href":"https:\/\/subblim.com\/pt-pt\/wp-json\/wp\/v2\/product_brand?post=81950"},{"taxonomy":"product_cat","embeddable":true,"href":"https:\/\/subblim.com\/pt-pt\/wp-json\/wp\/v2\/product_cat?post=81950"},{"taxonomy":"product_tag","embeddable":true,"href":"https:\/\/subblim.com\/pt-pt\/wp-json\/wp\/v2\/product_tag?post=81950"}],"curies":[{"name":"wp","href":"https:\/\/api.w.org\/{rel}","templated":true}]}}