{"id":81938,"date":"2022-10-26T10:04:49","date_gmt":"2022-10-26T08:04:49","guid":{"rendered":"https:\/\/subblim.com\/funda-tablet-universal-trendy-case-world-map\/"},"modified":"2025-06-12T12:22:56","modified_gmt":"2025-06-12T10:22:56","slug":"capa-universal-para-tablet-capa-moderna-mapa-mundial","status":"publish","type":"product","link":"https:\/\/subblim.com\/pt-pt\/capa-universal-para-tablet-capa-moderna-mapa-mundial\/","title":{"rendered":"Capa universal para tablet Trendy Case Mapa-m\u00fandi de 9,6&#8243; a 11&#8243;"},"content":{"rendered":"<p>A Trendy Case \u00e9 uma capa universal para proteger seu tablet. Seu estilo \u00e9 moderno, elegante e divertido, desenvolvido por designers com as prefer\u00eancias do usu\u00e1rio em mente. <br \/>O acabamento externo em couro PU e as costuras requintadas conferem ao produto uma apar\u00eancia de alta qualidade. <br \/>O suporte antiderrapante permite que o tablet seja posicionado em v\u00e1rios \u00e2ngulos de vis\u00e3o. <br \/>As portas de conex\u00e3o e os bot\u00f5es permanecem acess\u00edveis mesmo quando o tablet est\u00e1 na capa, com grandes aberturas em todos os lados. <\/p>\n<ul>\n<li>Projetado para tablets de at\u00e9 11 polegadas<br \/>Moderno e leve, com acabamento em materiais de alta qualidade.<\/li>\n<li>Todos os bot\u00f5es e conectores 100% acess\u00edveis.<\/li>\n<li>Posi\u00e7\u00e3o de suporte com 3 \u00e2ngulos de vis\u00e3o.<\/li>\n<li>Adapt\u00e1vel a todos os modelos de tablet usando um sistema exclusivo de fixa\u00e7\u00e3o em silicone que n\u00e3o danifica seu tablet.<\/li>\n<li>Interior macio e aveludado.<\/li>\n<li>Sistema de fechamento com el\u00e1stico. Transporte seguro.<\/li>\n<\/ul>\n","protected":false},"excerpt":{"rendered":"<p>Uma capa para tablet com design de mapa-m\u00fandi adiciona um toque de personalidade ao seu acess\u00f3rio de prote\u00e7\u00e3o essencial. Ela tamb\u00e9m permite que voc\u00ea coloque seu tablet em um suporte.<\/p>\n","protected":false},"featured_media":78015,"template":"","meta":[],"product_brand":[],"product_cat":[386,412,508,1650],"product_tag":[],"class_list":{"0":"post-81938","1":"product","2":"type-product","3":"status-publish","4":"has-post-thumbnail","6":"product_cat-accesorios-tablet","7":"product_cat-fundas-tablet","8":"product_cat-fundas-universales-de-9-a-11-pulgadas","9":"product_cat-fundas-universales-tablet-trendy","11":"first","12":"outofstock","13":"taxable","14":"shipping-taxable","15":"purchasable","16":"product-type-simple"},"_links":{"self":[{"href":"https:\/\/subblim.com\/pt-pt\/wp-json\/wp\/v2\/product\/81938","targetHints":{"allow":["GET"]}}],"collection":[{"href":"https:\/\/subblim.com\/pt-pt\/wp-json\/wp\/v2\/product"}],"about":[{"href":"https:\/\/subblim.com\/pt-pt\/wp-json\/wp\/v2\/types\/product"}],"version-history":[{"count":0,"href":"https:\/\/subblim.com\/pt-pt\/wp-json\/wp\/v2\/product\/81938\/revisions"}],"wp:featuredmedia":[{"embeddable":true,"href":"https:\/\/subblim.com\/pt-pt\/wp-json\/wp\/v2\/media\/78015"}],"wp:attachment":[{"href":"https:\/\/subblim.com\/pt-pt\/wp-json\/wp\/v2\/media?parent=81938"}],"wp:term":[{"taxonomy":"product_brand","embeddable":true,"href":"https:\/\/subblim.com\/pt-pt\/wp-json\/wp\/v2\/product_brand?post=81938"},{"taxonomy":"product_cat","embeddable":true,"href":"https:\/\/subblim.com\/pt-pt\/wp-json\/wp\/v2\/product_cat?post=81938"},{"taxonomy":"product_tag","embeddable":true,"href":"https:\/\/subblim.com\/pt-pt\/wp-json\/wp\/v2\/product_tag?post=81938"}],"curies":[{"name":"wp","href":"https:\/\/api.w.org\/{rel}","templated":true}]}}