{"id":81875,"date":"2022-10-26T11:41:37","date_gmt":"2022-10-26T09:41:37","guid":{"rendered":"https:\/\/subblim.com\/maletin-con-raton-inalambrico-select-pack-15\/"},"modified":"2026-02-01T02:15:07","modified_gmt":"2026-02-01T01:15:07","slug":"maleta-com-mouse-sem-fio-select-pacote-15","status":"publish","type":"product","link":"https:\/\/subblim.com\/pt-pt\/maleta-com-mouse-sem-fio-select-pacote-15\/","title":{"rendered":"Maleta para computador de 15,6&#8243; + pacote de mouse sem fio Select"},"content":{"rendered":"<p>A maleta Select Pack com mouse sem fio, ergonomicamente projetada, \u00e9 ideal para trabalhar confortavelmente onde quer que voc\u00ea v\u00e1. Com al\u00e7as de ombro remov\u00edveis e ajust\u00e1veis e al\u00e7as superiores, esta maleta \u00e9 ideal para viagens de neg\u00f3cios e deslocamentos di\u00e1rios. Ela se encaixa perfeitamente na sua mala para um transporte f\u00e1cil e leve. <\/p>\n<p>PASTA<\/p>\n<ul>\n<li>Pasta para computadores de at\u00e9 15,6 polegadas.<\/li>\n<li>Material externo em poli\u00e9ster resistente.<\/li>\n<li>Interior acolchoado e refor\u00e7ado.<\/li>\n<li>Compartimento separado para laptop.<\/li>\n<li>Bolso frontal de grande capacidade para documentos, canetas, acess\u00f3rios, etc.<\/li>\n<li>Al\u00e7a de ombro.<\/li>\n<li>Al\u00e7a traseira ajust\u00e1vel para carrinho.<\/li>\n<\/ul>\n<p>MOUSE<\/p>\n<ul>\n<li>Mouse sem fio.<\/li>\n<li>Mouse com design ergon\u00f4mico e extraplano.<\/li>\n<li>3 bot\u00f5es.<\/li>\n<li>Roda de rolagem.<\/li>\n<li>Sensor \u00f3ptico de 1200 DPI.<\/li>\n<\/ul>\n","protected":false},"excerpt":{"rendered":"<p>Seu design simples e moderno a torna a pasta mais vers\u00e1til para o uso di\u00e1rio. A pasta Select Pack com mouse sem fio apresenta um design ergon\u00f4mico, ideal para trabalhar confortavelmente onde quer que voc\u00ea v\u00e1.<\/p>\n","protected":false},"featured_media":78460,"template":"","meta":[],"product_brand":[],"product_cat":[1843,2636,1841,1844,1842],"product_tag":[3235],"class_list":{"0":"post-81875","1":"product","2":"type-product","3":"status-publish","4":"has-post-thumbnail","6":"product_cat-bolsas-e-capas-pt-pt","7":"product_cat-maletas-com-rato-pt-pt","8":"product_cat-maletas-para-portateis-de-15-6-pt-pt","9":"product_cat-maletas-para-portatil-pt-pt","10":"product_cat-menos-20-pt-pt","11":"product_tag-black-friday-pt-pt","13":"first","14":"instock","15":"taxable","16":"shipping-taxable","17":"purchasable","18":"product-type-simple"},"_links":{"self":[{"href":"https:\/\/subblim.com\/pt-pt\/wp-json\/wp\/v2\/product\/81875","targetHints":{"allow":["GET"]}}],"collection":[{"href":"https:\/\/subblim.com\/pt-pt\/wp-json\/wp\/v2\/product"}],"about":[{"href":"https:\/\/subblim.com\/pt-pt\/wp-json\/wp\/v2\/types\/product"}],"version-history":[{"count":0,"href":"https:\/\/subblim.com\/pt-pt\/wp-json\/wp\/v2\/product\/81875\/revisions"}],"wp:featuredmedia":[{"embeddable":true,"href":"https:\/\/subblim.com\/pt-pt\/wp-json\/wp\/v2\/media\/78460"}],"wp:attachment":[{"href":"https:\/\/subblim.com\/pt-pt\/wp-json\/wp\/v2\/media?parent=81875"}],"wp:term":[{"taxonomy":"product_brand","embeddable":true,"href":"https:\/\/subblim.com\/pt-pt\/wp-json\/wp\/v2\/product_brand?post=81875"},{"taxonomy":"product_cat","embeddable":true,"href":"https:\/\/subblim.com\/pt-pt\/wp-json\/wp\/v2\/product_cat?post=81875"},{"taxonomy":"product_tag","embeddable":true,"href":"https:\/\/subblim.com\/pt-pt\/wp-json\/wp\/v2\/product_tag?post=81875"}],"curies":[{"name":"wp","href":"https:\/\/api.w.org\/{rel}","templated":true}]}}