{"id":81872,"date":"2022-10-26T11:41:37","date_gmt":"2022-10-26T09:41:37","guid":{"rendered":"https:\/\/subblim.com\/maletin-con-raton-usb-select-pack-15-6\/"},"modified":"2026-02-01T02:15:08","modified_gmt":"2026-02-01T01:15:08","slug":"maleta-com-mouse-usb-select-pack-15-6","status":"publish","type":"product","link":"https:\/\/subblim.com\/pt-pt\/maleta-com-mouse-usb-select-pack-15-6\/","title":{"rendered":"Pasta para laptop de 15,6&#8243; com mouse USB Select Pack"},"content":{"rendered":"<p>A maleta Select Pack vem com um mouse com fio que apresenta um design ergon\u00f4mico ultrafino, ideal para trabalhar confortavelmente onde quer que voc\u00ea v\u00e1. Com al\u00e7as de ombro remov\u00edveis e ajust\u00e1veis e al\u00e7as superiores, esta maleta \u00e9 ideal para viagens de neg\u00f3cios e deslocamentos di\u00e1rios. Cabe perfeitamente na sua mala para um transporte mais f\u00e1cil e leve.<\/p>\n<p>PASTA<\/p>\n<ul>\n<li>Pasta para computadores de at\u00e9 15,6 polegadas.<\/li>\n<li>Feita de poli\u00e9ster dur\u00e1vel.<\/li>\n<li>Interior acolchoado e refor\u00e7ado.<\/li>\n<li>Compartimento separado para laptop.<\/li>\n<li>Bolso frontal de grande capacidade para documentos, canetas, acess\u00f3rios, etc.<\/li>\n<li>Al\u00e7a de ombro.<\/li>\n<li>Al\u00e7a traseira ajust\u00e1vel para carrinho.<\/li>\n<\/ul>\n<p>MOUSE<\/p>\n<ul>\n<li>Mouse USB com fio.<\/li>\n<li>100% Plug and Play.<\/li>\n<li>Design ergon\u00f4mico e extra plano do mouse.<\/li>\n<li>3 bot\u00f5es.<\/li>\n<li>Roda de rolagem.<\/li>\n<li>Sensor \u00f3ptico de 1200 DPI.<\/li>\n<\/ul>\n","protected":false},"excerpt":{"rendered":"<p>Seu design simples e moderno a torna a pasta mais vers\u00e1til para o uso di\u00e1rio. O Select Pack vem com um mouse com fio e design ergon\u00f4mico, ideal para trabalhar confortavelmente onde quer que voc\u00ea v\u00e1.<\/p>\n","protected":false},"featured_media":78448,"template":"","meta":[],"product_brand":[],"product_cat":[385,290,1704,238,1733],"product_tag":[3232],"class_list":{"0":"post-81872","1":"product","2":"type-product","3":"status-publish","4":"has-post-thumbnail","6":"product_cat-bolsas","7":"product_cat-maletines-raton","8":"product_cat-maletines-para-portatiles-de-15-6","9":"product_cat-maletines","10":"product_cat-menos-20","11":"product_tag-black-friday","13":"first","14":"instock","15":"taxable","16":"shipping-taxable","17":"purchasable","18":"product-type-simple"},"_links":{"self":[{"href":"https:\/\/subblim.com\/pt-pt\/wp-json\/wp\/v2\/product\/81872","targetHints":{"allow":["GET"]}}],"collection":[{"href":"https:\/\/subblim.com\/pt-pt\/wp-json\/wp\/v2\/product"}],"about":[{"href":"https:\/\/subblim.com\/pt-pt\/wp-json\/wp\/v2\/types\/product"}],"version-history":[{"count":0,"href":"https:\/\/subblim.com\/pt-pt\/wp-json\/wp\/v2\/product\/81872\/revisions"}],"wp:featuredmedia":[{"embeddable":true,"href":"https:\/\/subblim.com\/pt-pt\/wp-json\/wp\/v2\/media\/78448"}],"wp:attachment":[{"href":"https:\/\/subblim.com\/pt-pt\/wp-json\/wp\/v2\/media?parent=81872"}],"wp:term":[{"taxonomy":"product_brand","embeddable":true,"href":"https:\/\/subblim.com\/pt-pt\/wp-json\/wp\/v2\/product_brand?post=81872"},{"taxonomy":"product_cat","embeddable":true,"href":"https:\/\/subblim.com\/pt-pt\/wp-json\/wp\/v2\/product_cat?post=81872"},{"taxonomy":"product_tag","embeddable":true,"href":"https:\/\/subblim.com\/pt-pt\/wp-json\/wp\/v2\/product_tag?post=81872"}],"curies":[{"name":"wp","href":"https:\/\/api.w.org\/{rel}","templated":true}]}}