{"id":81866,"date":"2022-10-26T12:04:22","date_gmt":"2022-10-26T10:04:22","guid":{"rendered":"https:\/\/subblim.com\/funda-teclado-keytab-pro-bt-trendy-leon\/"},"modified":"2025-12-24T00:05:15","modified_gmt":"2025-12-23T23:05:15","slug":"capa-teclado-keytab-pro-bt-trendy-leon","status":"publish","type":"product","link":"https:\/\/subblim.com\/pt-pt\/capa-teclado-keytab-pro-bt-trendy-leon\/","title":{"rendered":"Capa para teclado Keytab Pro Bluetooth Trendy Leon"},"content":{"rendered":"<p>Este teclado Bluetooth \u00e9 integrado a uma capa de alta qualidade compat\u00edvel com todos os tablets de 9,6&#8243; a 11&#8243; do mercado. Com um Le\u00e3o Neon como design principal, ele proporcionar\u00e1 seu melhor e mais feroz desempenho. <br \/> Ele se conecta perfeitamente a qualquer dispositivo compat\u00edvel com a tecnologia Bluetooth 5.2 de \u00faltima gera\u00e7\u00e3o para uma digita\u00e7\u00e3o mais r\u00e1pida e confort\u00e1vel. <br \/> Um mecanismo de mola sob cada tecla garante uma resposta t\u00e1til a cada toque, ajudando voc\u00ea a digitar mais r\u00e1pido e com menos erros do que em uma tela sens\u00edvel ao toque. <br \/> O design ultrafino da capa adiciona prote\u00e7\u00e3o m\u00e1xima com o m\u00ednimo de volume. <br \/> Voc\u00ea pode posicion\u00e1-la no modo Stand para digitar corretamente ou assistir a v\u00eddeos. <br \/> Esta capa vers\u00e1til e protetora da SUBBLIM possui um teclado integrado que permite um transporte mais leve. <br \/> Voc\u00ea pode alternar entre trabalho e lazer com facilidade em qualquer lugar que a use. <br \/> Teclado espanhol com tecnologia Bluetooth integrada e capa para tablets de at\u00e9 11&#8243;. <br \/> Vers\u00e3o sem fio Bluetooth 5.2 que suporta a conex\u00e3o de at\u00e9 3 dispositivos em canais diferentes.  <\/p>\n<li>Compat\u00edvel com dispositivos Windows\u00ae 8\/10\/11, AndroidTM, iOS\/iPadOS 13 e MacOS.<\/li>\n<li>Use com iPad 10.2\u201d, Samsung Tab A8, A7, Lenovo Tab M10, M10 FHD, Huawei, Xiaomi, TCL, SPC, Denver, Alcatel.<\/li>\n<li>Bateria de \u00edons de l\u00edtio de 300 Mha com longa dura\u00e7\u00e3o (30 dias de trabalho).<\/li>\n<li>Economia autom\u00e1tica de energia e menor consumo.<\/li>\n<li>Material externo resistente com acabamento em PU.<\/li>\n<li>Acesso dedicado aos bot\u00f5es e porta de carregamento.<\/li>\n<li>Sistema de fechamento com faixa el\u00e1stica para transporte seguro.<\/li>\n<\/ul>\n","protected":false},"excerpt":{"rendered":"<p>Este teclado Bluetooth 5.2 est\u00e1 integrado em um case de alta qualidade compat\u00edvel com todos os tablets de 9,6&#8243; a 11&#8243; do mercado. Apresenta um design original e diferenciado. D\u00ea personalidade ao seu tablet e aproveite ao m\u00e1ximo, transformando-o em um laptop.<\/p>\n","protected":false},"featured_media":78996,"template":"","meta":[],"product_brand":[],"product_cat":[386,1185,1180,412,1698,1210,1733],"product_tag":[3232,1615],"class_list":{"0":"post-81866","1":"product","2":"type-product","3":"status-publish","4":"has-post-thumbnail","6":"product_cat-accesorios-tablet","7":"product_cat-fundas-con-teclado-bluetooth","8":"product_cat-fundas-con-teclado","9":"product_cat-fundas-tablet","10":"product_cat-fundas-universales-de-9-6-a-11-con-teclado","11":"product_cat-keytab-pro-bluetooth-trendy-fundas-con-teclado-bluetooth","12":"product_cat-menos-20","13":"product_tag-black-friday","14":"product_tag-con-teclado-integrado","16":"first","17":"outofstock","18":"taxable","19":"shipping-taxable","20":"purchasable","21":"product-type-simple"},"_links":{"self":[{"href":"https:\/\/subblim.com\/pt-pt\/wp-json\/wp\/v2\/product\/81866","targetHints":{"allow":["GET"]}}],"collection":[{"href":"https:\/\/subblim.com\/pt-pt\/wp-json\/wp\/v2\/product"}],"about":[{"href":"https:\/\/subblim.com\/pt-pt\/wp-json\/wp\/v2\/types\/product"}],"version-history":[{"count":0,"href":"https:\/\/subblim.com\/pt-pt\/wp-json\/wp\/v2\/product\/81866\/revisions"}],"wp:featuredmedia":[{"embeddable":true,"href":"https:\/\/subblim.com\/pt-pt\/wp-json\/wp\/v2\/media\/78996"}],"wp:attachment":[{"href":"https:\/\/subblim.com\/pt-pt\/wp-json\/wp\/v2\/media?parent=81866"}],"wp:term":[{"taxonomy":"product_brand","embeddable":true,"href":"https:\/\/subblim.com\/pt-pt\/wp-json\/wp\/v2\/product_brand?post=81866"},{"taxonomy":"product_cat","embeddable":true,"href":"https:\/\/subblim.com\/pt-pt\/wp-json\/wp\/v2\/product_cat?post=81866"},{"taxonomy":"product_tag","embeddable":true,"href":"https:\/\/subblim.com\/pt-pt\/wp-json\/wp\/v2\/product_tag?post=81866"}],"curies":[{"name":"wp","href":"https:\/\/api.w.org\/{rel}","templated":true}]}}