{"id":81854,"date":"2022-10-26T12:04:22","date_gmt":"2022-10-26T10:04:22","guid":{"rendered":"https:\/\/subblim.com\/funda-con-teclado-retroiluminado-keytab-pro-bt-touchpad-ipad-pro-129-black\/"},"modified":"2025-06-12T12:22:15","modified_gmt":"2025-06-12T10:22:15","slug":"capa-com-teclado-retroiluminado-para-ipad-pro-129-preto","status":"publish","type":"product","link":"https:\/\/subblim.com\/pt-pt\/capa-com-teclado-retroiluminado-para-ipad-pro-129-preto\/","title":{"rendered":"Capa com teclado Bluetooth retroiluminado para iPad Pro 12,9&#8243; Keytab Pro Touchpad"},"content":{"rendered":"<p>Navegue pelo seu iPad com os movimentos e gestos que voc\u00ea j\u00e1 conhece ou mova o ponteiro para editar documentos ou apresenta\u00e7\u00f5es facilmente.<br \/> A capa traseira \u00e9 feita de material termopl\u00e1stico que, al\u00e9m de oferecer \u00f3tima prote\u00e7\u00e3o contra impactos, tamb\u00e9m tem a capacidade de diminuir a temperatura do iPad, melhorando seu desempenho.<br \/> Voc\u00ea pode assistir a v\u00eddeos e filmes, pois possui v\u00e1rios \u00e2ngulos de posi\u00e7\u00e3o.<br \/> No molde exclusivo e f\u00e1cil de instalar, incorpora um espa\u00e7o para transportar o Apple Pencil.<br \/> Todas as fun\u00e7\u00f5es do Tablet podem ser acessadas mesmo<br \/> com a capa colocada, gra\u00e7as aos ajustes exclusivos e perfeitamente posicionados.<br \/> A bateria de l\u00edtio de longa dura\u00e7\u00e3o que incorpora o teclado Bluetooth permitir\u00e1 que voc\u00ea trabalhe por longos per\u00edodos de tempo e voc\u00ea pode recarreg\u00e1-la atrav\u00e9s da porta MicroUSB.<\/p>\n<p>TECLADO PARA IPAD PRO<\/p>\n<ul>\n<li>Teclado Bluetooth exclusivo com capa para iPad Pro 12.9 \u201d2020.<\/li>\n<li>Compat\u00edvel com iOS e MacOS v13.0 ou superior.<\/li>\n<li>Teclas retroiluminadas em 7 cores selecion\u00e1veis.<\/li>\n<li>Incorpora um painel Touchpad que o transforma em uma esta\u00e7\u00e3o de trabalho completa.<\/li>\n<li>Bateria de \u00edons de l\u00edtio de 420 Mha com longa dura\u00e7\u00e3o (30 dias de trabalho).<\/li>\n<li>Economia autom\u00e1tica de energia.<\/li>\n<li>Fixa\u00e7\u00e3o magn\u00e9tica do teclado no case.<\/li>\n<\/ul>\n<p>CAPA PARA IPAD PRO 12.9<\/p>\n<ul>\n<li>Material externo resistente com acabamento em tecido.<\/li>\n<li>Capa anti-impacto semi-r\u00edgida com m\u00e1xima prote\u00e7\u00e3o para o seu iPad.<\/li>\n<li>Interior aveludado para evitar arranh\u00f5es.<\/li>\n<li>Abertura para c\u00e2mera e porta de carregamento.<\/li>\n<li>Acesso a todos os bot\u00f5es, alto-falantes, microfone e sensores.<\/li>\n<li>Espa\u00e7o exclusivo para transportar o Apple Pencil.<\/li>\n<li>Sistema de fechamento com aba magn\u00e9tica.<\/li>\n<li>Transporte seguro.<\/li>\n<\/ul>\n","protected":false},"excerpt":{"rendered":"<p>Exclusivamente para o iPad Pro de 12,9&#8243;. Agora voc\u00ea pode trabalhar como um profissional e aproveitar ao m\u00e1ximo seu iPad gra\u00e7as a este teclado Bluetooth de \u00faltima gera\u00e7\u00e3o, com um TouchPad ultrapreciso (requer iOS 13 ou superior) e teclas com retroilumina\u00e7\u00e3o de 7 cores para uso em condi\u00e7\u00f5es de pouca luz.<\/p>\n","protected":false},"featured_media":78929,"template":"","meta":[],"product_brand":[],"product_cat":[1941,2064,2063,1943,1944,2431,1942,1803,2220],"product_tag":[2068],"class_list":{"0":"post-81854","1":"product","2":"type-product","3":"status-publish","4":"has-post-thumbnail","6":"product_cat-acessorios-tablet","7":"product_cat-capas-com-teclado-bluetooth-para-tablet-pt-pt","8":"product_cat-capas-com-teclado-para-tablet-pt-pt","9":"product_cat-capas-exclusivas-para-tablet-pt-pt","10":"product_cat-capas-para-ipad","11":"product_cat-capas-para-ipad-com-teclado","12":"product_cat-capas-para-tablet-pt-pt","13":"product_cat-teclados-bluetooth-pt-pt","14":"product_cat-teclados-para-ipad-pt-pt","15":"product_tag-con-teclado-extraible-pt-pt","17":"first","18":"outofstock","19":"taxable","20":"shipping-taxable","21":"purchasable","22":"product-type-simple"},"_links":{"self":[{"href":"https:\/\/subblim.com\/pt-pt\/wp-json\/wp\/v2\/product\/81854","targetHints":{"allow":["GET"]}}],"collection":[{"href":"https:\/\/subblim.com\/pt-pt\/wp-json\/wp\/v2\/product"}],"about":[{"href":"https:\/\/subblim.com\/pt-pt\/wp-json\/wp\/v2\/types\/product"}],"version-history":[{"count":0,"href":"https:\/\/subblim.com\/pt-pt\/wp-json\/wp\/v2\/product\/81854\/revisions"}],"wp:featuredmedia":[{"embeddable":true,"href":"https:\/\/subblim.com\/pt-pt\/wp-json\/wp\/v2\/media\/78929"}],"wp:attachment":[{"href":"https:\/\/subblim.com\/pt-pt\/wp-json\/wp\/v2\/media?parent=81854"}],"wp:term":[{"taxonomy":"product_brand","embeddable":true,"href":"https:\/\/subblim.com\/pt-pt\/wp-json\/wp\/v2\/product_brand?post=81854"},{"taxonomy":"product_cat","embeddable":true,"href":"https:\/\/subblim.com\/pt-pt\/wp-json\/wp\/v2\/product_cat?post=81854"},{"taxonomy":"product_tag","embeddable":true,"href":"https:\/\/subblim.com\/pt-pt\/wp-json\/wp\/v2\/product_tag?post=81854"}],"curies":[{"name":"wp","href":"https:\/\/api.w.org\/{rel}","templated":true}]}}