{"id":81845,"date":"2022-10-26T12:04:22","date_gmt":"2022-10-26T10:04:22","guid":{"rendered":"https:\/\/subblim.com\/funda-teclado-keytab-pro-bt-lenovo-tab-m10-hd-tb-x306\/"},"modified":"2025-06-12T12:21:55","modified_gmt":"2025-06-12T10:21:55","slug":"capa-teclado-keytab-pro-bt-lenovo-tab-m10-hd-tb-x306","status":"publish","type":"product","link":"https:\/\/subblim.com\/pt-pt\/capa-teclado-keytab-pro-bt-lenovo-tab-m10-hd-tb-x306\/","title":{"rendered":"Capa com teclado para Lenovo Tab M10 HD TB306 Keytab Pro BT"},"content":{"rendered":"<p>Esta capa SUBBLIM vers\u00e1til e protetora, exclusiva para o tablet Lenovo Tab M10 HD TB-X306, possui um teclado remov\u00edvel que permite alternar entre trabalho e lazer com facilidade.<br \/> O sistema de molas sob cada tecla garante uma resposta t\u00e1til a cada toque, ajudando voc\u00ea a digitar mais r\u00e1pido e com menos erros do que em uma tela sens\u00edvel ao toque.<br \/> O design ultrafino da capa adiciona prote\u00e7\u00e3o m\u00e1xima em um espa\u00e7o m\u00ednimo.<br \/> Encontre o \u00e2ngulo perfeito no modo paisagem com o suporte ajust\u00e1vel que se personaliza de acordo com suas prefer\u00eancias de visualiza\u00e7\u00e3o.<br \/> Todas as fun\u00e7\u00f5es do tablet s\u00e3o acess\u00edveis mesmo com a capa colocada.<\/p>\n<ul>\n<li>Teclado BT exclusivo com capa para o tablet Lenovo Tab M10 HD TB-X306.<\/li>\n<li>Compat\u00edvel com dispositivos Windows, Android, iOS e macOS.<\/li>\n<li>Bateria de \u00edons de l\u00edtio de 420 Mha com longa dura\u00e7\u00e3o (tempo de funcionamento de 30 dias).<\/li>\n<li>Economia de energia autom\u00e1tica.<\/li>\n<li>Fixa\u00e7\u00e3o magn\u00e9tica do teclado na capa.<\/li>\n<li>Material externo dur\u00e1vel com acabamento em tecido.<\/li>\n<li>Interior em veludo para evitar arranh\u00f5es.<\/li>\n<li>Acesso dedicado aos bot\u00f5es, \u00e0 porta de carregamento e ao conector para fones de ouvido.<\/li>\n<li>Recorte para a c\u00e2mera traseira.<\/li>\n<li>Sistema de fechamento com aba magn\u00e9tica.<\/li>\n<li>Transporte seguro.<\/li>\n<\/ul>\n","protected":false},"excerpt":{"rendered":"<p>Capa exclusiva com teclado Bluetooth remov\u00edvel para o tablet Lenovo Tab M10 HD TB-X306. Design ultrafino para transportar o teclado e o tablet com m\u00e1xima prote\u00e7\u00e3o em um espa\u00e7o m\u00ednimo.<\/p>\n","protected":false},"featured_media":78839,"template":"","meta":[],"product_brand":[],"product_cat":[1941,2064,2063,1943,1942,2065,2067],"product_tag":[2068],"class_list":{"0":"post-81845","1":"product","2":"type-product","3":"status-publish","4":"has-post-thumbnail","6":"product_cat-acessorios-tablet","7":"product_cat-capas-com-teclado-bluetooth-para-tablet-pt-pt","8":"product_cat-capas-com-teclado-para-tablet-pt-pt","9":"product_cat-capas-exclusivas-para-tablet-pt-pt","10":"product_cat-capas-para-tablet-pt-pt","11":"product_cat-capas-para-tablet-lenovo-com-teclado","12":"product_cat-capas-para-tablets-lenovo","13":"product_tag-con-teclado-extraible-pt-pt","15":"first","16":"outofstock","17":"taxable","18":"shipping-taxable","19":"purchasable","20":"product-type-simple"},"_links":{"self":[{"href":"https:\/\/subblim.com\/pt-pt\/wp-json\/wp\/v2\/product\/81845","targetHints":{"allow":["GET"]}}],"collection":[{"href":"https:\/\/subblim.com\/pt-pt\/wp-json\/wp\/v2\/product"}],"about":[{"href":"https:\/\/subblim.com\/pt-pt\/wp-json\/wp\/v2\/types\/product"}],"version-history":[{"count":0,"href":"https:\/\/subblim.com\/pt-pt\/wp-json\/wp\/v2\/product\/81845\/revisions"}],"wp:featuredmedia":[{"embeddable":true,"href":"https:\/\/subblim.com\/pt-pt\/wp-json\/wp\/v2\/media\/78839"}],"wp:attachment":[{"href":"https:\/\/subblim.com\/pt-pt\/wp-json\/wp\/v2\/media?parent=81845"}],"wp:term":[{"taxonomy":"product_brand","embeddable":true,"href":"https:\/\/subblim.com\/pt-pt\/wp-json\/wp\/v2\/product_brand?post=81845"},{"taxonomy":"product_cat","embeddable":true,"href":"https:\/\/subblim.com\/pt-pt\/wp-json\/wp\/v2\/product_cat?post=81845"},{"taxonomy":"product_tag","embeddable":true,"href":"https:\/\/subblim.com\/pt-pt\/wp-json\/wp\/v2\/product_tag?post=81845"}],"curies":[{"name":"wp","href":"https:\/\/api.w.org\/{rel}","templated":true}]}}