{"id":81833,"date":"2022-10-26T12:04:48","date_gmt":"2022-10-26T10:04:48","guid":{"rendered":"https:\/\/subblim.com\/funda-teclado-keytab-pro-bt-trendy-marmol-blanco\/"},"modified":"2026-03-02T03:55:08","modified_gmt":"2026-03-02T02:55:08","slug":"capa-para-teclado-keytab-pro-bt-trendy-marble-white","status":"publish","type":"product","link":"https:\/\/subblim.com\/pt-pt\/capa-para-teclado-keytab-pro-bt-trendy-marble-white\/","title":{"rendered":"Capa para teclado Bluetooth Keytab Pro, cor m\u00e1rmore branco, tend\u00eancia"},"content":{"rendered":"<p>Este teclado Bluetooth est\u00e1 integrado a uma capa de alta qualidade compat\u00edvel com todos os tablets de 9,6&#8243; a 11&#8243; do mercado. O design em m\u00e1rmore branco \u00e9 sin\u00f4nimo de delicadeza e beleza. \u00c9 energ\u00e9tico e estimulante para enfrentar o seu dia a dia.<br \/> Conecta-se perfeitamente a qualquer dispositivo compat\u00edvel com a tecnologia Bluetooth 5.2 de \u00faltima gera\u00e7\u00e3o para uma digita\u00e7\u00e3o mais r\u00e1pida e confort\u00e1vel.<br \/> Um mecanismo de mola sob cada tecla garante uma resposta t\u00e1til a cada toque, ajudando voc\u00ea a digitar mais r\u00e1pido e com menos erros do que em uma tela sens\u00edvel ao toque.<br \/> O design ultrafino da capa adiciona prote\u00e7\u00e3o m\u00e1xima com volume m\u00ednimo.<br \/> Voc\u00ea pode posicion\u00e1-lo no modo Stand para digita\u00e7\u00e3o correta ou assistir a v\u00eddeos.<\/p>\n<ul>\n<li>Esta capa vers\u00e1til e protetora da SUBBLIM possui um teclado integrado que permite um transporte mais leve.<\/li>\n<li>Voc\u00ea pode alternar entre trabalho e lazer com facilidade, onde quer que o use.<\/li>\n<li>Teclado espanhol com tecnologia Bluetooth integrada e capa para tablets de at\u00e9 11\u201d.<\/li>\n<li>Vers\u00e3o sem fio Bluetooth 5.2 que suporta a conex\u00e3o de at\u00e9 3 dispositivos em canais diferentes.<\/li>\n<li>Compat\u00edvel com dispositivos Windows\u00ae 8\/10\/11, AndroidTM, iOS\/iPadOS 13 e MacOS.<\/li>\n<li>Use com iPad 10.2\u201d, Samsung Tab A8, A7, Lenovo Tab M10, M10 FHD, Huawei, Xiaomi, TCL, SPC, Denver, Alcatel.<\/li>\n<li>Bateria de \u00edons de l\u00edtio de 300 Mha com longa dura\u00e7\u00e3o (30 dias de trabalho).<\/li>\n<li>Economia autom\u00e1tica de energia e menor consumo.<\/li>\n<li>Material externo resistente com acabamento em PU.<\/li>\n<li>Acesso dedicado aos bot\u00f5es e \u00e0 porta de carregamento.<\/li>\n<li>Sistema de fechamento com faixa el\u00e1stica para transporte seguro.<\/li>\n<\/ul>\n","protected":false},"excerpt":{"rendered":"<p>Este teclado Bluetooth 5.2 est\u00e1 integrado em um case de alta qualidade compat\u00edvel com todos os tablets de 9,6&#8243; a 11&#8243; do mercado. Apresenta um design delicado e bonito. Adicione personalidade ao seu tablet e aproveite ao m\u00e1ximo, transformando-o em um laptop.<\/p>\n","protected":false},"featured_media":79011,"template":"","meta":[],"product_brand":[],"product_cat":[386,1185,1180,412,1698,1210,1733],"product_tag":[],"class_list":{"0":"post-81833","1":"product","2":"type-product","3":"status-publish","4":"has-post-thumbnail","6":"product_cat-accesorios-tablet","7":"product_cat-fundas-con-teclado-bluetooth","8":"product_cat-fundas-con-teclado","9":"product_cat-fundas-tablet","10":"product_cat-fundas-universales-de-9-6-a-11-con-teclado","11":"product_cat-keytab-pro-bluetooth-trendy-fundas-con-teclado-bluetooth","12":"product_cat-menos-20","14":"first","15":"instock","16":"sale","17":"taxable","18":"shipping-taxable","19":"purchasable","20":"product-type-simple"},"_links":{"self":[{"href":"https:\/\/subblim.com\/pt-pt\/wp-json\/wp\/v2\/product\/81833","targetHints":{"allow":["GET"]}}],"collection":[{"href":"https:\/\/subblim.com\/pt-pt\/wp-json\/wp\/v2\/product"}],"about":[{"href":"https:\/\/subblim.com\/pt-pt\/wp-json\/wp\/v2\/types\/product"}],"version-history":[{"count":0,"href":"https:\/\/subblim.com\/pt-pt\/wp-json\/wp\/v2\/product\/81833\/revisions"}],"wp:featuredmedia":[{"embeddable":true,"href":"https:\/\/subblim.com\/pt-pt\/wp-json\/wp\/v2\/media\/79011"}],"wp:attachment":[{"href":"https:\/\/subblim.com\/pt-pt\/wp-json\/wp\/v2\/media?parent=81833"}],"wp:term":[{"taxonomy":"product_brand","embeddable":true,"href":"https:\/\/subblim.com\/pt-pt\/wp-json\/wp\/v2\/product_brand?post=81833"},{"taxonomy":"product_cat","embeddable":true,"href":"https:\/\/subblim.com\/pt-pt\/wp-json\/wp\/v2\/product_cat?post=81833"},{"taxonomy":"product_tag","embeddable":true,"href":"https:\/\/subblim.com\/pt-pt\/wp-json\/wp\/v2\/product_tag?post=81833"}],"curies":[{"name":"wp","href":"https:\/\/api.w.org\/{rel}","templated":true}]}}