{"id":81830,"date":"2022-11-21T08:46:28","date_gmt":"2022-11-21T07:46:28","guid":{"rendered":"https:\/\/subblim.com\/alfombrilla-cargador-inalambrico-aluminio-silver-10w-2\/"},"modified":"2026-04-30T00:10:14","modified_gmt":"2026-04-29T22:10:14","slug":"tapete-de-carregamento-sem-fio-aluminio-prata-10w-2","status":"publish","type":"product","link":"https:\/\/subblim.com\/pt-pt\/tapete-de-carregamento-sem-fio-aluminio-prata-10w-2\/","title":{"rendered":"Tapete carregador sem fio de alum\u00ednio prateado de 10 W"},"content":{"rendered":"<p>Desfrute de sensa\u00e7\u00f5es premium com um design inovador e uma superf\u00edcie de alum\u00ednio anodizado que permite um movimento ideal do mouse.<br \/>Tapete que incorpora uma base de carregamento sem fio para dispositivos m\u00f3veis (Android, Apple e Windows Phone) e mouses compat\u00edveis com carregamento r\u00e1pido por indu\u00e7\u00e3o de at\u00e9 10 W. <br \/>A base \u00e9 feita de borracha antiderrapante para que n\u00e3o se mova do lugar.<\/p>\n<p>Acabamentos de qualidade com um processo de fabrica\u00e7\u00e3o cuidadoso.<\/p>\n<ul>\n<li>Superf\u00edcie de alum\u00ednio anodizado.<\/li>\n<li>\n<p>A base antiderrapante garante que ele sempre permane\u00e7a no lugar.<\/li>\n<li>\n<p>Mantenha sua mesa muito mais limpa e organizada com o elegante mouse pad SUBBLIM.<\/li>\n<li>\n<p>Carregamento super r\u00e1pido de 10 W.<\/li>\n<li>\n<p>Indicadores LED de status de carregamento.<\/li>\n<\/ul>\n","protected":false},"excerpt":{"rendered":"<p>Solu\u00e7\u00e3o 2 em 1. Um mouse pad de alta qualidade para controle perfeito do mouse e a conveni\u00eancia de um carregador sem fio para o seu celular, tudo em um.<\/p>\n","protected":false},"featured_media":79163,"template":"","meta":[],"product_brand":[],"product_cat":[502,1734,501],"product_tag":[],"class_list":{"0":"post-81830","1":"product","2":"type-product","3":"status-publish","4":"has-post-thumbnail","6":"product_cat-con-carga-inalambrica","7":"product_cat-menos-30","8":"product_cat-alfombrillas-raton","10":"first","11":"instock","12":"taxable","13":"shipping-taxable","14":"purchasable","15":"product-type-simple"},"_links":{"self":[{"href":"https:\/\/subblim.com\/pt-pt\/wp-json\/wp\/v2\/product\/81830","targetHints":{"allow":["GET"]}}],"collection":[{"href":"https:\/\/subblim.com\/pt-pt\/wp-json\/wp\/v2\/product"}],"about":[{"href":"https:\/\/subblim.com\/pt-pt\/wp-json\/wp\/v2\/types\/product"}],"version-history":[{"count":0,"href":"https:\/\/subblim.com\/pt-pt\/wp-json\/wp\/v2\/product\/81830\/revisions"}],"wp:featuredmedia":[{"embeddable":true,"href":"https:\/\/subblim.com\/pt-pt\/wp-json\/wp\/v2\/media\/79163"}],"wp:attachment":[{"href":"https:\/\/subblim.com\/pt-pt\/wp-json\/wp\/v2\/media?parent=81830"}],"wp:term":[{"taxonomy":"product_brand","embeddable":true,"href":"https:\/\/subblim.com\/pt-pt\/wp-json\/wp\/v2\/product_brand?post=81830"},{"taxonomy":"product_cat","embeddable":true,"href":"https:\/\/subblim.com\/pt-pt\/wp-json\/wp\/v2\/product_cat?post=81830"},{"taxonomy":"product_tag","embeddable":true,"href":"https:\/\/subblim.com\/pt-pt\/wp-json\/wp\/v2\/product_tag?post=81830"}],"curies":[{"name":"wp","href":"https:\/\/api.w.org\/{rel}","templated":true}]}}