{"id":81824,"date":"2022-11-21T09:46:28","date_gmt":"2022-11-21T08:46:28","guid":{"rendered":"https:\/\/subblim.com\/alfombrilla-tapete-raton-con-luz-led-rgb-9-colores-extra-grande-chip\/"},"modified":"2025-06-12T12:21:55","modified_gmt":"2025-06-12T10:21:55","slug":"mouse-pad-com-luz-led-rgb-9-cores-extra-grande-chip","status":"publish","type":"product","link":"https:\/\/subblim.com\/pt-pt\/mouse-pad-com-luz-led-rgb-9-cores-extra-grande-chip\/","title":{"rendered":"Mouse Pad com chip LED RGB extra grande"},"content":{"rendered":"<div class=\"page\" title=\"Page 1\">\n<div class=\"section\">\n<div class=\"layoutArea\">\n<div class=\"column\">\n<ul>\n<li>A vers\u00e3o extra grande de 800x300x4 mm permite acomodar o mouse e o teclado para um n\u00edvel constante de jogo ou trabalho<\/li>\n<li>9 cores selecion\u00e1veis e 3 efeitos de ilumina\u00e7\u00e3o<\/li>\n<li>Oferece bastante espa\u00e7o para jogos profissionais ou trabalho de escrit\u00f3rio que voc\u00ea pode complementar com diferentes acess\u00f3rios<\/li>\n<li>Bordas refor\u00e7adas de alta qualidade para durabilidade e uma apar\u00eancia limpa e profissional.<\/li>\n<li>Superf\u00edcie otimizada para desempenho m\u00e1ximo<\/li>\n<li>Voc\u00ea ser\u00e1 movido de dimens\u00e3o com o design avan\u00e7ado e interconectado de um chipset do tamanho de um desktop!<\/li>\n<li>Superf\u00edcie resistente \u00e0 \u00e1gua<\/li>\n<li>F\u00e1cil de limpar com um pano \u00famido<\/li>\n<li>Alta elasticidade<\/li>\n<li>Base de borracha antiderrapante que evita deslizamentos acidentais<\/li>\n<\/ul><\/div>\n<\/p><\/div>\n<\/p><\/div>\n<\/p><\/div>\n<div class=\"page\" title=\"Page 1\">\n<div class=\"section\">\n<div class=\"layoutArea\">\n<div class=\"column\">\n<p><strong>Superf\u00edcie ultralisa:<\/strong> Tecido de alta qualidade tratado para garantir movimentos suaves. Otimizado para movimentos r\u00e1pidos, mantendo excelente velocidade e controle durante os jogos. Permite um deslizamento suave do mouse. Possui um revestimento \u00e0 prova d&#8217;\u00e1gua para evitar danos causados por bebidas derramadas ou outros acidentes e permite f\u00e1cil limpeza com um pano \u00famido.<\/p>\n<p><strong>Estabilidade e ader\u00eancia:<\/strong> A base de borracha proporciona uma ader\u00eancia firme na superf\u00edcie de trabalho, evitando que o mouse deslize ou se mova durante o uso. Isso \u00e9 crucial para garantir movimentos precisos do mouse, pois qualquer deslocamento do mousepad pode interferir na precis\u00e3o e no controle, especialmente durante atividades como design gr\u00e1fico ou jogos.<\/p>\n<p><strong>Superf\u00edcie lisa e uniforme:<\/strong> Uma base de borracha s\u00f3lida garante que o mousepad permane\u00e7a plano e n\u00e3o enrugue. Um mousepad enrugado pode dificultar o deslizamento suave do mouse, resultando em uma experi\u00eancia de usu\u00e1rio frustrante e menos eficiente. Vincos podem fazer com que o mouse emperre ou que os movimentos n\u00e3o sejam registrados uniformemente.<\/p>\n<p><strong>Amortecimento e Conforto:<\/strong> A base de borracha oferece amortecimento que pode reduzir o estresse no pulso e na m\u00e3o, proporcionando uma experi\u00eancia de usu\u00e1rio mais confort\u00e1vel por longos per\u00edodos. Isso \u00e9 especialmente relevante para quem passa longas horas usando o mouse, como profissionais e gamers.<\/p>\n<\/p><\/div>\n<\/p><\/div>\n<\/p><\/div>\n<\/p><\/div>\n","protected":false},"excerpt":{"rendered":"<div class=\"page\" title=\"Page 1\">\n<div class=\"section\">\n<div class=\"layoutArea\">\n<div class=\"column\"> Dimens\u00f5es enormes combinadas com a melhor experi\u00eancia de ilumina\u00e7\u00e3o far\u00e3o do Mouse Pad Subblim RGB LED um dos seus acess\u00f3rios essenciais para longas horas de entretenimento ou para uso profissional. Voc\u00ea ser\u00e1 transportado em dimens\u00e3o com o design avan\u00e7ado e interconectado de um Chipset do tamanho de um desktop. <\/div>\n<\/p><\/div>\n<\/p><\/div>\n<\/p><\/div>\n","protected":false},"featured_media":79151,"template":"","meta":[],"product_brand":[],"product_cat":[1733,501,1633,503],"product_tag":[],"class_list":{"0":"post-81824","1":"product","2":"type-product","3":"status-publish","4":"has-post-thumbnail","6":"product_cat-menos-20","7":"product_cat-alfombrillas-raton","8":"product_cat-alfombrillas-led","9":"product_cat-alfombrillas-xl","11":"first","12":"outofstock","13":"taxable","14":"shipping-taxable","15":"purchasable","16":"product-type-simple"},"_links":{"self":[{"href":"https:\/\/subblim.com\/pt-pt\/wp-json\/wp\/v2\/product\/81824","targetHints":{"allow":["GET"]}}],"collection":[{"href":"https:\/\/subblim.com\/pt-pt\/wp-json\/wp\/v2\/product"}],"about":[{"href":"https:\/\/subblim.com\/pt-pt\/wp-json\/wp\/v2\/types\/product"}],"version-history":[{"count":0,"href":"https:\/\/subblim.com\/pt-pt\/wp-json\/wp\/v2\/product\/81824\/revisions"}],"wp:featuredmedia":[{"embeddable":true,"href":"https:\/\/subblim.com\/pt-pt\/wp-json\/wp\/v2\/media\/79151"}],"wp:attachment":[{"href":"https:\/\/subblim.com\/pt-pt\/wp-json\/wp\/v2\/media?parent=81824"}],"wp:term":[{"taxonomy":"product_brand","embeddable":true,"href":"https:\/\/subblim.com\/pt-pt\/wp-json\/wp\/v2\/product_brand?post=81824"},{"taxonomy":"product_cat","embeddable":true,"href":"https:\/\/subblim.com\/pt-pt\/wp-json\/wp\/v2\/product_cat?post=81824"},{"taxonomy":"product_tag","embeddable":true,"href":"https:\/\/subblim.com\/pt-pt\/wp-json\/wp\/v2\/product_tag?post=81824"}],"curies":[{"name":"wp","href":"https:\/\/api.w.org\/{rel}","templated":true}]}}