{"id":81809,"date":"2022-11-21T09:46:28","date_gmt":"2022-11-21T08:46:28","guid":{"rendered":"https:\/\/subblim.com\/alfombrilla-raton-hada-xl-mouse-pad-90x40\/"},"modified":"2026-03-02T03:55:08","modified_gmt":"2026-03-02T02:55:08","slug":"mouse-pad-fairy-xl-mouse-pad-90x40","status":"publish","type":"product","link":"https:\/\/subblim.com\/pt-pt\/mouse-pad-fairy-xl-mouse-pad-90x40\/","title":{"rendered":"Mouse Pad XL 90 X 40 Fairy"},"content":{"rendered":"<p>O mouse pad Fairy em tons de rosa e seu design delicado e chique dar\u00e3o um toque feminino \u00e0 sua mesa, renovando completamente sua apar\u00eancia.<\/p>\n<p>&nbsp;<\/p>\n<ul>\n<li>A vers\u00e3o extragrande de 900x400x3 mm permite acomodar seu mouse e teclado para um n\u00edvel constante de jogo ou trabalho.<\/li>\n<li>Base de borracha antiderrapante que evita deslizamentos acidentais e oferece \u00f3tima estabilidade gra\u00e7as \u00e0 espessura.<\/li>\n<li>F\u00e1cil de limpar.<\/li>\n<li>Alta elasticidade, amortecimento e conforto.<\/li>\n<li>Oferece bastante espa\u00e7o para jogos profissionais ou trabalho de escrit\u00f3rio e v\u00e1rios acess\u00f3rios adicionais.<\/li>\n<li>Bordas refor\u00e7adas e dur\u00e1veis para evitar deforma\u00e7\u00f5es.<\/li>\n<li>Tecnologia de impress\u00e3o de alta precis\u00e3o e alta qualidade com detalhes de imagem definidos.<\/li>\n<\/ul>\n<div class=\"page\" title=\"Page 3\">\n<div class=\"section\">\n<div class=\"layoutArea\">\n<div class=\"column\">\n<p>A base de borracha \u00e9 essencial para a funcionalidade e durabilidade de um mouse pad, proporcionando estabilidade, uma superf\u00edcie lisa e uma longa vida \u00fatil. A camada t\u00eaxtil serve apenas para fins est\u00e9ticos e depende inteiramente da base de borracha para ser verdadeiramente eficaz. Sem uma base adequada, os mouse pads seriam desconfort\u00e1veis, ineficazes e se deteriorariam rapidamente.<\/p>\n<\/p><\/div>\n<\/p><\/div>\n<\/p><\/div>\n<\/p><\/div>\n<\/p><\/div>\n","protected":false},"excerpt":{"rendered":"<p> Mouse Pad XL Fada e Borboleta tem dimens\u00f5es magn\u00edficas. Aproveite seus 90 x 40 cm, com 3 mm de espessura, n\u00e3o s\u00f3 para o seu mouse, mas tamb\u00e9m para o seu teclado. O mouse pad em tons de rosa e seu design delicado e chique dar\u00e3o um toque feminino \u00e0 sua mesa, renovando completamente sua apar\u00eancia.<\/p>\n","protected":false},"featured_media":79090,"template":"","meta":[],"product_brand":[],"product_cat":[1732,501,503],"product_tag":[],"class_list":{"0":"post-81809","1":"product","2":"type-product","3":"status-publish","4":"has-post-thumbnail","6":"product_cat-menos-10","7":"product_cat-alfombrillas-raton","8":"product_cat-alfombrillas-xl","10":"first","11":"instock","12":"sale","13":"taxable","14":"shipping-taxable","15":"purchasable","16":"product-type-simple"},"_links":{"self":[{"href":"https:\/\/subblim.com\/pt-pt\/wp-json\/wp\/v2\/product\/81809","targetHints":{"allow":["GET"]}}],"collection":[{"href":"https:\/\/subblim.com\/pt-pt\/wp-json\/wp\/v2\/product"}],"about":[{"href":"https:\/\/subblim.com\/pt-pt\/wp-json\/wp\/v2\/types\/product"}],"version-history":[{"count":0,"href":"https:\/\/subblim.com\/pt-pt\/wp-json\/wp\/v2\/product\/81809\/revisions"}],"wp:featuredmedia":[{"embeddable":true,"href":"https:\/\/subblim.com\/pt-pt\/wp-json\/wp\/v2\/media\/79090"}],"wp:attachment":[{"href":"https:\/\/subblim.com\/pt-pt\/wp-json\/wp\/v2\/media?parent=81809"}],"wp:term":[{"taxonomy":"product_brand","embeddable":true,"href":"https:\/\/subblim.com\/pt-pt\/wp-json\/wp\/v2\/product_brand?post=81809"},{"taxonomy":"product_cat","embeddable":true,"href":"https:\/\/subblim.com\/pt-pt\/wp-json\/wp\/v2\/product_cat?post=81809"},{"taxonomy":"product_tag","embeddable":true,"href":"https:\/\/subblim.com\/pt-pt\/wp-json\/wp\/v2\/product_tag?post=81809"}],"curies":[{"name":"wp","href":"https:\/\/api.w.org\/{rel}","templated":true}]}}