{"id":81803,"date":"2022-11-21T09:46:28","date_gmt":"2022-11-21T08:46:28","guid":{"rendered":"https:\/\/subblim.com\/alfombrilla-raton-vintage-world-xl\/"},"modified":"2026-05-04T00:05:09","modified_gmt":"2026-05-03T22:05:09","slug":"mousepad-vintage-world-xl","status":"publish","type":"product","link":"https:\/\/subblim.com\/pt-pt\/mousepad-vintage-world-xl\/","title":{"rendered":"Mouse Pad Vintage World XL"},"content":{"rendered":"<p>Mouse pad de tamanho de mesa com um design de mapa-m\u00fandi vintage que dar\u00e1 \u00e0 sua mesa um toque de design elegante e vanguardista.<\/p>\n<p>&nbsp;<\/p>\n<ul>\n<li>A vers\u00e3o extra grande de 900x400x3 mm permite acomodar o mouse e o teclado para um n\u00edvel constante de jogo ou trabalho.<\/li>\n<li>Base de borracha antiderrapante que evita deslizamentos acidentais, oferece grande estabilidade gra\u00e7as \u00e0 espessura.<\/li>\n<li>F\u00e1cil de limpar.<\/li>\n<li>Alta elasticidade, amortecimento e conforto.<\/li>\n<li>Oferece bastante espa\u00e7o para jogos profissionais ou trabalho de escrit\u00f3rio e v\u00e1rios acess\u00f3rios adicionais.<\/li>\n<li>Bordas refor\u00e7adas e dur\u00e1veis para evitar deforma\u00e7\u00f5es.<\/li>\n<li>Tecnologia de impress\u00e3o de alta precis\u00e3o e alta qualidade com detalhes de imagem definidos.<\/li>\n<\/ul>\n<p>A base de borracha \u00e9 fundamental para a funcionalidade e durabilidade de um mouse pad, proporcionando estabilidade, uma superf\u00edcie uniforme e uma longa vida \u00fatil. A camada t\u00eaxtil serve apenas para fins est\u00e9ticos e depende inteiramente da base de borracha para ser realmente eficaz. Sem uma base adequada, os mouse pads seriam desconfort\u00e1veis, ineficazes e se deteriorariam rapidamente.<\/p>\n<ul>\n<li style=\"list-style-type: none\"><\/li>\n<\/ul>\n","protected":false},"excerpt":{"rendered":"<p> mouse pad Vintage World XL tem dimens\u00f5es magn\u00edficas: 90 x 40 cm e 3 mm de espessura. Seu tamanho compacto o torna adequado n\u00e3o apenas para o mouse, mas tamb\u00e9m para o teclado. Seu design vintage com mapa-m\u00fandi dar\u00e1 \u00e0 sua mesa um toque de eleg\u00e2ncia e design vanguardista.<\/p>\n","protected":false},"featured_media":79071,"template":"","meta":[],"product_brand":[],"product_cat":[2145,2298,2299],"product_tag":[],"class_list":{"0":"post-81803","1":"product","2":"type-product","3":"status-publish","4":"has-post-thumbnail","6":"product_cat-menos-10-pt-pt","7":"product_cat-tapetes-de-rato-pt-pt","8":"product_cat-tapetes-de-rato-xl-pt-pt","10":"first","11":"outofstock","12":"taxable","13":"shipping-taxable","14":"purchasable","15":"product-type-simple"},"_links":{"self":[{"href":"https:\/\/subblim.com\/pt-pt\/wp-json\/wp\/v2\/product\/81803","targetHints":{"allow":["GET"]}}],"collection":[{"href":"https:\/\/subblim.com\/pt-pt\/wp-json\/wp\/v2\/product"}],"about":[{"href":"https:\/\/subblim.com\/pt-pt\/wp-json\/wp\/v2\/types\/product"}],"version-history":[{"count":0,"href":"https:\/\/subblim.com\/pt-pt\/wp-json\/wp\/v2\/product\/81803\/revisions"}],"wp:featuredmedia":[{"embeddable":true,"href":"https:\/\/subblim.com\/pt-pt\/wp-json\/wp\/v2\/media\/79071"}],"wp:attachment":[{"href":"https:\/\/subblim.com\/pt-pt\/wp-json\/wp\/v2\/media?parent=81803"}],"wp:term":[{"taxonomy":"product_brand","embeddable":true,"href":"https:\/\/subblim.com\/pt-pt\/wp-json\/wp\/v2\/product_brand?post=81803"},{"taxonomy":"product_cat","embeddable":true,"href":"https:\/\/subblim.com\/pt-pt\/wp-json\/wp\/v2\/product_cat?post=81803"},{"taxonomy":"product_tag","embeddable":true,"href":"https:\/\/subblim.com\/pt-pt\/wp-json\/wp\/v2\/product_tag?post=81803"}],"curies":[{"name":"wp","href":"https:\/\/api.w.org\/{rel}","templated":true}]}}