{"id":81800,"date":"2022-11-21T09:46:28","date_gmt":"2022-11-21T08:46:28","guid":{"rendered":"https:\/\/subblim.com\/alfombrilla-raton-graffiti-mouse-pad\/"},"modified":"2026-03-02T03:55:08","modified_gmt":"2026-03-02T02:55:08","slug":"mouse-pad-de-grafite","status":"publish","type":"product","link":"https:\/\/subblim.com\/pt-pt\/mouse-pad-de-grafite\/","title":{"rendered":"Mouse Pad XL Graffiti"},"content":{"rendered":"<p>Mouse pads s\u00e3o um acess\u00f3rio essencial para muitos usu\u00e1rios de computador, especialmente aqueles que exigem precis\u00e3o e conforto no uso di\u00e1rio. A constru\u00e7\u00e3o de um bom mouse pad deve incluir uma base de borracha e uma camada superior de tecido com fun\u00e7\u00e3o puramente est\u00e9tica. Uma boa base de borracha \u00e9 essencial para o funcionamento adequado do mouse, enquanto a camada superior t\u00eaxtil serve principalmente a uma fun\u00e7\u00e3o est\u00e9tica e se torna ineficaz sem uma base adequada.<\/p>\n<p>&nbsp;<\/p>\n<ul>\n<li>A vers\u00e3o extragrande de 900x400x3 mm permite acomodar o mouse e o teclado para um n\u00edvel consistente de jogo ou trabalho.<\/li>\n<li>Base de borracha antiderrapante que evita deslizamentos acidentais, oferece grande estabilidade gra\u00e7as \u00e0 espessura.<\/li>\n<li>F\u00e1cil de limpar.<\/li>\n<li>Alta elasticidade, amortecimento e conforto.<\/li>\n<li>Oferece bastante espa\u00e7o para jogos profissionais ou trabalho de escrit\u00f3rio e v\u00e1rios acess\u00f3rios adicionais.<\/li>\n<li>Bordas refor\u00e7adas e dur\u00e1veis para evitar deforma\u00e7\u00f5es.<\/li>\n<li>Tecnologia de impress\u00e3o de alta precis\u00e3o e alta qualidade com detalhes de imagem definidos.<\/li>\n<\/ul>\n<p>A base de borracha \u00e9 essencial para a funcionalidade e durabilidade de um mouse pad, proporcionando estabilidade, uma superf\u00edcie uniforme e uma longa vida \u00fatil. A camada t\u00eaxtil serve exclusivamente para fins est\u00e9ticos e depende inteiramente da base de borracha para ser verdadeiramente eficaz. Sem uma base adequada, os mouse pads seriam desconfort\u00e1veis, ineficazes e se deteriorariam rapidamente.<\/p>\n<ul>\n<li style=\"list-style-type: none\">\n<ul>\n<li style=\"list-style-type: none\"><\/li>\n<\/ul>\n<\/li>\n<\/ul>\n","protected":false},"excerpt":{"rendered":"<p> design Graffiti \u00e9 inspirado na vers\u00e3o mais urbana dos jovens, que deixam a imagina\u00e7\u00e3o e a criatividade correrem soltas nos lugares mais inusitados.<\/p>\n","protected":false},"featured_media":79062,"template":"","meta":[],"product_brand":[],"product_cat":[1732,501,503],"product_tag":[1248],"class_list":{"0":"post-81800","1":"product","2":"type-product","3":"status-publish","4":"has-post-thumbnail","6":"product_cat-menos-10","7":"product_cat-alfombrillas-raton","8":"product_cat-alfombrillas-xl","9":"product_tag-menos-10","11":"first","12":"instock","13":"taxable","14":"shipping-taxable","15":"purchasable","16":"product-type-simple"},"_links":{"self":[{"href":"https:\/\/subblim.com\/pt-pt\/wp-json\/wp\/v2\/product\/81800","targetHints":{"allow":["GET"]}}],"collection":[{"href":"https:\/\/subblim.com\/pt-pt\/wp-json\/wp\/v2\/product"}],"about":[{"href":"https:\/\/subblim.com\/pt-pt\/wp-json\/wp\/v2\/types\/product"}],"version-history":[{"count":0,"href":"https:\/\/subblim.com\/pt-pt\/wp-json\/wp\/v2\/product\/81800\/revisions"}],"wp:featuredmedia":[{"embeddable":true,"href":"https:\/\/subblim.com\/pt-pt\/wp-json\/wp\/v2\/media\/79062"}],"wp:attachment":[{"href":"https:\/\/subblim.com\/pt-pt\/wp-json\/wp\/v2\/media?parent=81800"}],"wp:term":[{"taxonomy":"product_brand","embeddable":true,"href":"https:\/\/subblim.com\/pt-pt\/wp-json\/wp\/v2\/product_brand?post=81800"},{"taxonomy":"product_cat","embeddable":true,"href":"https:\/\/subblim.com\/pt-pt\/wp-json\/wp\/v2\/product_cat?post=81800"},{"taxonomy":"product_tag","embeddable":true,"href":"https:\/\/subblim.com\/pt-pt\/wp-json\/wp\/v2\/product_tag?post=81800"}],"curies":[{"name":"wp","href":"https:\/\/api.w.org\/{rel}","templated":true}]}}