{"id":81797,"date":"2022-11-21T09:46:28","date_gmt":"2022-11-21T08:46:28","guid":{"rendered":"https:\/\/subblim.com\/alfombrilla-raton-world-xl\/"},"modified":"2026-02-10T14:16:51","modified_gmt":"2026-02-10T13:16:51","slug":"mousepad-world-xl","status":"publish","type":"product","link":"https:\/\/subblim.com\/pt-pt\/mousepad-world-xl\/","title":{"rendered":"Mouse Pad XL World"},"content":{"rendered":"<p>Dimens\u00f5es magn\u00edficas. Aproveite seus 90 x 40 cm, com 3 mm de espessura, n\u00e3o s\u00f3 para o seu mouse, mas tamb\u00e9m para o seu teclado. O design do mapa-m\u00fandi em borracha antiderrapante com bordas refor\u00e7adas garante durabilidade.<\/p>\n<p>&nbsp;<\/p>\n<ul>\n<li>A vers\u00e3o extragrande de 900x400x3 mm permite acomodar o mouse e o teclado para um n\u00edvel consistente de jogo ou trabalho.<\/li>\n<li>A base de borracha antiderrapante evita deslizamentos acidentais e oferece \u00f3tima estabilidade gra\u00e7as \u00e0 espessura.<\/li>\n<li>F\u00e1cil de limpar.<\/li>\n<li>Alta elasticidade, amortecimento e conforto.<\/li>\n<li>Oferece bastante espa\u00e7o para jogos profissionais ou trabalho de escrit\u00f3rio e v\u00e1rios acess\u00f3rios adicionais.<\/li>\n<li>Bordas refor\u00e7adas e dur\u00e1veis para evitar deforma\u00e7\u00f5es.<\/li>\n<li>Tecnologia de impress\u00e3o de alta precis\u00e3o e alta qualidade com detalhes de imagem definidos.<\/li>\n<\/ul>\n<p>A base de borracha \u00e9 fundamental para a funcionalidade e durabilidade de um mouse pad, proporcionando estabilidade, uma superf\u00edcie uniforme e uma longa vida \u00fatil. A camada t\u00eaxtil \u00e9 apenas para fins est\u00e9ticos e depende inteiramente da base de borracha para ser verdadeiramente eficaz. Sem uma base adequada, os mouse pads seriam desconfort\u00e1veis, ineficazes e se deteriorariam rapidamente.<\/p>\n<ul>\n<li style=\"list-style-type: none\"><\/li>\n<\/ul>\n","protected":false},"excerpt":{"rendered":"<p>Dimens\u00f5es magn\u00edficas. Aproveite seus 90 x 40 cm e 3 mm de espessura, n\u00e3o s\u00f3 para o mouse, mas tamb\u00e9m para o teclado. O design do mapa-m\u00fandi dar\u00e1 \u00e0 sua mesa um toque de eleg\u00e2ncia e design vanguardista.<\/p>\n","protected":false},"featured_media":73454,"template":"","meta":[],"product_brand":[],"product_cat":[2145,2298,2299],"product_tag":[1892],"class_list":{"0":"post-81797","1":"product","2":"type-product","3":"status-publish","4":"has-post-thumbnail","6":"product_cat-menos-10-pt-pt","7":"product_cat-tapetes-de-rato-pt-pt","8":"product_cat-tapetes-de-rato-xl-pt-pt","9":"product_tag-menos-10-pt-pt","11":"first","12":"instock","13":"taxable","14":"shipping-taxable","15":"purchasable","16":"product-type-simple"},"_links":{"self":[{"href":"https:\/\/subblim.com\/pt-pt\/wp-json\/wp\/v2\/product\/81797","targetHints":{"allow":["GET"]}}],"collection":[{"href":"https:\/\/subblim.com\/pt-pt\/wp-json\/wp\/v2\/product"}],"about":[{"href":"https:\/\/subblim.com\/pt-pt\/wp-json\/wp\/v2\/types\/product"}],"version-history":[{"count":0,"href":"https:\/\/subblim.com\/pt-pt\/wp-json\/wp\/v2\/product\/81797\/revisions"}],"wp:featuredmedia":[{"embeddable":true,"href":"https:\/\/subblim.com\/pt-pt\/wp-json\/wp\/v2\/media\/73454"}],"wp:attachment":[{"href":"https:\/\/subblim.com\/pt-pt\/wp-json\/wp\/v2\/media?parent=81797"}],"wp:term":[{"taxonomy":"product_brand","embeddable":true,"href":"https:\/\/subblim.com\/pt-pt\/wp-json\/wp\/v2\/product_brand?post=81797"},{"taxonomy":"product_cat","embeddable":true,"href":"https:\/\/subblim.com\/pt-pt\/wp-json\/wp\/v2\/product_cat?post=81797"},{"taxonomy":"product_tag","embeddable":true,"href":"https:\/\/subblim.com\/pt-pt\/wp-json\/wp\/v2\/product_tag?post=81797"}],"curies":[{"name":"wp","href":"https:\/\/api.w.org\/{rel}","templated":true}]}}