{"id":81782,"date":"2023-04-25T12:59:30","date_gmt":"2023-04-25T10:59:30","guid":{"rendered":"https:\/\/subblim.com\/maletin-ordenador-air-padding-13-3-a-14-gris\/"},"modified":"2026-02-01T02:15:05","modified_gmt":"2026-02-01T01:15:05","slug":"pasta-acolchoada-para-laptop-de-13-a-14-polegadas-cinza","status":"publish","type":"product","link":"https:\/\/subblim.com\/pt-pt\/pasta-acolchoada-para-laptop-de-13-a-14-polegadas-cinza\/","title":{"rendered":"Pasta para computador com acolchoamento de ar de 13,3&#8243; a 14&#8243;"},"content":{"rendered":"<p>Pasta projetada com m\u00faltiplos compartimentos. No bolso frontal, possui um organizador de acess\u00f3rios com espa\u00e7o suficiente e muito f\u00e1cil de transportar itens do dia a dia, tornando-a muito \u00fatil para o seu trabalho ou viagem. <br \/> Gra\u00e7as aos materiais de fabrica\u00e7\u00e3o resistentes, ela \u00e9 capaz de repelir \u00e1gua e outros elementos, al\u00e9m de ser resistente a rasgos. <br \/> Resumindo, \u00e9 uma pasta muito confort\u00e1vel e dur\u00e1vel, ideal para viagens di\u00e1rias ou de neg\u00f3cios, gra\u00e7as \u00e0s al\u00e7as de transporte resistentes, al\u00e7a de ombro ajust\u00e1vel e al\u00e7a traseira ajust\u00e1vel para carrinho. <\/p>\n<ul>\n<li>Elegante pasta para laptops de at\u00e9 14&#8243;.<\/li>\n<li>Sistema de prote\u00e7\u00e3o Air Padding com bolhas acolchoadas.<\/li>\n<li>Feita de poli\u00e9ster Oxford resistente.<\/li>\n<li>Repele l\u00edquidos.<\/li>\n<li>Z\u00edper duplo no bolso principal.<\/li>\n<li>Dois compartimentos separados no interior.<\/li>\n<li>Bolso externo de grande capacidade para documentos, canetas, acess\u00f3rios&#8230; com organizador de el\u00e1stico e malha.<\/li>\n<li>Al\u00e7a de ombro.<br \/>Al\u00e7as e fivelas resistentes para transporte seguro.<\/li>\n<li>Al\u00e7a traseira ajust\u00e1vel para carrinho.<\/li>\n<\/ul>\n","protected":false},"excerpt":{"rendered":"<p>Prote\u00e7\u00e3o completa \u00e9 um dos principais recursos da capa para laptop SUBBLIM Air Padding. Seu compartimento exclusivo para laptop conta com um revestimento acolchoado em formato de bolha (Air Padding) que oferece excelente prote\u00e7\u00e3o contra impactos ou quedas acidentais.<\/p>\n","protected":false},"featured_media":79448,"template":"","meta":[],"product_brand":[],"product_cat":[1843,2278,1844,1845,1842],"product_tag":[3235],"class_list":{"0":"post-81782","1":"product","2":"type-product","3":"status-publish","4":"has-post-thumbnail","6":"product_cat-bolsas-e-capas-pt-pt","7":"product_cat-maletas-para-portateis-de-13-3-a-14-pt-pt","8":"product_cat-maletas-para-portatil-pt-pt","9":"product_cat-air-padding-pt-pt","10":"product_cat-menos-20-pt-pt","11":"product_tag-black-friday-pt-pt","13":"first","14":"outofstock","15":"taxable","16":"shipping-taxable","17":"purchasable","18":"product-type-simple"},"_links":{"self":[{"href":"https:\/\/subblim.com\/pt-pt\/wp-json\/wp\/v2\/product\/81782","targetHints":{"allow":["GET"]}}],"collection":[{"href":"https:\/\/subblim.com\/pt-pt\/wp-json\/wp\/v2\/product"}],"about":[{"href":"https:\/\/subblim.com\/pt-pt\/wp-json\/wp\/v2\/types\/product"}],"version-history":[{"count":0,"href":"https:\/\/subblim.com\/pt-pt\/wp-json\/wp\/v2\/product\/81782\/revisions"}],"wp:featuredmedia":[{"embeddable":true,"href":"https:\/\/subblim.com\/pt-pt\/wp-json\/wp\/v2\/media\/79448"}],"wp:attachment":[{"href":"https:\/\/subblim.com\/pt-pt\/wp-json\/wp\/v2\/media?parent=81782"}],"wp:term":[{"taxonomy":"product_brand","embeddable":true,"href":"https:\/\/subblim.com\/pt-pt\/wp-json\/wp\/v2\/product_brand?post=81782"},{"taxonomy":"product_cat","embeddable":true,"href":"https:\/\/subblim.com\/pt-pt\/wp-json\/wp\/v2\/product_cat?post=81782"},{"taxonomy":"product_tag","embeddable":true,"href":"https:\/\/subblim.com\/pt-pt\/wp-json\/wp\/v2\/product_tag?post=81782"}],"curies":[{"name":"wp","href":"https:\/\/api.w.org\/{rel}","templated":true}]}}