{"id":81779,"date":"2023-04-25T13:05:28","date_gmt":"2023-04-25T11:05:28","guid":{"rendered":"https:\/\/subblim.com\/maletin-ordenador-air-padding-13-3-a-14-gris-oscuro\/"},"modified":"2026-03-02T03:55:09","modified_gmt":"2026-03-02T02:55:09","slug":"pasta-para-laptop-acolchoada-de-ar-de-13-a-14-polegadas-cinza-escuro","status":"publish","type":"product","link":"https:\/\/subblim.com\/pt-pt\/pasta-para-laptop-acolchoada-de-ar-de-13-a-14-polegadas-cinza-escuro\/","title":{"rendered":"Maleta de alta prote\u00e7\u00e3o acolchoada com ar de 13,314 polegadas"},"content":{"rendered":"<p>A bolsa possui v\u00e1rios compartimentos para voc\u00ea organizar todos os seus itens. O material externo \u00e9 imperme\u00e1vel, f\u00e1cil de limpar e resistente a rasgos.<br \/> Este tipo de pasta \u00e9 adequado para laptops de 13,3&#8243; a 14&#8243;, como Chromebook, Surface, Lenovo, MacBook, Asus, Acer, Razer Blade, Huawei Matebook, Samsung&#8230; <br \/> Ela tamb\u00e9m possui al\u00e7as de m\u00e3o, uma al\u00e7a de ombro ajust\u00e1vel e uma al\u00e7a traseira ajust\u00e1vel para carreg\u00e1-la da maneira mais confort\u00e1vel para voc\u00ea. <\/p>\n<ul>\n<li>Elegante pasta para laptops de at\u00e9 14&#8243;.<\/li>\n<li>Compat\u00edvel com MacBook Pro M1 Pro\/Max A2442 2021, Microsoft Surface Book de 13,5&#8243;, Surface Laptop, ASUS ZenBook 14, HUAWEI MateBook D14.<\/li>\n<li>Sistema de prote\u00e7\u00e3o Air Padding com bolhas acolchoadas.<\/li>\n<li>Feita de poli\u00e9ster Oxford dur\u00e1vel.<\/li>\n<li>Repelente de l\u00edquidos.<\/li>\n<li>Z\u00edper duplo no bolso principal.<\/li>\n<li>Dois compartimentos internos separados.<\/li>\n<li>Bolso externo de grande capacidade para documentos, canetas, acess\u00f3rios&#8230; com organizador de el\u00e1stico e malha.<\/li>\n<li>Al\u00e7a de ombro.<br \/>Al\u00e7as e fivelas resistentes para transporte seguro.<\/li>\n<li>Al\u00e7a traseira ajust\u00e1vel para carrinho.<\/li>\n<\/ul>\n","protected":false},"excerpt":{"rendered":"<p> prote\u00e7\u00e3o Air Padding deste case o torna ideal para o uso di\u00e1rio. Oferece alta prote\u00e7\u00e3o para evitar danos ao seu computador causados por batidas ou quedas acidentais. O design elegante do case Air Padding e sua cor cinza escuro o tornam vers\u00e1til com qualquer roupa.<\/p>\n","protected":false},"featured_media":79460,"template":"","meta":[],"product_brand":[],"product_cat":[1843,2278,1844,1845,1842],"product_tag":[3235],"class_list":{"0":"post-81779","1":"product","2":"type-product","3":"status-publish","4":"has-post-thumbnail","6":"product_cat-bolsas-e-capas-pt-pt","7":"product_cat-maletas-para-portateis-de-13-3-a-14-pt-pt","8":"product_cat-maletas-para-portatil-pt-pt","9":"product_cat-air-padding-pt-pt","10":"product_cat-menos-20-pt-pt","11":"product_tag-black-friday-pt-pt","13":"first","14":"outofstock","15":"taxable","16":"shipping-taxable","17":"purchasable","18":"product-type-simple"},"_links":{"self":[{"href":"https:\/\/subblim.com\/pt-pt\/wp-json\/wp\/v2\/product\/81779","targetHints":{"allow":["GET"]}}],"collection":[{"href":"https:\/\/subblim.com\/pt-pt\/wp-json\/wp\/v2\/product"}],"about":[{"href":"https:\/\/subblim.com\/pt-pt\/wp-json\/wp\/v2\/types\/product"}],"version-history":[{"count":0,"href":"https:\/\/subblim.com\/pt-pt\/wp-json\/wp\/v2\/product\/81779\/revisions"}],"wp:featuredmedia":[{"embeddable":true,"href":"https:\/\/subblim.com\/pt-pt\/wp-json\/wp\/v2\/media\/79460"}],"wp:attachment":[{"href":"https:\/\/subblim.com\/pt-pt\/wp-json\/wp\/v2\/media?parent=81779"}],"wp:term":[{"taxonomy":"product_brand","embeddable":true,"href":"https:\/\/subblim.com\/pt-pt\/wp-json\/wp\/v2\/product_brand?post=81779"},{"taxonomy":"product_cat","embeddable":true,"href":"https:\/\/subblim.com\/pt-pt\/wp-json\/wp\/v2\/product_cat?post=81779"},{"taxonomy":"product_tag","embeddable":true,"href":"https:\/\/subblim.com\/pt-pt\/wp-json\/wp\/v2\/product_tag?post=81779"}],"curies":[{"name":"wp","href":"https:\/\/api.w.org\/{rel}","templated":true}]}}