{"id":81776,"date":"2023-04-25T13:09:57","date_gmt":"2023-04-25T11:09:57","guid":{"rendered":"https:\/\/subblim.com\/maletin-portatil-air-padding-15-6-gris\/"},"modified":"2026-02-01T02:15:05","modified_gmt":"2026-02-01T01:15:05","slug":"capa-para-laptop-com-acolchoamento-de-ar-15-6-cinza","status":"publish","type":"product","link":"https:\/\/subblim.com\/pt-pt\/capa-para-laptop-com-acolchoamento-de-ar-15-6-cinza\/","title":{"rendered":"Pasta para laptop de 15,6&#8243; com acolchoamento de ar"},"content":{"rendered":"<p>Pasta projetada com m\u00faltiplos compartimentos. O bolso frontal possui um organizador de acess\u00f3rios com bastante espa\u00e7o para transportar seus itens do dia a dia, tornando-a muito \u00fatil para o trabalho ou viagens. <br \/> Gra\u00e7as aos materiais de fabrica\u00e7\u00e3o resistentes, ela \u00e9 capaz de repelir \u00e1gua e outros elementos, al\u00e9m de ser resistente a rasgos. <br \/> Resumindo, \u00e9 uma pasta muito confort\u00e1vel e dur\u00e1vel, ideal para viagens di\u00e1rias ou de neg\u00f3cios, gra\u00e7as \u00e0s al\u00e7as de transporte resistentes, \u00e0 al\u00e7a de ombro ajust\u00e1vel e \u00e0 al\u00e7a traseira ajust\u00e1vel para Trolley.<\/p>\n<ul>\n<li>Pasta elegante para laptops de at\u00e9 15,6&#8243;.<\/li>\n<li>Sistema de prote\u00e7\u00e3o Air Padding com bolhas acolchoadas.<\/li>\n<li>Feita de poli\u00e9ster Oxford resistente.<\/li>\n<li>Repele l\u00edquidos.<\/li>\n<li>Z\u00edper duplo no bolso principal.<\/li>\n<li>Dois compartimentos internos separados.<\/li>\n<li>Bolso externo de grande capacidade para documentos, canetas, acess\u00f3rios&#8230; com organizador de el\u00e1stico e malha.<\/li>\n<li>Al\u00e7a de ombro.<\/li>\n<li>Al\u00e7as e fivelas resistentes para transporte seguro.<\/li>\n<li>Al\u00e7a traseira ajust\u00e1vel para Trolley.<\/li>\n<\/ul>\n","protected":false},"excerpt":{"rendered":"<p>Pasta para laptop de 15,6&#8243; com prote\u00e7\u00e3o total contra impactos e forro acolchoado com bolhas para proteger seu laptop contra impactos ou quedas acidentais. Projetada com v\u00e1rios compartimentos.<\/p>\n","protected":false},"featured_media":79472,"template":"","meta":[],"product_brand":[],"product_cat":[385,1704,238,393,1733],"product_tag":[3232],"class_list":{"0":"post-81776","1":"product","2":"type-product","3":"status-publish","4":"has-post-thumbnail","6":"product_cat-bolsas","7":"product_cat-maletines-para-portatiles-de-15-6","8":"product_cat-maletines","9":"product_cat-air-padding","10":"product_cat-menos-20","11":"product_tag-black-friday","13":"first","14":"instock","15":"taxable","16":"shipping-taxable","17":"purchasable","18":"product-type-simple"},"_links":{"self":[{"href":"https:\/\/subblim.com\/pt-pt\/wp-json\/wp\/v2\/product\/81776","targetHints":{"allow":["GET"]}}],"collection":[{"href":"https:\/\/subblim.com\/pt-pt\/wp-json\/wp\/v2\/product"}],"about":[{"href":"https:\/\/subblim.com\/pt-pt\/wp-json\/wp\/v2\/types\/product"}],"version-history":[{"count":0,"href":"https:\/\/subblim.com\/pt-pt\/wp-json\/wp\/v2\/product\/81776\/revisions"}],"wp:featuredmedia":[{"embeddable":true,"href":"https:\/\/subblim.com\/pt-pt\/wp-json\/wp\/v2\/media\/79472"}],"wp:attachment":[{"href":"https:\/\/subblim.com\/pt-pt\/wp-json\/wp\/v2\/media?parent=81776"}],"wp:term":[{"taxonomy":"product_brand","embeddable":true,"href":"https:\/\/subblim.com\/pt-pt\/wp-json\/wp\/v2\/product_brand?post=81776"},{"taxonomy":"product_cat","embeddable":true,"href":"https:\/\/subblim.com\/pt-pt\/wp-json\/wp\/v2\/product_cat?post=81776"},{"taxonomy":"product_tag","embeddable":true,"href":"https:\/\/subblim.com\/pt-pt\/wp-json\/wp\/v2\/product_tag?post=81776"}],"curies":[{"name":"wp","href":"https:\/\/api.w.org\/{rel}","templated":true}]}}