{"id":81773,"date":"2023-05-26T13:27:00","date_gmt":"2023-05-26T11:27:00","guid":{"rendered":"https:\/\/subblim.com\/funda-ordenador-neopreno-trendy-13-14-mountain\/"},"modified":"2026-05-14T00:19:38","modified_gmt":"2026-05-13T22:19:38","slug":"capa-de-laptop-de-neoprene-moderna-13-14-montanha","status":"publish","type":"product","link":"https:\/\/subblim.com\/pt-pt\/capa-de-laptop-de-neoprene-moderna-13-14-montanha\/","title":{"rendered":"Capa para laptop de neoprene Trendy Sleeve Neo Mountain de 13,3 a 14&#8243;"},"content":{"rendered":"<p>A capa para laptop SUBBLIM Trendy Neoprene \u00e9 a escolha perfeita para quem busca prote\u00e7\u00e3o ideal e leve para seu laptop. <br \/>Com espessura de 3 mm, feita de neoprene de alta qualidade, ela oferece \u00f3tima resist\u00eancia contra impactos e quedas acidentais, mantendo seu dispositivo seguro o tempo todo. <br \/>Sua apar\u00eancia leve e fina n\u00e3o compromete em nada sua capacidade de prote\u00e7\u00e3o. Al\u00e9m disso, seu design elegante e atraente a torna um acess\u00f3rio atraente. A capa Trendy se encaixa perfeitamente na sua rotina di\u00e1ria, tornando-a ideal para ser transportada em diferentes lugares, como cafeterias ou espa\u00e7os de coworking. <br \/>A conveni\u00eancia tamb\u00e9m \u00e9 garantida, pois voc\u00ea pode facilmente colocar a capa junto com seu laptop na mochila ou mala sem se preocupar com poss\u00edveis danos. Seu design funcional e moderno o torna uma op\u00e7\u00e3o vers\u00e1til para quem busca proteger seu computador a um pre\u00e7o acess\u00edvel.<\/p>\n<ul>\n<li>Capa de neoprene para computadores de 13,3&#8243; a 14&#8243;.<\/li>\n<li>Compat\u00edvel com MacBook Pro M1 Pro\/Max A2442 2021, Microsoft Surface Book de 13,5&#8243;, Surface Laptop, ASUS ZenBook 14, HUAWEI MateBook D14.<\/li>\n<li>Dimens\u00f5es externas: 340 x 249 x 20 mm.<\/li>\n<li>Dimens\u00f5es internas: 330 x 239 x 18 mm.<\/li>\n<li>O design Mountain transmite uma sensa\u00e7\u00e3o de tranquilidade, serenidade e grandiosidade, convidando voc\u00ea a sonhar com aventuras e apreciar a beleza da natureza.<\/li>\n<li>Ideal para o transporte di\u00e1rio do seu dispositivo.<\/li>\n<li>Fecho de z\u00edper duplo para maior facilidade de uso.<\/li>\n<li>Feito de 3 mm neoprene espesso para maior prote\u00e7\u00e3o.<\/li>\n<li>Compacto e ideal para f\u00e1cil acesso ao seu computador e um ajuste perfeito.<\/li>\n<li>Leve, fino e com apar\u00eancia elegante.<\/li>\n<\/ul>\n","protected":false},"excerpt":{"rendered":"<p> capa ideal para laptop para quem busca a leveza e a forte prote\u00e7\u00e3o do neoprene, al\u00e9m de um toque de personalidade com o design Mountain.<\/p>\n","protected":false},"featured_media":79851,"template":"","meta":[],"product_brand":[],"product_cat":[385,1706,239,1733],"product_tag":[],"class_list":{"0":"post-81773","1":"product","2":"type-product","3":"status-publish","4":"has-post-thumbnail","6":"product_cat-bolsas","7":"product_cat-fundas-para-portatiles-de-13-3-a-14","8":"product_cat-fundas-portatil","9":"product_cat-menos-20","11":"first","12":"instock","13":"featured","14":"taxable","15":"shipping-taxable","16":"purchasable","17":"product-type-simple"},"_links":{"self":[{"href":"https:\/\/subblim.com\/pt-pt\/wp-json\/wp\/v2\/product\/81773","targetHints":{"allow":["GET"]}}],"collection":[{"href":"https:\/\/subblim.com\/pt-pt\/wp-json\/wp\/v2\/product"}],"about":[{"href":"https:\/\/subblim.com\/pt-pt\/wp-json\/wp\/v2\/types\/product"}],"version-history":[{"count":0,"href":"https:\/\/subblim.com\/pt-pt\/wp-json\/wp\/v2\/product\/81773\/revisions"}],"wp:featuredmedia":[{"embeddable":true,"href":"https:\/\/subblim.com\/pt-pt\/wp-json\/wp\/v2\/media\/79851"}],"wp:attachment":[{"href":"https:\/\/subblim.com\/pt-pt\/wp-json\/wp\/v2\/media?parent=81773"}],"wp:term":[{"taxonomy":"product_brand","embeddable":true,"href":"https:\/\/subblim.com\/pt-pt\/wp-json\/wp\/v2\/product_brand?post=81773"},{"taxonomy":"product_cat","embeddable":true,"href":"https:\/\/subblim.com\/pt-pt\/wp-json\/wp\/v2\/product_cat?post=81773"},{"taxonomy":"product_tag","embeddable":true,"href":"https:\/\/subblim.com\/pt-pt\/wp-json\/wp\/v2\/product_tag?post=81773"}],"curies":[{"name":"wp","href":"https:\/\/api.w.org\/{rel}","templated":true}]}}