{"id":81752,"date":"2023-05-29T10:54:15","date_gmt":"2023-05-29T08:54:15","guid":{"rendered":"https:\/\/subblim.com\/funda-ordenador-neopreno-trendy-sleeve-neo-lion-15-6\/"},"modified":"2026-03-02T03:55:10","modified_gmt":"2026-03-02T02:55:10","slug":"capa-de-laptop-de-neoprene-manga-moderna-neo-lion-15-6","status":"publish","type":"product","link":"https:\/\/subblim.com\/pt-pt\/capa-de-laptop-de-neoprene-manga-moderna-neo-lion-15-6\/","title":{"rendered":"Capa para computador em neoprene Trendy Sleeve Neo Lion de 15,6&#8243;"},"content":{"rendered":"<p>A Capa para Laptop SUBBLIM Trendy em Neoprene \u00e9 a escolha perfeita para quem busca prote\u00e7\u00e3o ideal e leve para seu laptop.<br \/>Com espessura de 3 mm, feita de neoprene de alta qualidade, ela oferece \u00f3tima resist\u00eancia contra impactos e quedas acidentais, mantendo seu dispositivo seguro o tempo todo.<br \/>Sua apar\u00eancia leve e fina n\u00e3o compromete em nada sua capacidade de prote\u00e7\u00e3o. Al\u00e9m disso, seu design elegante e atraente a torna um acess\u00f3rio atraente. A capa Trendy se encaixa perfeitamente na sua rotina di\u00e1ria, tornando-a ideal para ser transportada em diferentes locais, como cafeterias ou espa\u00e7os de coworking.<br \/>A conveni\u00eancia tamb\u00e9m \u00e9 garantida, pois voc\u00ea pode facilmente colocar a capa junto com seu laptop na mochila ou mala sem se preocupar com poss\u00edveis danos. Seu design funcional e moderno o torna uma op\u00e7\u00e3o vers\u00e1til para quem busca proteger seu computador a um pre\u00e7o acess\u00edvel.<\/p>\n<ul>\n<li>Capa de neoprene para computadores de 15,6&#8243;.<\/li>\n<li>Compat\u00edvel com MacBook Pro 16 polegadas 2021 A2485 M1 Pro \/ M1 Max com Touch ID, MacBook Pro 16 A2141 2019 2020, MacBook Pro Retina 15.4 A1398; Surface Book 3\/2\/1 15; Asus ZenBook \/ VivoBook 15; Acer Swift 3 14 \/ Swift 5 15.6, Acer Aspire 3\/5\/7 15.6; HP ProBook \/ Spectre x360 \/ Envy x360 15.6; cHP Omen \/ Pavilion x360 15.6; Dell XPS \/ Precision \/ Vostro \/ Latitude 15.<\/li>\n<li>Medidas externas: 388 x 275 x 20 mm.<\/li>\n<li>Dimens\u00f5es internas: 377 x 267 x 18 mm.<\/li>\n<li>O design do le\u00e3o evoca uma sensa\u00e7\u00e3o de poder, coragem e majestade. O le\u00e3o \u00e9 conhecido como o rei da selva, e sua presen\u00e7a em um design transmite uma sensa\u00e7\u00e3o de lideran\u00e7a e dom\u00ednio.<\/li>\n<li>Ideal para o transporte di\u00e1rio do seu dispositivo.<\/li>\n<li>Fecho de z\u00edper duplo para facilitar o uso.<\/li>\n<li>Feito de neoprene de 3 mm de espessura para maior prote\u00e7\u00e3o.<\/li>\n<li>Compacto e ideal, oferece acesso conveniente ao seu computador e se encaixa perfeitamente.<\/li>\n<li>Apar\u00eancia leve e fina, por\u00e9m elegante.<\/li>\n<\/ul>\n","protected":false},"excerpt":{"rendered":"<p> capa de neoprene ideal para laptop, ideal para transportar seu dispositivo de 15,6&#8243; na mala ou mochila e se movimentar sem preocupa\u00e7\u00f5es. Ou voc\u00ea pode us\u00e1-la como uma mala de m\u00e3o com um design diferenciado.<\/p>\n","protected":false},"featured_media":79958,"template":"","meta":[],"product_brand":[],"product_cat":[385,1707,239,1733],"product_tag":[],"class_list":{"0":"post-81752","1":"product","2":"type-product","3":"status-publish","4":"has-post-thumbnail","6":"product_cat-bolsas","7":"product_cat-fundas-para-portatiles-de-15-6","8":"product_cat-fundas-portatil","9":"product_cat-menos-20","11":"first","12":"instock","13":"sale","14":"featured","15":"taxable","16":"shipping-taxable","17":"purchasable","18":"product-type-simple"},"_links":{"self":[{"href":"https:\/\/subblim.com\/pt-pt\/wp-json\/wp\/v2\/product\/81752","targetHints":{"allow":["GET"]}}],"collection":[{"href":"https:\/\/subblim.com\/pt-pt\/wp-json\/wp\/v2\/product"}],"about":[{"href":"https:\/\/subblim.com\/pt-pt\/wp-json\/wp\/v2\/types\/product"}],"version-history":[{"count":0,"href":"https:\/\/subblim.com\/pt-pt\/wp-json\/wp\/v2\/product\/81752\/revisions"}],"wp:featuredmedia":[{"embeddable":true,"href":"https:\/\/subblim.com\/pt-pt\/wp-json\/wp\/v2\/media\/79958"}],"wp:attachment":[{"href":"https:\/\/subblim.com\/pt-pt\/wp-json\/wp\/v2\/media?parent=81752"}],"wp:term":[{"taxonomy":"product_brand","embeddable":true,"href":"https:\/\/subblim.com\/pt-pt\/wp-json\/wp\/v2\/product_brand?post=81752"},{"taxonomy":"product_cat","embeddable":true,"href":"https:\/\/subblim.com\/pt-pt\/wp-json\/wp\/v2\/product_cat?post=81752"},{"taxonomy":"product_tag","embeddable":true,"href":"https:\/\/subblim.com\/pt-pt\/wp-json\/wp\/v2\/product_tag?post=81752"}],"curies":[{"name":"wp","href":"https:\/\/api.w.org\/{rel}","templated":true}]}}