{"id":81737,"date":"2023-11-09T15:59:24","date_gmt":"2023-11-09T14:59:24","guid":{"rendered":"https:\/\/subblim.com\/cargador-coche-dual-pd-car-charger-pd18w2-4a-cable-c-to-c-negro\/"},"modified":"2025-06-12T12:20:39","modified_gmt":"2025-06-12T10:20:39","slug":"carregador-de-carro-duplo-pd18w2-4a-cabo-c-para-c-preto","status":"publish","type":"product","link":"https:\/\/subblim.com\/pt-pt\/carregador-de-carro-duplo-pd18w2-4a-cabo-c-para-c-preto\/","title":{"rendered":"Carregador de carro duplo PD 18W + 2,4A + cabo C para C preto"},"content":{"rendered":"<ul>\n<li>Carregador de carro com duas portas (USB C + USB A) para carregar dois dispositivos simultaneamente.<\/li>\n<li>Velocidade de carregamento ultrarr\u00e1pida de 18 W \/ 3,0 A.<\/li>\n<li>Prote\u00e7\u00e3o contra: Curto-circuitos, Temperatura, Sobrecarga de energia, Sobretens\u00e3o e Sobretens\u00e3o.<\/li>\n<li>Cabo USB C de alto desempenho.<\/li>\n<li>Preparado para carregar em alta velocidade de at\u00e9 5 V \/ 3 A e transmitir dados de at\u00e9 5 Gbps.<\/li>\n<li>Ideal para carregar telefones e tablets Android \/ iOS ou dispositivos como bancos de energia e \/ ou fones de ouvido Bluetooth preparados para carregamento ultrarr\u00e1pido.<\/li>\n<li>Exterior em fibra de nylon tran\u00e7ado duplo para excelente prote\u00e7\u00e3o, resist\u00eancia e flexibilidade.<\/li>\n<li>O cabo foi submetido a testes de flex\u00e3o de 90 \u00b0 10.000 vezes.<\/li>\n<li>Tira de velcro inclu\u00edda para ajustar o comprimento do cabo e evitar emaranhados.<\/li>\n<li>Conectores de alum\u00ednio que permitem Conex\u00f5es seguras e perfeitas.<\/li>\n<li>Comprimento: 1 m<\/li>\n<\/ul>\n<p>&nbsp;<\/p>\n<p>EAN: Carregador de carro duplo PD PD18W Prata (SUB-CHG-5CPD01) 8436586740771; Carregador de carro duplo PD PD18W Preto (SUB-CHG-5CPD02) 8436586740788<\/p>\n","protected":false},"excerpt":{"rendered":"<p>Carregador de carro com 2 portas (USB-C e USB-A) projetado especificamente para smartphones e tablets com Power Delivery para proporcionar o carregamento mais r\u00e1pido de todos os tempos, com at\u00e9 18 W. Inclui um cabo USB-C revers\u00edvel de alto desempenho.<\/p>\n","protected":false},"featured_media":75968,"template":"","meta":[],"product_brand":[],"product_cat":[384,376,1086],"product_tag":[3232],"class_list":{"0":"post-81737","1":"product","2":"type-product","3":"status-publish","4":"has-post-thumbnail","6":"product_cat-cable-cargador-coche","7":"product_cat-cables-cargadores","8":"product_cat-cargadores","9":"product_tag-black-friday","11":"first","12":"outofstock","13":"taxable","14":"shipping-taxable","15":"purchasable","16":"product-type-simple"},"_links":{"self":[{"href":"https:\/\/subblim.com\/pt-pt\/wp-json\/wp\/v2\/product\/81737","targetHints":{"allow":["GET"]}}],"collection":[{"href":"https:\/\/subblim.com\/pt-pt\/wp-json\/wp\/v2\/product"}],"about":[{"href":"https:\/\/subblim.com\/pt-pt\/wp-json\/wp\/v2\/types\/product"}],"version-history":[{"count":0,"href":"https:\/\/subblim.com\/pt-pt\/wp-json\/wp\/v2\/product\/81737\/revisions"}],"wp:featuredmedia":[{"embeddable":true,"href":"https:\/\/subblim.com\/pt-pt\/wp-json\/wp\/v2\/media\/75968"}],"wp:attachment":[{"href":"https:\/\/subblim.com\/pt-pt\/wp-json\/wp\/v2\/media?parent=81737"}],"wp:term":[{"taxonomy":"product_brand","embeddable":true,"href":"https:\/\/subblim.com\/pt-pt\/wp-json\/wp\/v2\/product_brand?post=81737"},{"taxonomy":"product_cat","embeddable":true,"href":"https:\/\/subblim.com\/pt-pt\/wp-json\/wp\/v2\/product_cat?post=81737"},{"taxonomy":"product_tag","embeddable":true,"href":"https:\/\/subblim.com\/pt-pt\/wp-json\/wp\/v2\/product_tag?post=81737"}],"curies":[{"name":"wp","href":"https:\/\/api.w.org\/{rel}","templated":true}]}}