{"id":81707,"date":"2023-11-10T11:10:47","date_gmt":"2023-11-10T10:10:47","guid":{"rendered":"https:\/\/subblim.com\/combo-business-slim-silencioso-con-cable-usb-negro\/"},"modified":"2026-03-27T09:06:27","modified_gmt":"2026-03-27T08:06:27","slug":"combo-business-slim-silencioso-com-cabo-usb-preto","status":"publish","type":"product","link":"https:\/\/subblim.com\/pt-pt\/combo-business-slim-silencioso-com-cabo-usb-preto\/","title":{"rendered":"Combina\u00e7\u00e3o de teclado e mouse empresarial fino e silencioso com cabo USB, preto"},"content":{"rendered":"<p>A combina\u00e7\u00e3o de teclado e mouse USB com fio Business Slim Silent proporciona uma digita\u00e7\u00e3o precisa e confort\u00e1vel gra\u00e7as \u00e0 ergonomia das teclas planas e de perfil baixo e ao formato anat\u00f4mico do mouse. Essa combina\u00e7\u00e3o ajuda voc\u00ea a alcan\u00e7ar maior produtividade, criando um espa\u00e7o de trabalho ideal. Tudo isso sem nenhum ru\u00eddo desconfort\u00e1vel, gra\u00e7as \u00e0 tecnologia Silent Keys usada nas teclas e bot\u00f5es. <\/p>\n<p>TECLADO<\/p>\n<ul>\n<li>Conex\u00e3o por cabo USB Plug &#038; Play Jogue com m\u00e1xima prote\u00e7\u00e3o e seguran\u00e7a.<\/li>\n<li>Teclas ergon\u00f4micas, de perfil baixo, quadradas e com cantos arredondados\n<p>para m\u00e1ximo conforto e precis\u00e3o.<\/li>\n<li>O teclado tem um perfil plano que adiciona eleg\u00e2ncia \u00e0 sua mesa, permitindo\n<p>que suas m\u00e3os fiquem em uma posi\u00e7\u00e3o mais confort\u00e1vel e natural.<\/li>\n<li>\u00c0 prova de derramamento e resistente a derramamentos.<\/li>\n<li>Teclados suaves e silenciosos para que voc\u00ea n\u00e3o incomode quem est\u00e1 ao seu redor.<\/li>\n<li>Layout de tamanho normal (104 teclas) com teclado num\u00e9rico e espa\u00e7amento entre teclas para f\u00e1cil limpeza.<\/li>\n<li>12 teclas de fun\u00e7\u00e3o e atalho.<\/li>\n<li>Pernas traseiras ajust\u00e1veis em altura e amortecedores de borracha antiderrapantes.<\/li>\n<li>O comprimento do cabo de 150 cm permite que voc\u00ea posicione o teclado em qualquer lugar\n<p>da sua mesa.<\/li>\n<\/ul>\n<p>MOUSE<\/p>\n<ul>\n<li>Mouse \u00f3ptico USB com fio de 3 bot\u00f5es e design ergon\u00f4mico.<\/li>\n<li>Bot\u00f5es de controle silenciosos, evitando sons desconfort\u00e1veis de opera\u00e7\u00e3o.<\/li>\n<li>Resolu\u00e7\u00e3o\/velocidade de at\u00e9 1200 DPI.<\/li>\n<\/ul>\n<p>EAN: Combo Business Wired White (SUBKBC-CSSK02) 8436586742553; Combo Business Wired Black (SUBKBC-CSSK01) 8436586742362<\/p>\n","protected":false},"excerpt":{"rendered":"<p> Business Combo com cabo USB \u00e9 a combina\u00e7\u00e3o ideal para alcan\u00e7ar maior produtividade, criando um ambiente de trabalho ideal. Tudo isso sem ru\u00eddos inc\u00f4modos, gra\u00e7as \u00e0 tecnologia Silent Keys presente nas teclas e bot\u00f5es.<\/p>\n","protected":false},"featured_media":79219,"template":"","meta":[],"product_brand":[],"product_cat":[405,403,381],"product_tag":[],"class_list":{"0":"post-81707","1":"product","2":"type-product","3":"status-publish","4":"has-post-thumbnail","6":"product_cat-combo-con-cable","7":"product_cat-combo-teclado-raton","8":"product_cat-teclados-y-ratones","10":"first","11":"instock","12":"taxable","13":"shipping-taxable","14":"purchasable","15":"product-type-simple"},"_links":{"self":[{"href":"https:\/\/subblim.com\/pt-pt\/wp-json\/wp\/v2\/product\/81707","targetHints":{"allow":["GET"]}}],"collection":[{"href":"https:\/\/subblim.com\/pt-pt\/wp-json\/wp\/v2\/product"}],"about":[{"href":"https:\/\/subblim.com\/pt-pt\/wp-json\/wp\/v2\/types\/product"}],"version-history":[{"count":0,"href":"https:\/\/subblim.com\/pt-pt\/wp-json\/wp\/v2\/product\/81707\/revisions"}],"wp:featuredmedia":[{"embeddable":true,"href":"https:\/\/subblim.com\/pt-pt\/wp-json\/wp\/v2\/media\/79219"}],"wp:attachment":[{"href":"https:\/\/subblim.com\/pt-pt\/wp-json\/wp\/v2\/media?parent=81707"}],"wp:term":[{"taxonomy":"product_brand","embeddable":true,"href":"https:\/\/subblim.com\/pt-pt\/wp-json\/wp\/v2\/product_brand?post=81707"},{"taxonomy":"product_cat","embeddable":true,"href":"https:\/\/subblim.com\/pt-pt\/wp-json\/wp\/v2\/product_cat?post=81707"},{"taxonomy":"product_tag","embeddable":true,"href":"https:\/\/subblim.com\/pt-pt\/wp-json\/wp\/v2\/product_tag?post=81707"}],"curies":[{"name":"wp","href":"https:\/\/api.w.org\/{rel}","templated":true}]}}