{"id":81704,"date":"2023-11-10T11:10:48","date_gmt":"2023-11-10T10:10:48","guid":{"rendered":"https:\/\/subblim.com\/dual-car-charger-2-4a-cable-3in1-plata\/"},"modified":"2026-02-01T02:15:17","modified_gmt":"2026-02-01T01:15:17","slug":"carregador-de-carro-duplo-2-4a-cabo-3-em-1-prata","status":"publish","type":"product","link":"https:\/\/subblim.com\/pt-pt\/carregador-de-carro-duplo-2-4a-cabo-3-em-1-prata\/","title":{"rendered":"Carregador de carro duplo (2,4A) + cabo 3 em 1 prata"},"content":{"rendered":"<ul>\n<li>Carregador de carro com duas portas USB A para carregar dois dispositivos simultaneamente.<\/li>\n<li>\n<p>Carregador com ponta de a\u00e7o para usar como martelo de seguran\u00e7a.<\/li>\n<li>\n<p>Velocidade de carregamento r\u00e1pido de 12W \/ 2,4 A.<\/li>\n<li>\n<p>Prote\u00e7\u00e3o contra: Curto-circuitos, Temperatura, Sobrecarga de energia, Sobretens\u00e3o e Sobretens\u00e3o.<\/li>\n<li>\n<p>Cabo 3 em 1 que possui os tr\u00eas conectores mais usados do mercado: Tipo C, Micro USB e Lightning.<\/li>\n<li>\n<p>Preparado para carregar em alta velocidade de at\u00e9 5V \/ 3A e transmitir dados.<\/li>\n<li>\n<p>Ideal para carregar celulares e tablets Android \/ iOS ou dispositivos como power banks e \/ ou fones de ouvido Bluetooth.<\/li>\n<li>\n<p>Exterior em fibra de nylon com tran\u00e7a dupla para excelente prote\u00e7\u00e3o, resist\u00eancia e flexibilidade.<\/li>\n<li>\n<p>O cabo foi testado em flex\u00e3o de 90\u00b0 10.000 vezes.<\/li>\n<li>\n<p>Tira de velcro inclu\u00edda para ajustar o comprimento do cabo e evitar emaranhados.<\/li>\n<li>\n<p>Conectores de alum\u00ednio que permitem conex\u00f5es seguras e perfeitas.<\/li>\n<li>\n<p>Comprimento: 1 m.<\/li>\n<\/ul>\n<p>EAN: Carregador duplo para carro branco (SUB-CHG-4CC001) 8436586740757; Carregador duplo para carro preto (SUB-CHG-4CC002) 8436586740764<\/p>\n","protected":false},"excerpt":{"rendered":"<p>Com este carregador de carro USB A de duas portas e cabo com os tr\u00eas conectores mais comuns do mercado: Micro USB, Tipo C e Lightning, voc\u00ea pode manter todos os seus dispositivos carregados de forma r\u00e1pida e f\u00e1cil enquanto estiver no seu ve\u00edculo.<\/p>\n","protected":false},"featured_media":74615,"template":"","meta":[],"product_brand":[],"product_cat":[384,376,1086],"product_tag":[],"class_list":{"0":"post-81704","1":"product","2":"type-product","3":"status-publish","4":"has-post-thumbnail","6":"product_cat-cable-cargador-coche","7":"product_cat-cables-cargadores","8":"product_cat-cargadores","10":"first","11":"instock","12":"sale","13":"taxable","14":"shipping-taxable","15":"purchasable","16":"product-type-simple"},"_links":{"self":[{"href":"https:\/\/subblim.com\/pt-pt\/wp-json\/wp\/v2\/product\/81704","targetHints":{"allow":["GET"]}}],"collection":[{"href":"https:\/\/subblim.com\/pt-pt\/wp-json\/wp\/v2\/product"}],"about":[{"href":"https:\/\/subblim.com\/pt-pt\/wp-json\/wp\/v2\/types\/product"}],"version-history":[{"count":0,"href":"https:\/\/subblim.com\/pt-pt\/wp-json\/wp\/v2\/product\/81704\/revisions"}],"wp:featuredmedia":[{"embeddable":true,"href":"https:\/\/subblim.com\/pt-pt\/wp-json\/wp\/v2\/media\/74615"}],"wp:attachment":[{"href":"https:\/\/subblim.com\/pt-pt\/wp-json\/wp\/v2\/media?parent=81704"}],"wp:term":[{"taxonomy":"product_brand","embeddable":true,"href":"https:\/\/subblim.com\/pt-pt\/wp-json\/wp\/v2\/product_brand?post=81704"},{"taxonomy":"product_cat","embeddable":true,"href":"https:\/\/subblim.com\/pt-pt\/wp-json\/wp\/v2\/product_cat?post=81704"},{"taxonomy":"product_tag","embeddable":true,"href":"https:\/\/subblim.com\/pt-pt\/wp-json\/wp\/v2\/product_tag?post=81704"}],"curies":[{"name":"wp","href":"https:\/\/api.w.org\/{rel}","templated":true}]}}