{"id":81698,"date":"2023-11-10T11:10:48","date_gmt":"2023-11-10T10:10:48","guid":{"rendered":"https:\/\/subblim.com\/combo-business-slim-silencioso-inalambrico-2-4g-negro\/"},"modified":"2026-03-09T15:40:42","modified_gmt":"2026-03-09T14:40:42","slug":"combo-business-slim-silencioso-sem-fio-2-4g-preto","status":"publish","type":"product","link":"https:\/\/subblim.com\/pt-pt\/combo-business-slim-silencioso-sem-fio-2-4g-preto\/","title":{"rendered":"Combo de teclado e mouse sem fio 2.4G preto, silencioso e fino"},"content":{"rendered":"<p>A combina\u00e7\u00e3o de teclado e mouse empresarial sem fio 2.4G Slim Silent proporciona uma digita\u00e7\u00e3o precisa e confort\u00e1vel gra\u00e7as \u00e0<\/p>\n<p>ergonomia das teclas planas e de perfil baixo e ao formato anat\u00f4mico do mouse. \u00c9 a combina\u00e7\u00e3o perfeita para alcan\u00e7ar maior<\/p>\n<p>produtividade, criando um espa\u00e7o de trabalho ideal sem cabos, proporcionando maior liberdade e organiza\u00e7\u00e3o. Tudo isso sem ru\u00eddos desconfort\u00e1veis<\/p>\n<p>gra\u00e7as \u00e0 tecnologia Silent Keys utilizada nas teclas e bot\u00f5es. <\/p>\n<p>TECLADO<\/p>\n<ul>\n<li>Conex\u00e3o sem fio Plug &#038; Play Jogue com m\u00e1xima prote\u00e7\u00e3o e seguran\u00e7a.<\/li>\n<li>Teclas ergon\u00f4micas, de perfil baixo e formato quadrado, com cantos arredondados para m\u00e1ximo\n<p>conforto e precis\u00e3o.<\/li>\n<li>O teclado tem um perfil plano que adiciona eleg\u00e2ncia \u00e0 sua mesa, mantendo suas m\u00e3os\n<p>em uma posi\u00e7\u00e3o mais confort\u00e1vel e natural.<\/li>\n<li>Resistente a derramamentos e respingos.<\/li>\n<li>Teclados suaves e silenciosos para que voc\u00ea n\u00e3o incomode quem est\u00e1 ao seu redor.<\/li>\n<li>Layout de tamanho normal (104 teclas) com teclado num\u00e9rico e separa\u00e7\u00e3o entre as teclas para\n<p>f\u00e1cil limpeza.<\/li>\n<li>12 teclas de fun\u00e7\u00e3o e atalho.<\/li>\n<li>P\u00e9s traseiros ajust\u00e1veis em altura e batentes antiderrapantes.<\/li>\n<li>Funciona com uma pilha AA.<\/li>\n<\/ul>\n<p>MOUSE<\/p>\n<ul>\n<li>Seu design contornado oferece grande conforto para todos os tamanhos de m\u00e3o.<\/li>\n<li>Conex\u00e3o via receptor USB: Plug &#038; Play\n<p>\u2022 Silencioso: Tecnologia Silent Click.<\/li>\n<li>Possui 3 bot\u00f5es de fun\u00e7\u00e3o.<\/li>\n<li>Resolu\u00e7\u00e3o\/Velocidade de at\u00e9 1200 dpi.<\/li>\n<li>Alcance sem fio de at\u00e9 10 metros.<\/li>\n<li>Roda de rolagem antiderrapante.<\/li>\n<li>Ergon\u00f4mico e ultrafino para uso ambidestro.<\/li>\n<li>Operado por duas pilhas AAA.<\/li>\n<\/ul>\n<p>EAN: Combo Business Wireless Branco (SUBKBC-CSSW11) 8436586742560; Combo Business Wireless Preto (SUBKBC-CSSW10) 8436586742379<\/p>\n","protected":false},"excerpt":{"rendered":"<p>Uma combina\u00e7\u00e3o de teclado e mouse sem fio perfeita para aumentar a produtividade, criando um espa\u00e7o de trabalho ideal sem cabos, proporcionando maior liberdade e organiza\u00e7\u00e3o.<\/p>\n","protected":false},"featured_media":79207,"template":"","meta":[],"product_brand":[],"product_cat":[1806,1805,1808],"product_tag":[],"class_list":{"0":"post-81698","1":"product","2":"type-product","3":"status-publish","4":"has-post-thumbnail","6":"product_cat-combo-sem-fios-pt-pt","7":"product_cat-combo-teclado-raton-pt-pt","8":"product_cat-teclados-e-ratos-pt-pt","10":"first","11":"instock","12":"taxable","13":"shipping-taxable","14":"purchasable","15":"product-type-simple"},"_links":{"self":[{"href":"https:\/\/subblim.com\/pt-pt\/wp-json\/wp\/v2\/product\/81698","targetHints":{"allow":["GET"]}}],"collection":[{"href":"https:\/\/subblim.com\/pt-pt\/wp-json\/wp\/v2\/product"}],"about":[{"href":"https:\/\/subblim.com\/pt-pt\/wp-json\/wp\/v2\/types\/product"}],"version-history":[{"count":0,"href":"https:\/\/subblim.com\/pt-pt\/wp-json\/wp\/v2\/product\/81698\/revisions"}],"wp:featuredmedia":[{"embeddable":true,"href":"https:\/\/subblim.com\/pt-pt\/wp-json\/wp\/v2\/media\/79207"}],"wp:attachment":[{"href":"https:\/\/subblim.com\/pt-pt\/wp-json\/wp\/v2\/media?parent=81698"}],"wp:term":[{"taxonomy":"product_brand","embeddable":true,"href":"https:\/\/subblim.com\/pt-pt\/wp-json\/wp\/v2\/product_brand?post=81698"},{"taxonomy":"product_cat","embeddable":true,"href":"https:\/\/subblim.com\/pt-pt\/wp-json\/wp\/v2\/product_cat?post=81698"},{"taxonomy":"product_tag","embeddable":true,"href":"https:\/\/subblim.com\/pt-pt\/wp-json\/wp\/v2\/product_tag?post=81698"}],"curies":[{"name":"wp","href":"https:\/\/api.w.org\/{rel}","templated":true}]}}