{"id":81686,"date":"2023-11-10T11:10:50","date_gmt":"2023-11-10T10:10:50","guid":{"rendered":"https:\/\/subblim.com\/funda-air-padding-360-sleeve-156-azul\/"},"modified":"2026-03-02T03:55:11","modified_gmt":"2026-03-02T02:55:11","slug":"capa-air-padding-360-manga-156-azul","status":"publish","type":"product","link":"https:\/\/subblim.com\/pt-pt\/capa-air-padding-360-manga-156-azul\/","title":{"rendered":"Capa para laptop de 15,6&#8243; com acolchoamento de ar e manga 360, azul"},"content":{"rendered":"<ul>\n<li>Capa elegante e funcional para laptops de at\u00e9 15,6&#8243;.<\/li>\n<li>Sistema de prote\u00e7\u00e3o 360\u00ba Air Padding com bolhas acolchoadas\n<p>cobrindo as bordas, extremidades e laterais do seu computador<\/li>\n<li>Compat\u00edvel com MacBook Pro 16 polegadas 2021 A2485 M1 Pro \/ M1 Max com\n<p>Touch ID, MacBook Pro 16 A2141 2019 2020, MacBook Pro Retina 15.4 A1398;<\/p>\n<p>Surface Book 3\/2\/1 15; Asus ZenBook \/ VivoBook 15; Acer Swift 3 14 \/ Swift 5 15.6,<\/p>\n<p>Acer Aspire 3\/5\/7 15.6; HP ProBook \/ Spectre x360 \/ Envy x360 15.6; cHP Omen \/<\/p>\n<p>Pavilion x360 15.6; Dell XPS \/Precision \/Vostro \/Latitude 15.<\/li>\n<li>Feito de poli\u00e9ster Oxford dur\u00e1vel.<\/li>\n<li>Repelente de l\u00edquidos.<\/li>\n<li>Z\u00edper duplo no bolso principal.<\/li>\n<li>Bolsos externos para documentos, canetas, acess\u00f3rios, etc.<\/li>\n<li>Al\u00e7a superior retr\u00e1til resistente para transporte seguro.<\/li>\n<li>Dimens\u00f5es internas: 380x275x30 mm.<\/li>\n<\/ul>\n<p>A capa SUBBLIM Air Padding 360 \u00e9 uma excelente op\u00e7\u00e3o para quem busca prote\u00e7\u00e3o total para seu laptop. <br \/>Ela tem um compartimento exclusivo que incorpora um forro acolchoado de bolhas chamado Air Padding, que fornece prote\u00e7\u00e3o excepcional contra impactos e quedas acidentais, cobrindo at\u00e9 mesmo as bordas e extremidades do dispositivo.<\/p>\n<p>Al\u00e9m disso, a capa tem v\u00e1rios bolsos frontais que fornecem amplo espa\u00e7o para armazenar itens de necessidade di\u00e1ria, como carregador, cabos, mouse e canetas, o que \u00e9 muito pr\u00e1tico tanto para o trabalho quanto para viagens. <\/p>\n<p>O estojo Air Padding 360 \u00e9 feito de materiais dur\u00e1veis que permitem repelir \u00e1gua e outros elementos, al\u00e9m de ser resistente a rasgos, o que o torna muito dur\u00e1vel.<\/p>\n<p>O estojo tamb\u00e9m \u00e9 muito confort\u00e1vel de transportar gra\u00e7as \u00e0 sua al\u00e7a resistente que permite carreg\u00e1-lo na m\u00e3o ou coloc\u00e1-lo dentro de uma mochila para maior mobilidade. <br \/>Resumindo, o estojo SUBBLIM Air Padding 360 \u00e9 uma excelente escolha para quem busca prote\u00e7\u00e3o total e conforto ao carregar seu laptop no trabalho di\u00e1rio ou em viagens de neg\u00f3cios.<\/p>\n<p>EAN: Air Padding 360 Case 15,6&#8243; Cinza Escuro (SUBLS-AP36050) 8436586742713; Capa Air Padding 360 de 15,6&#8243; cinza (SUBLS-AP36051) 8436586742720; Capa Air Padding 360 de 15,6&#8243; azul (SUBLS-AP36052) 8436586742737; Capa Air Padding 360 de 15,6&#8243; rosa (SUBLS-AP36053) 8436586742744<\/p>\n","protected":false},"excerpt":{"rendered":"<p> capa para o seu laptop de 15,6&#8243; com prote\u00e7\u00e3o de 360 graus. A prote\u00e7\u00e3o Air Padded cobre toda a superf\u00edcie, incluindo as laterais e bordas do laptop. Assim, voc\u00ea pode carreg\u00e1-lo completamente protegido.<\/p>\n","protected":false},"featured_media":79583,"template":"","meta":[],"product_brand":[],"product_cat":[2168,2351,1841,1845],"product_tag":[],"class_list":{"0":"post-81686","1":"product","2":"type-product","3":"status-publish","4":"has-post-thumbnail","6":"product_cat-capas-para-portateis-de-15-6-pt-pt","7":"product_cat-fundas-portatil-air-padding-pt-pt","8":"product_cat-maletas-para-portateis-de-15-6-pt-pt","9":"product_cat-air-padding-pt-pt","11":"first","12":"outofstock","13":"taxable","14":"shipping-taxable","15":"purchasable","16":"product-type-simple"},"_links":{"self":[{"href":"https:\/\/subblim.com\/pt-pt\/wp-json\/wp\/v2\/product\/81686","targetHints":{"allow":["GET"]}}],"collection":[{"href":"https:\/\/subblim.com\/pt-pt\/wp-json\/wp\/v2\/product"}],"about":[{"href":"https:\/\/subblim.com\/pt-pt\/wp-json\/wp\/v2\/types\/product"}],"version-history":[{"count":0,"href":"https:\/\/subblim.com\/pt-pt\/wp-json\/wp\/v2\/product\/81686\/revisions"}],"wp:featuredmedia":[{"embeddable":true,"href":"https:\/\/subblim.com\/pt-pt\/wp-json\/wp\/v2\/media\/79583"}],"wp:attachment":[{"href":"https:\/\/subblim.com\/pt-pt\/wp-json\/wp\/v2\/media?parent=81686"}],"wp:term":[{"taxonomy":"product_brand","embeddable":true,"href":"https:\/\/subblim.com\/pt-pt\/wp-json\/wp\/v2\/product_brand?post=81686"},{"taxonomy":"product_cat","embeddable":true,"href":"https:\/\/subblim.com\/pt-pt\/wp-json\/wp\/v2\/product_cat?post=81686"},{"taxonomy":"product_tag","embeddable":true,"href":"https:\/\/subblim.com\/pt-pt\/wp-json\/wp\/v2\/product_tag?post=81686"}],"curies":[{"name":"wp","href":"https:\/\/api.w.org\/{rel}","templated":true}]}}