{"id":81659,"date":"2023-11-10T11:33:46","date_gmt":"2023-11-10T10:33:46","guid":{"rendered":"https:\/\/subblim.com\/funda-con-teclado-bluetooth-keytab-pro-bluetooth-9-6%e2%80%b3-10-8%e2%80%b3-morado\/"},"modified":"2025-06-12T12:19:49","modified_gmt":"2025-06-12T10:19:49","slug":"capa-com-teclado-bluetooth-keytab-pro-bluetooth-9-6%e2%80%b3-10-8%e2%80%b3-roxa","status":"publish","type":"product","link":"https:\/\/subblim.com\/pt-pt\/capa-com-teclado-bluetooth-keytab-pro-bluetooth-9-6%e2%80%b3-10-8%e2%80%b3-roxa\/","title":{"rendered":"Capa com teclado Bluetooth Keytab Pro para tablets de 9,6&#8243; a 10,8&#8243; &#8211; Roxo"},"content":{"rendered":"<p>Esta capa vers\u00e1til e protetora da Subblim possui um teclado remov\u00edvel que permite alternar entre trabalho e lazer com facilidade em qualquer lugar.<\/p>\n<p>Teclado Bluetooth Universal Remov\u00edvel e Capa para Tablets de 9,6 &#8211; 10,1 &#8211; 10,3 &#8211; 10,6 e 10,8&#8243;. O design ultrafino da capa adiciona prote\u00e7\u00e3o m\u00e1xima com volume m\u00ednimo para transportar seu tablet e teclado.<\/p>\n<ul>\n<li>No teclado remov\u00edvel, um mecanismo de mola abaixo de cada tecla garante uma resposta t\u00e1til a cada toque, ajudando voc\u00ea a digitar mais r\u00e1pido e com menos erros do que em uma tela sens\u00edvel ao toque.<\/li>\n<li>\n<p>Encontre o \u00e2ngulo certo no modo paisagem com o suporte ajust\u00e1vel que se personaliza de acordo com suas prefer\u00eancias de visualiza\u00e7\u00e3o.<\/li>\n<li>Todas as fun\u00e7\u00f5es do tablet s\u00e3o acess\u00edveis mesmo com a capa colocada.<\/li>\n<li>Compat\u00edvel com dispositivos Windows, Android, iOS e macOS.<\/li>\n<li>\n<p>Bateria de \u00edons de l\u00edtio de 420 Mha com longa dura\u00e7\u00e3o (30 dias de trabalho).<\/li>\n<li>\n<p>Economia autom\u00e1tica de energia.<\/li>\n<li>\n<p>Fixa\u00e7\u00e3o magn\u00e9tica do teclado no case.<\/li>\n<li>\n<p>Material externo resistente com acabamento em tecido.<\/li>\n<li>\n<p>Interior aveludado para evitar arranh\u00f5es.<\/li>\n<li>\n<p>Acesso a todos os bot\u00f5es e \u00e0 porta de carregamento.<\/li>\n<li>\n<p>Sistema de fechamento com aba magn\u00e9tica.<\/li>\n<li>Transporte seguro.<\/li>\n<\/ul>\n<p>EAN: Capa para tablet Keytab Pro BT preta (SUB-KT2-BT0001) 8436586741075; Capa para tablet Keytab Pro BT cinza (SUB-KT2-BT0002) 8436586741082; Capa para tablet Keytab Pro BT vermelha (SUB-KT2-BT0003) 8436586741099; Capa para tablet Keytab Pro BT roxa (SUB-KT2-BT0004) 8436586741105<\/p>\n","protected":false},"excerpt":{"rendered":"<p>Este teclado Bluetooth remov\u00edvel vem com um estojo de alta qualidade compat\u00edvel com todos os tablets de 9,6 &#8211; 10,1 &#8211; 10,3 &#8211; 10,6 e 10,8&#8243; do mercado. Ele se conecta perfeitamente a qualquer dispositivo com Bluetooth para uma digita\u00e7\u00e3o mais r\u00e1pida e confort\u00e1vel.<\/p>\n","protected":false},"featured_media":78807,"template":"","meta":[],"product_brand":[],"product_cat":[1185],"product_tag":[],"class_list":{"0":"post-81659","1":"product","2":"type-product","3":"status-publish","4":"has-post-thumbnail","6":"product_cat-fundas-con-teclado-bluetooth","8":"first","9":"outofstock","10":"taxable","11":"shipping-taxable","12":"purchasable","13":"product-type-simple"},"_links":{"self":[{"href":"https:\/\/subblim.com\/pt-pt\/wp-json\/wp\/v2\/product\/81659","targetHints":{"allow":["GET"]}}],"collection":[{"href":"https:\/\/subblim.com\/pt-pt\/wp-json\/wp\/v2\/product"}],"about":[{"href":"https:\/\/subblim.com\/pt-pt\/wp-json\/wp\/v2\/types\/product"}],"version-history":[{"count":0,"href":"https:\/\/subblim.com\/pt-pt\/wp-json\/wp\/v2\/product\/81659\/revisions"}],"wp:featuredmedia":[{"embeddable":true,"href":"https:\/\/subblim.com\/pt-pt\/wp-json\/wp\/v2\/media\/78807"}],"wp:attachment":[{"href":"https:\/\/subblim.com\/pt-pt\/wp-json\/wp\/v2\/media?parent=81659"}],"wp:term":[{"taxonomy":"product_brand","embeddable":true,"href":"https:\/\/subblim.com\/pt-pt\/wp-json\/wp\/v2\/product_brand?post=81659"},{"taxonomy":"product_cat","embeddable":true,"href":"https:\/\/subblim.com\/pt-pt\/wp-json\/wp\/v2\/product_cat?post=81659"},{"taxonomy":"product_tag","embeddable":true,"href":"https:\/\/subblim.com\/pt-pt\/wp-json\/wp\/v2\/product_tag?post=81659"}],"curies":[{"name":"wp","href":"https:\/\/api.w.org\/{rel}","templated":true}]}}