{"id":81644,"date":"2023-11-10T11:39:38","date_gmt":"2023-11-10T10:39:38","guid":{"rendered":"https:\/\/subblim.com\/funda-ordenador-13-3%e2%80%b3-a-14%e2%80%b3-elegant-negro\/"},"modified":"2025-06-12T12:19:34","modified_gmt":"2025-06-12T10:19:34","slug":"gabinete-de-computador-13-3%e2%80%b3-a-14%e2%80%b3-elegante-preto","status":"publish","type":"product","link":"https:\/\/subblim.com\/pt-pt\/gabinete-de-computador-13-3%e2%80%b3-a-14%e2%80%b3-elegante-preto\/","title":{"rendered":"Capa elegante para laptop de 13,3&#8243; a 14&#8243; preta"},"content":{"rendered":"<p>Capa para laptop do dia a dia. <br \/>Inspirados nas necessidades de viajantes, empres\u00e1rios, estudantes e outros, criamos a capa SUBBLIM Elegant. Com uma apar\u00eancia atraente e funcional, voc\u00ea poder\u00e1 transportar seu laptop com total confian\u00e7a. Gra\u00e7as \u00e0 sua leveza e espessura fina, \u00e9 ideal para guardar em uma mochila ou mala. <\/p>\n<ul>\n<li>Capa para computadores de at\u00e9 14&#8243;.<\/li>\n<li>\n<p>Ideal para o transporte di\u00e1rio do seu dispositivo.<\/li>\n<li>\n<p>Bolso frontal com z\u00edper e bolsos internos para transportar acess\u00f3rios.<\/li>\n<li>\n<p>Fechamento com z\u00edper duplo para prote\u00e7\u00e3o total.<\/li>\n<li>\n<p>Exterior da capa feito de tecido de poli\u00e9ster 600D, resistente a l\u00edquidos e outros elementos.<\/li>\n<li>\n<p>Interior acolchoado de veludo com enchimento de espuma com prote\u00e7\u00e3o de camada tripla.<\/li>\n<li>\n<p>Al\u00e7a superior retr\u00e1til com acabamento em couro sint\u00e9tico para melhor ader\u00eancia.<\/li>\n<li>\n<p>Abertura lateral para remover o computador e evitar quedas acidentais.<\/li>\n<li>\n<p>Compacto e ideal, oferecendo acesso confort\u00e1vel ao seu computador.<\/li>\n<li>\n<p>Apar\u00eancia leve, fina e elegante.<\/li>\n<\/ul>\n<p>EAN: Capa Elegante 13,3-14&#8243; Preto (SUB-LS-0TS0001) 8436586741525; Estojo elegante 13,3-14&#8243; Rosa (SUB-LS-0TS0002) 8436586741792<\/p>\n","protected":false},"excerpt":{"rendered":"<p> seu dia a dia exige uma capa para laptop que suporte tudo e ofere\u00e7a durabilidade e prote\u00e7\u00e3o. Esta capa \u00e9 sua aliada para transportar seu laptop com facilidade.<\/p>\n","protected":false},"featured_media":78569,"template":"","meta":[],"product_brand":[],"product_cat":[1707,134],"product_tag":[],"class_list":{"0":"post-81644","1":"product","2":"type-product","3":"status-publish","4":"has-post-thumbnail","6":"product_cat-fundas-para-portatiles-de-15-6","7":"product_cat-teclados","9":"first","10":"outofstock","11":"taxable","12":"shipping-taxable","13":"purchasable","14":"product-type-simple"},"_links":{"self":[{"href":"https:\/\/subblim.com\/pt-pt\/wp-json\/wp\/v2\/product\/81644","targetHints":{"allow":["GET"]}}],"collection":[{"href":"https:\/\/subblim.com\/pt-pt\/wp-json\/wp\/v2\/product"}],"about":[{"href":"https:\/\/subblim.com\/pt-pt\/wp-json\/wp\/v2\/types\/product"}],"version-history":[{"count":0,"href":"https:\/\/subblim.com\/pt-pt\/wp-json\/wp\/v2\/product\/81644\/revisions"}],"wp:featuredmedia":[{"embeddable":true,"href":"https:\/\/subblim.com\/pt-pt\/wp-json\/wp\/v2\/media\/78569"}],"wp:attachment":[{"href":"https:\/\/subblim.com\/pt-pt\/wp-json\/wp\/v2\/media?parent=81644"}],"wp:term":[{"taxonomy":"product_brand","embeddable":true,"href":"https:\/\/subblim.com\/pt-pt\/wp-json\/wp\/v2\/product_brand?post=81644"},{"taxonomy":"product_cat","embeddable":true,"href":"https:\/\/subblim.com\/pt-pt\/wp-json\/wp\/v2\/product_cat?post=81644"},{"taxonomy":"product_tag","embeddable":true,"href":"https:\/\/subblim.com\/pt-pt\/wp-json\/wp\/v2\/product_tag?post=81644"}],"curies":[{"name":"wp","href":"https:\/\/api.w.org\/{rel}","templated":true}]}}