{"id":81641,"date":"2023-11-10T11:39:38","date_gmt":"2023-11-10T10:39:38","guid":{"rendered":"https:\/\/subblim.com\/funda-disco-duro-hdd-busines-case-2-5%e2%80%b3-negro\/"},"modified":"2026-03-02T03:55:12","modified_gmt":"2026-03-02T02:55:12","slug":"estojo-para-disco-rigido-hdd-estojo-empresarial-2-5-preto","status":"publish","type":"product","link":"https:\/\/subblim.com\/pt-pt\/estojo-para-disco-rigido-hdd-estojo-empresarial-2-5-preto\/","title":{"rendered":"Gabinete para disco r\u00edgido HDD Business Case 2,5&#8243; Preto"},"content":{"rendered":"<p>Este case para disco r\u00edgido \u00e9 feito de EVA (pl\u00e1stico muito r\u00edgido) com interior de espuma para prote\u00e7\u00e3o ideal contra choques. <br \/>Seu design permite que o case absorva impactos em caso de queda.<\/p>\n<p>No interior, um el\u00e1stico protege seu disco r\u00edgido durante o transporte. Voc\u00ea tamb\u00e9m encontrar\u00e1 um bolso para guardar o cabo de alimenta\u00e7\u00e3o ou um pendrive, por exemplo.<\/p>\n<p>Este case \u00e9 compacto, ent\u00e3o voc\u00ea pode guard\u00e1-lo facilmente em sua bolsa ou gaveta de mesa.<\/p>\n<ul>\n<li>Tamanho compacto para dispositivos de at\u00e9 2,5&#8243;.<\/li>\n<li>\n<p>Exterior r\u00edgido e leve para prote\u00e7\u00e3o completa.<\/li>\n<li>Oferecemos este case em tr\u00eas cores elegantes: preto, cinza e azul. Sinta-se \u00e0 vontade para usar cores diferentes se tiver v\u00e1rios discos r\u00edgidos para proteg\u00ea-los e diferenci\u00e1-los mais rapidamente.<\/li>\n<li>\n<p>Design moderno e elegante.<\/li>\n<li>\n<p>Fecho com aba dupla.<\/li>\n<li>\n<p>Interior macio e acolchoado.<\/li>\n<li>\n<p>Bolso para guardar cabos USB e outros acess\u00f3rios pequenos.<\/li>\n<li>\n<p>Tiras el\u00e1sticas para proteger seu dispositivo.<\/li>\n<\/ul>\n<p>EAN: Gabinete para HDD preto (SUB-HDD-HBC001) 8436586741303; Gabinete para HDD cinza (SUB-HDD-HBC002) 8436586741310; Gabinete para HDD azul (SUB-HDD-HBC003) 8436586741327<\/p>\n","protected":false},"excerpt":{"rendered":"<p> HDD Business Case \u00e9 um case r\u00edgido dedicado \u00e0 prote\u00e7\u00e3o do seu disco r\u00edgido ou power bank. Seu design e materiais s\u00e3o elegantes e modernos. Compat\u00edvel com a maioria dos discos de 2,5&#8243; (dimens\u00f5es internas m\u00e1ximas de 13,5 x 8,4 x 2 cm).<\/p>\n","protected":false},"featured_media":79396,"template":"","meta":[],"product_brand":[],"product_cat":[236],"product_tag":[3232],"class_list":{"0":"post-81641","1":"product","2":"type-product","3":"status-publish","4":"has-post-thumbnail","6":"product_cat-organizadores","7":"product_tag-black-friday","9":"first","10":"instock","11":"taxable","12":"shipping-taxable","13":"purchasable","14":"product-type-simple"},"_links":{"self":[{"href":"https:\/\/subblim.com\/pt-pt\/wp-json\/wp\/v2\/product\/81641","targetHints":{"allow":["GET"]}}],"collection":[{"href":"https:\/\/subblim.com\/pt-pt\/wp-json\/wp\/v2\/product"}],"about":[{"href":"https:\/\/subblim.com\/pt-pt\/wp-json\/wp\/v2\/types\/product"}],"version-history":[{"count":0,"href":"https:\/\/subblim.com\/pt-pt\/wp-json\/wp\/v2\/product\/81641\/revisions"}],"wp:featuredmedia":[{"embeddable":true,"href":"https:\/\/subblim.com\/pt-pt\/wp-json\/wp\/v2\/media\/79396"}],"wp:attachment":[{"href":"https:\/\/subblim.com\/pt-pt\/wp-json\/wp\/v2\/media?parent=81641"}],"wp:term":[{"taxonomy":"product_brand","embeddable":true,"href":"https:\/\/subblim.com\/pt-pt\/wp-json\/wp\/v2\/product_brand?post=81641"},{"taxonomy":"product_cat","embeddable":true,"href":"https:\/\/subblim.com\/pt-pt\/wp-json\/wp\/v2\/product_cat?post=81641"},{"taxonomy":"product_tag","embeddable":true,"href":"https:\/\/subblim.com\/pt-pt\/wp-json\/wp\/v2\/product_tag?post=81641"}],"curies":[{"name":"wp","href":"https:\/\/api.w.org\/{rel}","templated":true}]}}