{"id":81581,"date":"2023-11-10T12:28:47","date_gmt":"2023-11-10T11:28:47","guid":{"rendered":"https:\/\/subblim.com\/funda-universal-para-tablets-clever-stand-tablet-case-9-6%e2%80%b3-11%e2%80%b3-rosa\/"},"modified":"2026-03-02T03:55:13","modified_gmt":"2026-03-02T02:55:13","slug":"capa-universal-para-tablets-clever-stand-capa-para-tablet-9-6%e2%80%b3-11%e2%80%b3-rosa","status":"publish","type":"product","link":"https:\/\/subblim.com\/pt-pt\/capa-universal-para-tablets-clever-stand-capa-para-tablet-9-6%e2%80%b3-11%e2%80%b3-rosa\/","title":{"rendered":"Capa universal para tablets Clever Stand Tablet Case 9,6&#8243; 11&#8243; Rosa"},"content":{"rendered":"<p>O Clever Stand Case da SUBBLIM \u00e9 um case universal para proteger seu Tablet. Seu estilo \u00e9 moderno e elegante, desenvolvido por designers com as prefer\u00eancias do usu\u00e1rio em mente.<br \/> O acabamento externo com toque de tecido e a costura requintada conferem ao produto uma apar\u00eancia de alta qualidade.<\/p>\n<p>O suporte antiderrapante permite que voc\u00ea coloque o Tablet em v\u00e1rios \u00e2ngulos de vis\u00e3o.<br \/> As portas de conex\u00e3o e os bot\u00f5es permanecem acess\u00edveis mesmo quando o Tablet est\u00e1 no estojo, com grandes aberturas em todos os lados.<\/p>\n<ul>\n<li>Projetado para Tablets de at\u00e9 11\u201d.<\/li>\n<li>Leve com acabamento em toque de tecido.<\/li>\n<li>100% acess\u00edvel todos os bot\u00f5es e conectores.<\/li>\n<li>Posi\u00e7\u00e3o de suporte com 3 \u00e2ngulos de vis\u00e3o.<\/li>\n<li>Adapt\u00e1vel a todos os modelos de Tablet gra\u00e7as a um exclusivo sistema de fixa\u00e7\u00e3o de silicone.<\/li>\n<li>N\u00e3o danifica seu tablet. Interior macio e aveludado.<\/li>\n<li>Sistema de fechamento com aba magn\u00e9tica.<\/li>\n<li>Transporte seguro.<\/li>\n<\/ul>\n<p>&nbsp;<\/p>\n<p>EAN: Capa para tablet Cleves Stand preta (SUB-CUT-1CT001) 8436586740795; Capa para tablet Cleves Stand vermelha (SUB-CUT-1CT002) 8436586740801; Capa para tablet Cleves Stand rosa (SUB-CUT-1CT003) 8436586740818; Capa para tablet Cleves Stand roxa (SUB-CUT-1CT004) 8436586740825<\/p>\n","protected":false},"excerpt":{"rendered":"<p>Capa universal para tablets de at\u00e9 11 polegadas, dispon\u00edvel em quatro cores. Pode ser usada como suporte, tem um design elegante e os bot\u00f5es est\u00e3o sempre acess\u00edveis.<\/p>\n","protected":false},"featured_media":77853,"template":"","meta":[],"product_brand":[],"product_cat":[2315],"product_tag":[3235],"class_list":{"0":"post-81581","1":"product","2":"type-product","3":"status-publish","4":"has-post-thumbnail","6":"product_cat-cores-lisas-pt-pt","7":"product_tag-black-friday-pt-pt","9":"first","10":"instock","11":"taxable","12":"shipping-taxable","13":"purchasable","14":"product-type-simple"},"_links":{"self":[{"href":"https:\/\/subblim.com\/pt-pt\/wp-json\/wp\/v2\/product\/81581","targetHints":{"allow":["GET"]}}],"collection":[{"href":"https:\/\/subblim.com\/pt-pt\/wp-json\/wp\/v2\/product"}],"about":[{"href":"https:\/\/subblim.com\/pt-pt\/wp-json\/wp\/v2\/types\/product"}],"version-history":[{"count":0,"href":"https:\/\/subblim.com\/pt-pt\/wp-json\/wp\/v2\/product\/81581\/revisions"}],"wp:featuredmedia":[{"embeddable":true,"href":"https:\/\/subblim.com\/pt-pt\/wp-json\/wp\/v2\/media\/77853"}],"wp:attachment":[{"href":"https:\/\/subblim.com\/pt-pt\/wp-json\/wp\/v2\/media?parent=81581"}],"wp:term":[{"taxonomy":"product_brand","embeddable":true,"href":"https:\/\/subblim.com\/pt-pt\/wp-json\/wp\/v2\/product_brand?post=81581"},{"taxonomy":"product_cat","embeddable":true,"href":"https:\/\/subblim.com\/pt-pt\/wp-json\/wp\/v2\/product_cat?post=81581"},{"taxonomy":"product_tag","embeddable":true,"href":"https:\/\/subblim.com\/pt-pt\/wp-json\/wp\/v2\/product_tag?post=81581"}],"curies":[{"name":"wp","href":"https:\/\/api.w.org\/{rel}","templated":true}]}}