{"id":81575,"date":"2023-11-10T12:28:48","date_gmt":"2023-11-10T11:28:48","guid":{"rendered":"https:\/\/subblim.com\/harmony-pack-alfombrilla-xl-raton-inalambrico-lila-blanco\/"},"modified":"2026-03-02T03:55:13","modified_gmt":"2026-03-02T02:55:13","slug":"mouse-pad-sem-fio-harmony-pack-xl-roxo-e-branco","status":"publish","type":"product","link":"https:\/\/subblim.com\/pt-pt\/mouse-pad-sem-fio-harmony-pack-xl-roxo-e-branco\/","title":{"rendered":"Mouse Pad XL e Pacote de Mouse Sem Fio Harmony Lil\u00e1s\/Branco"},"content":{"rendered":"<div class=\"page\" title=\"Page 1\">\n<div class=\"section\">\n<div class=\"layoutArea\">\n<div class=\"column\">\n<p>Eleve seu espa\u00e7o de trabalho a um novo patamar com o Mouse Pad SUBBLIM Harmony Series. Adicione cor, estilo e conforto, protegendo sua mesa. Este mouse pad macio e largo \u00e9 resistente a respingos e pode ser facilmente limpo com um pano \u00famido.<br \/> Desfrute de um deslizamento sem esfor\u00e7o com este mouse pad de toque suave. Sua trama fina proporciona um movimento silencioso e fluido para o mouse, seja no escrit\u00f3rio ou em casa.<\/p>\n<p>Com uma constru\u00e7\u00e3o dur\u00e1vel, este mouse pad apresenta fibras fortes e macias que resistem a rugas e encolhimento. Suas bordas refor\u00e7adas e base de borracha antiderrapante (cont\u00e9m l\u00e1tex) garantem uma pegada segura.<br \/> Medindo 80 cm x 30 cm, ele \u00e9 largo o suficiente para acomodar seu teclado, mouse e outros dispositivos e acess\u00f3rios SUBBLIM favoritos. Al\u00e9m disso, complemente seu espa\u00e7o de trabalho com o Mouse Sem Fio Subblim Business Plus Silent. Seu design ergon\u00f4mico e plano se adapta \u00e0 m\u00e3o direita ou esquerda. Os bot\u00f5es silenciosos permitem que voc\u00ea se concentre totalmente sem incomodar os outros. O suporte lateral antiderrapante com padr\u00f5es diferenciados oferece uma pegada perfeita para uso intensivo.<\/p>\n<p>&nbsp;<\/p>\n<\/p><\/div>\n<\/p><\/div>\n<\/p><\/div>\n<\/p><\/div>\n<p><strong>PAD<\/strong><\/p>\n<ul>\n<li>Vers\u00e3o extra grande de 800x300x2 mm para um amplo espa\u00e7o constante para mouse e teclado em jogos intensos ou trabalho prolongado.<\/li>\n<li>Projetado para jogadores e profissionais, com uma superf\u00edcie espa\u00e7osa para acess\u00f3rios e desempenho ideal.<\/li>\n<li>Bordas refor\u00e7adas de alta qualidade para durabilidade e uma apar\u00eancia limpa e profissional.<\/li>\n<li>Tecnologia de impress\u00e3o de alta precis\u00e3o para detalhes n\u00edtidos e melhoria est\u00e9tica.<\/li>\n<li>F\u00e1cil de limpar, sem preocupa\u00e7\u00f5es com manuten\u00e7\u00e3o.<\/li>\n<li>Alta elasticidade para maior conforto e precis\u00e3o durante longas sess\u00f5es de uso.<\/li>\n<li>Base antiderrapante para estabilidade e controle absoluto.\n<div class=\"page\" title=\"Page 1\">\n<div class=\"section\">\n<div class=\"layoutArea\">\n<div class=\"column\"><\/div>\n<\/p><\/div>\n<\/p><\/div>\n<\/p><\/div>\n<\/li>\n<\/ul>\n<p>&nbsp;<\/p>\n<p><strong>MOUSE<\/strong><\/p>\n<ul>\n<li>Seu design contornado oferece grande conforto de uso para todos os tipos de m\u00e3os e uso ambidestro.<\/li>\n<li>Conex\u00e3o sem fio via receptor USB: Plug &#038; Play.<\/li>\n<li>Pressionamento silencioso dos bot\u00f5es: Tecnologia Silent Click.<\/li>\n<li>Possui 3 bot\u00f5es de fun\u00e7\u00e3o.<\/li>\n<li>Resolu\u00e7\u00e3o\/Velocidade de at\u00e9 1200 dpi.<\/li>\n<\/ul>\n<p>&nbsp;<\/p>\n","protected":false},"excerpt":{"rendered":"<p> Adicione cor, estilo e conforto enquanto protege sua mesa com um mouse pad XL e complete com um mouse sem fio de 1200 dpi.<\/p>\n","protected":false},"featured_media":79685,"template":"","meta":[],"product_brand":[],"product_cat":[501,503],"product_tag":[],"class_list":{"0":"post-81575","1":"product","2":"type-product","3":"status-publish","4":"has-post-thumbnail","6":"product_cat-alfombrillas-raton","7":"product_cat-alfombrillas-xl","9":"first","10":"instock","11":"sale","12":"taxable","13":"shipping-taxable","14":"purchasable","15":"product-type-simple"},"_links":{"self":[{"href":"https:\/\/subblim.com\/pt-pt\/wp-json\/wp\/v2\/product\/81575","targetHints":{"allow":["GET"]}}],"collection":[{"href":"https:\/\/subblim.com\/pt-pt\/wp-json\/wp\/v2\/product"}],"about":[{"href":"https:\/\/subblim.com\/pt-pt\/wp-json\/wp\/v2\/types\/product"}],"version-history":[{"count":0,"href":"https:\/\/subblim.com\/pt-pt\/wp-json\/wp\/v2\/product\/81575\/revisions"}],"wp:featuredmedia":[{"embeddable":true,"href":"https:\/\/subblim.com\/pt-pt\/wp-json\/wp\/v2\/media\/79685"}],"wp:attachment":[{"href":"https:\/\/subblim.com\/pt-pt\/wp-json\/wp\/v2\/media?parent=81575"}],"wp:term":[{"taxonomy":"product_brand","embeddable":true,"href":"https:\/\/subblim.com\/pt-pt\/wp-json\/wp\/v2\/product_brand?post=81575"},{"taxonomy":"product_cat","embeddable":true,"href":"https:\/\/subblim.com\/pt-pt\/wp-json\/wp\/v2\/product_cat?post=81575"},{"taxonomy":"product_tag","embeddable":true,"href":"https:\/\/subblim.com\/pt-pt\/wp-json\/wp\/v2\/product_tag?post=81575"}],"curies":[{"name":"wp","href":"https:\/\/api.w.org\/{rel}","templated":true}]}}