{"id":81545,"date":"2023-11-10T12:39:42","date_gmt":"2023-11-10T11:39:42","guid":{"rendered":"https:\/\/subblim.com\/mochila-para-portatil-city-15-6%e2%80%b3-azul\/"},"modified":"2026-02-01T02:15:04","modified_gmt":"2026-02-01T01:15:04","slug":"cidade-laptop-mochila-15-6-azul","status":"publish","type":"product","link":"https:\/\/subblim.com\/pt-pt\/cidade-laptop-mochila-15-6-azul\/","title":{"rendered":"Mochila City Laptop 15,6&#8243; Azul"},"content":{"rendered":"<p>O conforto no transporte \u00e9 garantido gra\u00e7as \u00e0s al\u00e7as que distribuem o peso uniformemente pelas costas, al\u00e9m da al\u00e7a acolchoada. Com um design moderno e funcional, \u00e9 feita com materiais dur\u00e1veis e imperme\u00e1veis. Possui uma porta de carregamento USB externa para que voc\u00ea possa carregar seus dispositivos.<\/p>\n<ul>\n<li>Mochila estilosa para laptops de at\u00e9 15,6\u201d.<\/li>\n<li>\n<p>Amplo compartimento com espa\u00e7o acolchoado exclusivo para o laptop e outros itens, como livros, carregador, etc.<\/p>\n<\/li>\n<li>\n<p>Dois bolsos frontais com z\u00edper para acess\u00f3rios e documentos.<\/p>\n<\/li>\n<li>\n<p>Bolso no lado esquerdo.<\/p>\n<\/li>\n<li>\n<p>Al\u00e7as de ombro ergon\u00f4micas, acolchoadas e ajust\u00e1veis com al\u00e7a ajust\u00e1vel.<\/p>\n<\/li>\n<li>\n<p>Al\u00e7a superior acolchoada para transporte confort\u00e1vel.<\/p>\n<\/li>\n<li>\n<p>Parte traseira refor\u00e7ada para maior conforto.<\/p>\n<\/li>\n<li>\n<p>Sistema de z\u00edper duplo no compartimento principal.<\/p>\n<\/li>\n<li>\n<p>Sistema de al\u00e7a integrado para Trolley.<\/p>\n<\/li>\n<li>\n<p>Porta USB para carregamento dispositivos.<\/p>\n<\/li>\n<\/ul>\n<p>&nbsp;<\/p>\n<p>EAN: Mochila City Cinza (SUB-BP-2BL2000) 8436586741570; Mochila City Azul (SUB-BP-2BL2001) 8436586741587; Mochila City Preta (SUB-BP-2BL2002) 8436586741761<\/p>\n","protected":false},"excerpt":{"rendered":"<p> mochila para laptop Subblim City Backpack de 15,6&#8243; \u00e9 essencial para todas as suas viagens e deslocamentos. Ela facilita o transporte do seu laptop com seguran\u00e7a, gra\u00e7as ao seu compartimento acolchoado exclusivo e aos v\u00e1rios bolsos para seus acess\u00f3rios e documentos mais usados.<\/p>\n","protected":false},"featured_media":77289,"template":"","meta":[],"product_brand":[],"product_cat":[1700],"product_tag":[3232],"class_list":{"0":"post-81545","1":"product","2":"type-product","3":"status-publish","4":"has-post-thumbnail","6":"product_cat-mochilas-para-portatiles-de-a-15-6","7":"product_tag-black-friday","9":"first","10":"instock","11":"taxable","12":"shipping-taxable","13":"purchasable","14":"product-type-simple"},"_links":{"self":[{"href":"https:\/\/subblim.com\/pt-pt\/wp-json\/wp\/v2\/product\/81545","targetHints":{"allow":["GET"]}}],"collection":[{"href":"https:\/\/subblim.com\/pt-pt\/wp-json\/wp\/v2\/product"}],"about":[{"href":"https:\/\/subblim.com\/pt-pt\/wp-json\/wp\/v2\/types\/product"}],"version-history":[{"count":0,"href":"https:\/\/subblim.com\/pt-pt\/wp-json\/wp\/v2\/product\/81545\/revisions"}],"wp:featuredmedia":[{"embeddable":true,"href":"https:\/\/subblim.com\/pt-pt\/wp-json\/wp\/v2\/media\/77289"}],"wp:attachment":[{"href":"https:\/\/subblim.com\/pt-pt\/wp-json\/wp\/v2\/media?parent=81545"}],"wp:term":[{"taxonomy":"product_brand","embeddable":true,"href":"https:\/\/subblim.com\/pt-pt\/wp-json\/wp\/v2\/product_brand?post=81545"},{"taxonomy":"product_cat","embeddable":true,"href":"https:\/\/subblim.com\/pt-pt\/wp-json\/wp\/v2\/product_cat?post=81545"},{"taxonomy":"product_tag","embeddable":true,"href":"https:\/\/subblim.com\/pt-pt\/wp-json\/wp\/v2\/product_tag?post=81545"}],"curies":[{"name":"wp","href":"https:\/\/api.w.org\/{rel}","templated":true}]}}