{"id":81542,"date":"2023-11-10T12:39:42","date_gmt":"2023-11-10T11:39:42","guid":{"rendered":"https:\/\/subblim.com\/maletin-pequeno-oxford-11%e2%80%b3-12-5%e2%80%b3-negro\/"},"modified":"2026-02-01T02:15:06","modified_gmt":"2026-02-01T01:15:06","slug":"maleta-pequena-oxford-11%e2%80%b3-12-5%e2%80%b3-preta","status":"publish","type":"product","link":"https:\/\/subblim.com\/pt-pt\/maleta-pequena-oxford-11%e2%80%b3-12-5%e2%80%b3-preta\/","title":{"rendered":"Maleta Oxford Pequena 11&#8243; 12,5&#8243; Preta"},"content":{"rendered":"<p>A pasta Oxford combina prote\u00e7\u00e3o, praticidade e pre\u00e7o acess\u00edvel. Ela oferece ampla capacidade de armazenamento. Com acesso superior conveniente, um compartimento acolchoado para laptop e capacidade de armazenamento otimizada.<\/p>\n<ul>\n<li>Prote\u00e7\u00e3o di\u00e1ria para laptops de 11&#8243; a 12,5&#8243;.<\/li>\n<li>Seu laptop ou tablet permanecer\u00e1 protegido em um compartimento acolchoado e suspenso, enquanto voc\u00ea ter\u00e1 um espa\u00e7o de armazenamento fino para seus outros pertences.<\/li>\n<li>Al\u00e7as de ombro ajust\u00e1veis e remov\u00edveis e al\u00e7as superiores.<\/li>\n<li>Ideal para viagens de neg\u00f3cios e deslocamento di\u00e1rio.<\/li>\n<li>\n<p>Feita de poli\u00e9ster dur\u00e1vel.<\/p>\n<p>Interior acolchoado e refor\u00e7ado.<\/p>\n<\/li>\n<li>Dois compartimentos separados no interior.<\/li>\n<li>\n<p>Bolso externo de grande capacidade para documentos, canetas, acess\u00f3rios&#8230;<\/p>\n<\/li>\n<li>\n<p>Al\u00e7a de ombro.<\/p>\n<\/li>\n<li>\n<p>Al\u00e7as e fivelas resistentes para transporte seguro.<\/p>\n<\/li>\n<\/ul>\n<p>EAN: Pasta Oxford 11-12,5&#8243; Preto (SUB-LB-1OLB001) 8436586741211; Pasta Oxford 11-12,5&#8243; Cinza (SUB-LB-1OLB002) 8436586741228<\/p>\n","protected":false},"excerpt":{"rendered":"<p>Para profissionais modernos e lan\u00e7adores de tend\u00eancias m\u00f3veis, a linha de pastas Oxford combina prote\u00e7\u00e3o, conforto e pre\u00e7o acess\u00edvel. Este modelo mini para dispositivos de 11&#8243; a 12,5&#8243; tamb\u00e9m oferece espa\u00e7o para documentos e acess\u00f3rios.<\/p>\n","protected":false},"featured_media":77368,"template":"","meta":[],"product_brand":[],"product_cat":[1702],"product_tag":[3232],"class_list":{"0":"post-81542","1":"product","2":"type-product","3":"status-publish","4":"has-post-thumbnail","6":"product_cat-maletines-para-portatiles-de-11-a-12-5","7":"product_tag-black-friday","9":"first","10":"instock","11":"taxable","12":"shipping-taxable","13":"purchasable","14":"product-type-simple"},"_links":{"self":[{"href":"https:\/\/subblim.com\/pt-pt\/wp-json\/wp\/v2\/product\/81542","targetHints":{"allow":["GET"]}}],"collection":[{"href":"https:\/\/subblim.com\/pt-pt\/wp-json\/wp\/v2\/product"}],"about":[{"href":"https:\/\/subblim.com\/pt-pt\/wp-json\/wp\/v2\/types\/product"}],"version-history":[{"count":0,"href":"https:\/\/subblim.com\/pt-pt\/wp-json\/wp\/v2\/product\/81542\/revisions"}],"wp:featuredmedia":[{"embeddable":true,"href":"https:\/\/subblim.com\/pt-pt\/wp-json\/wp\/v2\/media\/77368"}],"wp:attachment":[{"href":"https:\/\/subblim.com\/pt-pt\/wp-json\/wp\/v2\/media?parent=81542"}],"wp:term":[{"taxonomy":"product_brand","embeddable":true,"href":"https:\/\/subblim.com\/pt-pt\/wp-json\/wp\/v2\/product_brand?post=81542"},{"taxonomy":"product_cat","embeddable":true,"href":"https:\/\/subblim.com\/pt-pt\/wp-json\/wp\/v2\/product_cat?post=81542"},{"taxonomy":"product_tag","embeddable":true,"href":"https:\/\/subblim.com\/pt-pt\/wp-json\/wp\/v2\/product_tag?post=81542"}],"curies":[{"name":"wp","href":"https:\/\/api.w.org\/{rel}","templated":true}]}}