{"id":81521,"date":"2023-11-10T12:39:44","date_gmt":"2023-11-10T11:39:44","guid":{"rendered":"https:\/\/subblim.com\/pure-extended-teclado-extendido-inalambrico-bluetooth-gris-negro\/"},"modified":"2025-06-12T12:18:08","modified_gmt":"2025-06-12T10:18:08","slug":"teclado-bluetooth-sem-fio-pure-extended-cinza-preto","status":"publish","type":"product","link":"https:\/\/subblim.com\/pt-pt\/teclado-bluetooth-sem-fio-pure-extended-cinza-preto\/","title":{"rendered":"Teclado Bluetooth sem fio Pure Extended Cinza\/Preto"},"content":{"rendered":"<ul>\n<li>Teclado com design elegante.<\/li>\n<li>Bluetooth multidispositivo.<\/li>\n<li>Incorpora um teclado num\u00e9rico.<\/li>\n<li>Todas as teclas que voc\u00ea precisa em um formato estendido, ideal para criar desktops minimalistas ou pequenos espa\u00e7os de trabalho. Com a se\u00e7\u00e3o num\u00e9rica integrada, voc\u00ea pode inserir dados, aumentando sua produtividade.<\/li>\n<li>Teclado ultrafino completo com conectividade Bluetooth 5.1 de \u00faltima gera\u00e7\u00e3o.<\/li>\n<li>Design ideal para espa\u00e7os pequenos sem perda de produtividade gra\u00e7as ao teclado num\u00e9rico integrado.<\/li>\n<li>Compat\u00edvel com Android, iOS, MAC OS e Windows.<\/li>\n<li>Multidispositivo. Tablet, Smartphone, Laptop, Consoles ou TV com conex\u00e3o Bluetooth.<br \/> Conecte at\u00e9 3 dispositivos Bluetooth facilmente.<\/li>\n<li>Teclado espanhol com 110 teclas Chiclet de alta precis\u00e3o.<\/li>\n<li>Funcionamento por bateria (recomendamos o uso de pilhas alcalinas).<\/li>\n<li>Economia de energia. A vers\u00e3o 5.0 ou superior do Bluetooth proporciona menor consumo de energia. Ap\u00f3s alguns minutos de inatividade, o teclado entrar\u00e1 automaticamente no modo de hiberna\u00e7\u00e3o. Basta pressionar qualquer tecla ou bot\u00e3o e aguardar de 2 a 3 segundos para que ele seja ativado automaticamente.<\/li>\n<\/ul>\n<p>&nbsp;<\/p>\n<p>EAN: Teclado Pure Extended Silver (SUBKB-2PUE200) 8436586740030; Teclado Pure Extended Grey (SUBKB-2PUE201) 8436586740047<\/p>\n","protected":false},"excerpt":{"rendered":"<p>Teclado Bluetooth de \u00faltima gera\u00e7\u00e3o que ajudar\u00e1 voc\u00ea a criar um espa\u00e7o minimalista, moderno e tranquilo. Compat\u00edvel com at\u00e9 tr\u00eas dispositivos, permitindo que voc\u00ea trabalhe alternadamente no celular, tablet e computador, e com teclado num\u00e9rico para aumentar sua produtividade.<\/p>\n","protected":false},"featured_media":77543,"template":"","meta":[],"product_brand":[],"product_cat":[1661,134],"product_tag":[],"class_list":{"0":"post-81521","1":"product","2":"type-product","3":"status-publish","4":"has-post-thumbnail","6":"product_cat-teclados-bluetooth","7":"product_cat-teclados","9":"first","10":"outofstock","11":"taxable","12":"shipping-taxable","13":"purchasable","14":"product-type-simple"},"_links":{"self":[{"href":"https:\/\/subblim.com\/pt-pt\/wp-json\/wp\/v2\/product\/81521","targetHints":{"allow":["GET"]}}],"collection":[{"href":"https:\/\/subblim.com\/pt-pt\/wp-json\/wp\/v2\/product"}],"about":[{"href":"https:\/\/subblim.com\/pt-pt\/wp-json\/wp\/v2\/types\/product"}],"version-history":[{"count":0,"href":"https:\/\/subblim.com\/pt-pt\/wp-json\/wp\/v2\/product\/81521\/revisions"}],"wp:featuredmedia":[{"embeddable":true,"href":"https:\/\/subblim.com\/pt-pt\/wp-json\/wp\/v2\/media\/77543"}],"wp:attachment":[{"href":"https:\/\/subblim.com\/pt-pt\/wp-json\/wp\/v2\/media?parent=81521"}],"wp:term":[{"taxonomy":"product_brand","embeddable":true,"href":"https:\/\/subblim.com\/pt-pt\/wp-json\/wp\/v2\/product_brand?post=81521"},{"taxonomy":"product_cat","embeddable":true,"href":"https:\/\/subblim.com\/pt-pt\/wp-json\/wp\/v2\/product_cat?post=81521"},{"taxonomy":"product_tag","embeddable":true,"href":"https:\/\/subblim.com\/pt-pt\/wp-json\/wp\/v2\/product_tag?post=81521"}],"curies":[{"name":"wp","href":"https:\/\/api.w.org\/{rel}","templated":true}]}}