{"id":81515,"date":"2023-11-10T12:58:56","date_gmt":"2023-11-10T11:58:56","guid":{"rendered":"https:\/\/subblim.com\/raton-business-plus-silencioso-inalambrico-2-4g-negro\/"},"modified":"2025-06-12T12:18:08","modified_gmt":"2025-06-12T10:18:08","slug":"mouse-sem-fio-business-plus-silent-2-4g-preto","status":"publish","type":"product","link":"https:\/\/subblim.com\/pt-pt\/mouse-sem-fio-business-plus-silent-2-4g-preto\/","title":{"rendered":"Mouse sem fio silencioso Business Plus 2.4G preto"},"content":{"rendered":"<p>O mouse sem fio silencioso SUBBLIM Business Plus oferece o m\u00e1ximo conforto ao usu\u00e1rio gra\u00e7as ao seu formato plano e ergon\u00f4mico que se adapta a qualquer tamanho de m\u00e3o, seja destra ou esquerda. <br \/> Os bot\u00f5es silenciosos permitem que voc\u00ea alcance a m\u00e1xima concentra\u00e7\u00e3o no seu local de trabalho sem incomodar quem est\u00e1 ao seu redor. <br \/> O suporte lateral antiderrapante com padr\u00f5es diferenciados oferece uma pegada perfeita para uso intensivo. Seu design contornado oferece grande conforto ao usu\u00e1rio para todos os tipos de m\u00e3os.<\/p>\n<ul>\n<li>Ergon\u00f4mico e plano para uso ambidestro.<\/li>\n<li>Conex\u00e3o sem fio via receptor USB: Plug &#038; Play.<\/li>\n<li>Pressionamento silencioso dos bot\u00f5es: Tecnologia Silent Click.<\/li>\n<li>Possui 3 bot\u00f5es de fun\u00e7\u00e3o.<\/li>\n<li>Resolu\u00e7\u00e3o\/Velocidade de at\u00e9 1200 dpi.<\/li>\n<li>Alcance sem fio de at\u00e9 10 metros.<\/li>\n<li>Roda de rolagem antiderrapante.<\/li>\n<li>Operado por duas pilhas AAA.<\/li>\n<\/ul>\n<p>EAN: Mouse empresarial sem fio branco (SUBMO-B2SW011) 8436586742539; Mouse empresarial sem fio preto (SUBMO-B2SW010) 8436586742409<\/p>\n","protected":false},"excerpt":{"rendered":"<p>Silencioso, confort\u00e1vel, adapt\u00e1vel a qualquer tamanho de m\u00e3o, pegada perfeita. Ideal para uso cont\u00ednuo no escrit\u00f3rio.<\/p>\n","protected":false},"featured_media":79184,"template":"","meta":[],"product_brand":[],"product_cat":[429,130,427],"product_tag":[],"class_list":{"0":"post-81515","1":"product","2":"type-product","3":"status-publish","4":"has-post-thumbnail","6":"product_cat-receptor-usb","7":"product_cat-ratones","8":"product_cat-conexion-dual","10":"first","11":"instock","12":"taxable","13":"shipping-taxable","14":"purchasable","15":"product-type-simple"},"_links":{"self":[{"href":"https:\/\/subblim.com\/pt-pt\/wp-json\/wp\/v2\/product\/81515","targetHints":{"allow":["GET"]}}],"collection":[{"href":"https:\/\/subblim.com\/pt-pt\/wp-json\/wp\/v2\/product"}],"about":[{"href":"https:\/\/subblim.com\/pt-pt\/wp-json\/wp\/v2\/types\/product"}],"version-history":[{"count":0,"href":"https:\/\/subblim.com\/pt-pt\/wp-json\/wp\/v2\/product\/81515\/revisions"}],"wp:featuredmedia":[{"embeddable":true,"href":"https:\/\/subblim.com\/pt-pt\/wp-json\/wp\/v2\/media\/79184"}],"wp:attachment":[{"href":"https:\/\/subblim.com\/pt-pt\/wp-json\/wp\/v2\/media?parent=81515"}],"wp:term":[{"taxonomy":"product_brand","embeddable":true,"href":"https:\/\/subblim.com\/pt-pt\/wp-json\/wp\/v2\/product_brand?post=81515"},{"taxonomy":"product_cat","embeddable":true,"href":"https:\/\/subblim.com\/pt-pt\/wp-json\/wp\/v2\/product_cat?post=81515"},{"taxonomy":"product_tag","embeddable":true,"href":"https:\/\/subblim.com\/pt-pt\/wp-json\/wp\/v2\/product_tag?post=81515"}],"curies":[{"name":"wp","href":"https:\/\/api.w.org\/{rel}","templated":true}]}}