{"id":81509,"date":"2023-11-10T12:58:57","date_gmt":"2023-11-10T11:58:57","guid":{"rendered":"https:\/\/subblim.com\/raton-business-silencioso-con-cable-usb-1200-dpi-negro\/"},"modified":"2026-03-27T14:47:24","modified_gmt":"2026-03-27T13:47:24","slug":"mouse-usb-com-fio-silencioso-1200-dpi-preto","status":"publish","type":"product","link":"https:\/\/subblim.com\/pt-pt\/mouse-usb-com-fio-silencioso-1200-dpi-preto\/","title":{"rendered":"Mouse empresarial silencioso com cabo USB 1200 DPI preto"},"content":{"rendered":"<ul>\n<li>Conex\u00e3o do cabo USB: Plug &#038; Play.<\/li>\n<li>Comprimento do cabo: 150 cm.<\/li>\n<li>Design ambidestro ultrafino e ergon\u00f4mico.<\/li>\n<li>3 bot\u00f5es de fun\u00e7\u00e3o.<\/li>\n<li>Pressionamento silencioso dos bot\u00f5es: Tecnologia Silent Click.<\/li>\n<li>Acabamento em preto fosco ou branco fosco.<\/li>\n<li>Resolu\u00e7\u00e3o de 1200 dpi.<\/li>\n<li>Roda de rolagem de silicone antiderrapante.<\/li>\n<li>Compatibilidade com Windows, MacOS, etc.<\/li>\n<\/ul>\n<p>&nbsp;<\/p>\n<p>EAN: Mouse empresarial com fio branco (SUBMO-B2BS002) 8436586742522; Mouse empresarial com fio preto (SUBMO-B2BS001) 8436586742393<\/p>\n","protected":false},"excerpt":{"rendered":"<p>\u00c9 o nosso mouse para todos os terrenos, mas com um design minimalista. Este mouse USB com fio pode ser levado para qualquer lugar e ocupa pouco espa\u00e7o. Seu formato ergon\u00f4mico se encaixa perfeitamente na sua m\u00e3o para um trabalho di\u00e1rio confort\u00e1vel. Ele nunca vai te decepcionar, pois seu cabo USB permite conex\u00e3o instant\u00e2nea.<\/p>\n","protected":false},"featured_media":79198,"template":"","meta":[],"product_brand":[],"product_cat":[130,439],"product_tag":[],"class_list":{"0":"post-81509","1":"product","2":"type-product","3":"status-publish","4":"has-post-thumbnail","6":"product_cat-ratones","7":"product_cat-con-cable-usb","8":"product_shipping_class-1-2-en","10":"first","11":"instock","12":"taxable","13":"shipping-taxable","14":"purchasable","15":"product-type-simple"},"_links":{"self":[{"href":"https:\/\/subblim.com\/pt-pt\/wp-json\/wp\/v2\/product\/81509","targetHints":{"allow":["GET"]}}],"collection":[{"href":"https:\/\/subblim.com\/pt-pt\/wp-json\/wp\/v2\/product"}],"about":[{"href":"https:\/\/subblim.com\/pt-pt\/wp-json\/wp\/v2\/types\/product"}],"version-history":[{"count":0,"href":"https:\/\/subblim.com\/pt-pt\/wp-json\/wp\/v2\/product\/81509\/revisions"}],"wp:featuredmedia":[{"embeddable":true,"href":"https:\/\/subblim.com\/pt-pt\/wp-json\/wp\/v2\/media\/79198"}],"wp:attachment":[{"href":"https:\/\/subblim.com\/pt-pt\/wp-json\/wp\/v2\/media?parent=81509"}],"wp:term":[{"taxonomy":"product_brand","embeddable":true,"href":"https:\/\/subblim.com\/pt-pt\/wp-json\/wp\/v2\/product_brand?post=81509"},{"taxonomy":"product_cat","embeddable":true,"href":"https:\/\/subblim.com\/pt-pt\/wp-json\/wp\/v2\/product_cat?post=81509"},{"taxonomy":"product_tag","embeddable":true,"href":"https:\/\/subblim.com\/pt-pt\/wp-json\/wp\/v2\/product_tag?post=81509"}],"curies":[{"name":"wp","href":"https:\/\/api.w.org\/{rel}","templated":true}]}}