{"id":81500,"date":"2023-11-10T12:58:58","date_gmt":"2023-11-10T11:58:58","guid":{"rendered":"https:\/\/subblim.com\/raton-inalambrico-led-dual-flat-mouse-negro\/"},"modified":"2026-03-02T03:55:14","modified_gmt":"2026-03-02T02:55:14","slug":"mouse-sem-fio-com-led-duplo-e-mouse-plano-preto","status":"publish","type":"product","link":"https:\/\/subblim.com\/pt-pt\/mouse-sem-fio-com-led-duplo-e-mouse-plano-preto\/","title":{"rendered":"Mouse sem fio LED Dual Flat Mouse preto"},"content":{"rendered":"<ul>\n<li>O mouse Dual Flat Led \u00e9 duplo, permitindo que seja conectado a dois dispositivos usando a conex\u00e3o Bluetooth ou o receptor USB.<\/li>\n<li>Inclui a tecnologia Silent Click para torn\u00e1-lo silencioso e \u00fatil em ambientes com outras pessoas.<\/li>\n<li>Al\u00e9m disso, inclui ilumina\u00e7\u00e3o LED em 7 cores que mudar\u00e3o aleatoriamente durante o uso para tornar a experi\u00eancia imersiva.<\/li>\n<li>A bateria \u00e9 integrada e de longa dura\u00e7\u00e3o para interferir o m\u00ednimo poss\u00edvel no seu ritmo de trabalho.<\/li>\n<li>Acabamento elegante em preto ou branco com efeito perolado.<\/li>\n<li>Ilumina\u00e7\u00e3o LED de 7 cores no modo respira\u00e7\u00e3o. O detalhe leve do mouse Led Dual Flat \u00e9 ideal para completar o design da sua mesa ou escrit\u00f3rio ou at\u00e9 mesmo para lev\u00e1-lo para qualquer lugar e adicionar um toque de cor.<\/li>\n<li>Conectividade de radiofrequ\u00eancia com receptor USB e Bluetooth 5.1.<\/li>\n<li>Duas conex\u00f5es em um \u00fanico mouse.<\/li>\n<li>Compat\u00edvel com sistemas Android, iOS, Mac OS, Windows.<\/li>\n<li>Design ultrafino e ergon\u00f4mico.\n<p>Clique silencioso. O mouse Led Dual Flat \u00e9 silencioso para que voc\u00ea possa lev\u00e1-lo para qualquer lugar, do seu trabalho, um centro de estudos, sua casa. A tecnologia Silent Click resolve o clique repetitivo do mouse que pode nos distrair, os bot\u00f5es do mouse s\u00e3o silenciosos.<\/li>\n<li>Roda de rolagem de metal antiderrapante.<\/li>\n<li>Bateria recarreg\u00e1vel de 500 mAH (cabo USB inclu\u00eddo).<\/li>\n<li>Economia de energia. Ap\u00f3s um per\u00edodo de inatividade, o mouse entrar\u00e1 automaticamente no modo de espera para economizar bateria, para que voc\u00ea n\u00e3o precise se preocupar em lig\u00e1-lo ou deslig\u00e1-lo toda vez que us\u00e1-lo. Para ativ\u00e1-lo, pressione qualquer tecla e volte ao trabalho.<\/li>\n<li>800 dpi, 1200 dpi e at\u00e9 1600 dpi para m\u00e1xima precis\u00e3o.<\/li>\n<li>Precis\u00e3o m\u00e1xima. Use-o em diversas superf\u00edcies com alto desempenho e excelentes resultados, adaptando a precis\u00e3o para funcionar da maneira que voc\u00ea preferir.<\/li>\n<li>Possui 4 bot\u00f5es.<\/li>\n<li>Ambidestro.<\/li>\n<\/ul>\n<p>&nbsp;<\/p>\n","protected":false},"excerpt":{"rendered":"<p>Este mouse \u00e9 um dos mais completos do mercado. Dual-mode, com ilumina\u00e7\u00e3o de 7 cores, silencioso e com bateria interna de longa dura\u00e7\u00e3o para minimizar a interfer\u00eancia no seu trabalho.<\/p>\n","protected":false},"featured_media":77148,"template":"","meta":[],"product_brand":[],"product_cat":[130,427],"product_tag":[],"class_list":{"0":"post-81500","1":"product","2":"type-product","3":"status-publish","4":"has-post-thumbnail","6":"product_cat-ratones","7":"product_cat-conexion-dual","9":"first","10":"instock","11":"taxable","12":"shipping-taxable","13":"purchasable","14":"product-type-simple"},"_links":{"self":[{"href":"https:\/\/subblim.com\/pt-pt\/wp-json\/wp\/v2\/product\/81500","targetHints":{"allow":["GET"]}}],"collection":[{"href":"https:\/\/subblim.com\/pt-pt\/wp-json\/wp\/v2\/product"}],"about":[{"href":"https:\/\/subblim.com\/pt-pt\/wp-json\/wp\/v2\/types\/product"}],"version-history":[{"count":0,"href":"https:\/\/subblim.com\/pt-pt\/wp-json\/wp\/v2\/product\/81500\/revisions"}],"wp:featuredmedia":[{"embeddable":true,"href":"https:\/\/subblim.com\/pt-pt\/wp-json\/wp\/v2\/media\/77148"}],"wp:attachment":[{"href":"https:\/\/subblim.com\/pt-pt\/wp-json\/wp\/v2\/media?parent=81500"}],"wp:term":[{"taxonomy":"product_brand","embeddable":true,"href":"https:\/\/subblim.com\/pt-pt\/wp-json\/wp\/v2\/product_brand?post=81500"},{"taxonomy":"product_cat","embeddable":true,"href":"https:\/\/subblim.com\/pt-pt\/wp-json\/wp\/v2\/product_cat?post=81500"},{"taxonomy":"product_tag","embeddable":true,"href":"https:\/\/subblim.com\/pt-pt\/wp-json\/wp\/v2\/product_tag?post=81500"}],"curies":[{"name":"wp","href":"https:\/\/api.w.org\/{rel}","templated":true}]}}